{"id":51511,"date":"2021-06-10T20:51:12","date_gmt":"2021-06-10T20:51:12","guid":{"rendered":"https:\/\/preprod.alongavecanna.com\/product\/louison-embroidery\/"},"modified":"2023-02-12T14:49:11","modified_gmt":"2023-02-12T14:49:11","slug":"louison-embroidery","status":"publish","type":"product","link":"https:\/\/www.alongavecanna.com\/fr\/produit\/louison-embroidery\/","title":{"rendered":"Louison (Broderie)"},"content":{"rendered":"<p class=\"_04xlpA direction-ltr align-center para-style-body\" style=\"text-align: justify;\">\n            <strong><br \/>\n              <span class=\"JsGRdQ\">DESCRIPTION<\/span><br \/>\n            <\/strong>\n          <\/p>\n<p class=\"_04xlpA direction-ltr align-center para-style-body\" style=\"text-align: justify;\"><b>Mat\u00e9riel<br \/>\n<\/b> Tissu ou support en laine (bandeau, pull, gilet\u2026)<br \/>\n<span class=\"JsGRdQ\">Solufix pour reporter le dessin <\/span><span class=\"JsGRdQ\">ou tout autre support soluble dans l\u2019eau<br \/>\n <\/span><span class=\"JsGRdQ\">Crayon effa\u00e7able type stylo Frixion<br \/>\n <\/span><span class=\"JsGRdQ\">Aiguille \u00e0 laine<br \/>\n <\/span><span class=\"JsGRdQ\">Ciseaux <\/span><\/p>\n<p style=\"text-align: justify;\"><strong>Fils<br \/>\n<\/strong><span class=\"JsGRdQ\">Plusieurs restes de laines de type \u00e9paisseur Fingering<br \/>\n<\/span><span class=\"JsGRdQ\">N\u2019h\u00e9sitez pas \u00e0 jouer avec les couleurs de votre choix !<\/span><\/p>\n<p class=\"_04xlpA direction-ltr align-center para-style-body\" style=\"text-align: justify;\"><span class=\"JsGRdQ\">Laines utilis\u00e9es <\/span><span class=\"JsGRdQ\">: restes de Merino &#8211; Fingering<\/span><\/p>\n","protected":false},"excerpt":{"rendered":"<p class=\"_04xlpA direction-ltr align-justify para-style-body\" style=\"text-align: justify;\">\n            <strong><br \/>\n              <span class=\"JsGRdQ\">Louison (Broderie)<\/span><br \/>\n            <\/strong><br \/>\n            <span class=\"JsGRdQ\"> La broderie Louison est un joli patron de dessin fleuri, \u00e0 broder sur vos tricots. Il comprend trois tailles de cols, qui permettent de le broder sur un patron femme, enfant ou b\u00e9b\u00e9.<\/span>\n          <\/p>\n<p class=\"_04xlpA direction-ltr align-justify para-style-body\" style=\"text-align: justify;\">\n            <span class=\"JsGRdQ\">Les dessins \u00e0 imprimer sont en taille r\u00e9elle. Les broderies peuvent \u00eatre plac\u00e9s sous l\u2019encolure, mais aussi dans le bas d\u2019un pull ou d\u2019un gilet.<\/span>\n          <\/p>\n<p class=\"_04xlpA direction-ltr align-justify para-style-body\" style=\"text-align: justify;\">\n            <span class=\"JsGRdQ\">Il vous est possible de faire des mix entre les diff\u00e9rents cols, pour cr\u00e9er votre combinaison parfaite pour votre projet.<\/span>\n          <\/p>\n<p class=\"_04xlpA direction-ltr align-justify para-style-body\" style=\"text-align: justify;\">\n            <span class=\"JsGRdQ\">Ce patron a \u00e9t\u00e9 cr\u00e9e <strong>en collaboration avec Virginie de @by_joviana<\/strong>, sp\u00e9cialement pour le pull Louison (Little) et Louison (Lady). Cependant, libre \u00e0 vous de placer cette broderie o\u00f9 vous le d\u00e9sirez!<\/span>\n          <\/p>\n","protected":false},"featured_media":50666,"comment_status":"closed","ping_status":"closed","template":"","meta":[],"product_brand":[],"product_cat":[378,608,471],"product_tag":[],"class_list":{"0":"post-51511","1":"product","2":"type-product","3":"status-publish","4":"has-post-thumbnail","6":"product_cat-boutique","7":"product_cat-crochet-et-broderie","8":"product_cat-patrons-de-broderie","10":"first","11":"instock","12":"downloadable","13":"virtual","14":"taxable","15":"purchasable","16":"product-type-simple"},"yoast_head":"<!-- This site is optimized with the Yoast SEO plugin v27.4 - https:\/\/yoast.com\/product\/yoast-seo-wordpress\/ -->\n<title>Louison (Broderie) - Along Avec Anna<\/title>\n<meta name=\"robots\" content=\"index, follow, max-snippet:-1, max-image-preview:large, max-video-preview:-1\" \/>\n<link rel=\"canonical\" href=\"https:\/\/www.alongavecanna.com\/fr\/produit\/louison-embroidery\/\" \/>\n<meta property=\"og:locale\" content=\"fr_FR\" \/>\n<meta property=\"og:type\" content=\"article\" \/>\n<meta property=\"og:title\" content=\"Louison (Broderie) - Along Avec Anna\" \/>\n<meta property=\"og:description\" content=\"Louison (Broderie)              La broderie Louison est un joli patron de dessin fleuri, \u00e0 broder sur vos tricots. Il comprend trois tailles de cols, qui permettent de le broder sur un patron femme, enfant ou b\u00e9b\u00e9.                        Les dessins \u00e0 imprimer sont en taille r\u00e9elle. Les broderies peuvent \u00eatre plac\u00e9s sous l\u2019encolure, mais aussi dans le bas d\u2019un pull ou d\u2019un gilet.                        Il vous est possible de faire des mix entre les diff\u00e9rents cols, pour cr\u00e9er votre combinaison parfaite pour votre projet.                        Ce patron a \u00e9t\u00e9 cr\u00e9e en collaboration avec Virginie de @by_joviana, sp\u00e9cialement pour le pull Louison (Little) et Louison (Lady). Cependant, libre \u00e0 vous de placer cette broderie o\u00f9 vous le d\u00e9sirez!\" \/>\n<meta property=\"og:url\" content=\"https:\/\/www.alongavecanna.com\/fr\/produit\/louison-embroidery\/\" \/>\n<meta property=\"og:site_name\" content=\"Along Avec Anna\" \/>\n<meta property=\"article:publisher\" content=\"https:\/\/facebook.com\/alongavecanna\" \/>\n<meta property=\"article:modified_time\" content=\"2023-02-12T14:49:11+00:00\" \/>\n<meta property=\"og:image\" content=\"https:\/\/www.alongavecanna.com\/wp-content\/uploads\/2022\/12\/ACS_0964-scaled-1.jpg\" \/>\n\t<meta property=\"og:image:width\" content=\"2560\" \/>\n\t<meta property=\"og:image:height\" content=\"1707\" \/>\n\t<meta property=\"og:image:type\" content=\"image\/jpeg\" \/>\n<meta name=\"twitter:card\" content=\"summary_large_image\" \/>\n<script type=\"application\/ld+json\" class=\"yoast-schema-graph\">{\"@context\":\"https:\\\/\\\/schema.org\",\"@graph\":[{\"@type\":\"WebPage\",\"@id\":\"https:\\\/\\\/www.alongavecanna.com\\\/fr\\\/produit\\\/louison-embroidery\\\/\",\"url\":\"https:\\\/\\\/www.alongavecanna.com\\\/fr\\\/produit\\\/louison-embroidery\\\/\",\"name\":\"Louison (Broderie) - Along Avec Anna\",\"isPartOf\":{\"@id\":\"https:\\\/\\\/www.alongavecanna.com\\\/fr\\\/#website\"},\"primaryImageOfPage\":{\"@id\":\"https:\\\/\\\/www.alongavecanna.com\\\/fr\\\/produit\\\/louison-embroidery\\\/#primaryimage\"},\"image\":{\"@id\":\"https:\\\/\\\/www.alongavecanna.com\\\/fr\\\/produit\\\/louison-embroidery\\\/#primaryimage\"},\"thumbnailUrl\":\"https:\\\/\\\/www.alongavecanna.com\\\/wp-content\\\/uploads\\\/2022\\\/12\\\/ACS_0964-scaled-1.jpg\",\"datePublished\":\"2021-06-10T20:51:12+00:00\",\"dateModified\":\"2023-02-12T14:49:11+00:00\",\"breadcrumb\":{\"@id\":\"https:\\\/\\\/www.alongavecanna.com\\\/fr\\\/produit\\\/louison-embroidery\\\/#breadcrumb\"},\"inLanguage\":\"fr-FR\",\"potentialAction\":[{\"@type\":\"ReadAction\",\"target\":[\"https:\\\/\\\/www.alongavecanna.com\\\/fr\\\/produit\\\/louison-embroidery\\\/\"]}]},{\"@type\":\"ImageObject\",\"inLanguage\":\"fr-FR\",\"@id\":\"https:\\\/\\\/www.alongavecanna.com\\\/fr\\\/produit\\\/louison-embroidery\\\/#primaryimage\",\"url\":\"https:\\\/\\\/www.alongavecanna.com\\\/wp-content\\\/uploads\\\/2022\\\/12\\\/ACS_0964-scaled-1.jpg\",\"contentUrl\":\"https:\\\/\\\/www.alongavecanna.com\\\/wp-content\\\/uploads\\\/2022\\\/12\\\/ACS_0964-scaled-1.jpg\",\"width\":2560,\"height\":1707},{\"@type\":\"BreadcrumbList\",\"@id\":\"https:\\\/\\\/www.alongavecanna.com\\\/fr\\\/produit\\\/louison-embroidery\\\/#breadcrumb\",\"itemListElement\":[{\"@type\":\"ListItem\",\"position\":1,\"name\":\"Home\",\"item\":\"https:\\\/\\\/www.alongavecanna.com\\\/fr\\\/\"},{\"@type\":\"ListItem\",\"position\":2,\"name\":\"Produits\",\"item\":\"https:\\\/\\\/www.alongavecanna.com\\\/fr\\\/shop\\\/\"},{\"@type\":\"ListItem\",\"position\":3,\"name\":\"Louison (Broderie)\"}]},{\"@type\":\"WebSite\",\"@id\":\"https:\\\/\\\/www.alongavecanna.com\\\/fr\\\/#website\",\"url\":\"https:\\\/\\\/www.alongavecanna.com\\\/fr\\\/\",\"name\":\"Along Avec Anna\",\"description\":\"Ethical yarn &amp; timeless knitting patterns\",\"publisher\":{\"@id\":\"https:\\\/\\\/www.alongavecanna.com\\\/fr\\\/#organization\"},\"potentialAction\":[{\"@type\":\"SearchAction\",\"target\":{\"@type\":\"EntryPoint\",\"urlTemplate\":\"https:\\\/\\\/www.alongavecanna.com\\\/fr\\\/?s={search_term_string}\"},\"query-input\":{\"@type\":\"PropertyValueSpecification\",\"valueRequired\":true,\"valueName\":\"search_term_string\"}}],\"inLanguage\":\"fr-FR\"},{\"@type\":\"Organization\",\"@id\":\"https:\\\/\\\/www.alongavecanna.com\\\/fr\\\/#organization\",\"name\":\"Along Avec Anna\",\"url\":\"https:\\\/\\\/www.alongavecanna.com\\\/fr\\\/\",\"logo\":{\"@type\":\"ImageObject\",\"inLanguage\":\"fr-FR\",\"@id\":\"https:\\\/\\\/www.alongavecanna.com\\\/fr\\\/#\\\/schema\\\/logo\\\/image\\\/\",\"url\":\"https:\\\/\\\/www.alongavecanna.com\\\/wp-content\\\/uploads\\\/2023\\\/01\\\/logo-along-avec-anna.png\",\"contentUrl\":\"https:\\\/\\\/www.alongavecanna.com\\\/wp-content\\\/uploads\\\/2023\\\/01\\\/logo-along-avec-anna.png\",\"width\":1728,\"height\":627,\"caption\":\"Along Avec Anna\"},\"image\":{\"@id\":\"https:\\\/\\\/www.alongavecanna.com\\\/fr\\\/#\\\/schema\\\/logo\\\/image\\\/\"},\"sameAs\":[\"https:\\\/\\\/facebook.com\\\/alongavecanna\",\"https:\\\/\\\/www.instagram.com\\\/along.avec.anna\\\/\"]}]}<\/script>\n<!-- \/ Yoast SEO plugin. -->","yoast_head_json":{"title":"Louison (Broderie) - Along Avec Anna","robots":{"index":"index","follow":"follow","max-snippet":"max-snippet:-1","max-image-preview":"max-image-preview:large","max-video-preview":"max-video-preview:-1"},"canonical":"https:\/\/www.alongavecanna.com\/fr\/produit\/louison-embroidery\/","og_locale":"fr_FR","og_type":"article","og_title":"Louison (Broderie) - Along Avec Anna","og_description":"Louison (Broderie)              La broderie Louison est un joli patron de dessin fleuri, \u00e0 broder sur vos tricots. Il comprend trois tailles de cols, qui permettent de le broder sur un patron femme, enfant ou b\u00e9b\u00e9.                        Les dessins \u00e0 imprimer sont en taille r\u00e9elle. Les broderies peuvent \u00eatre plac\u00e9s sous l\u2019encolure, mais aussi dans le bas d\u2019un pull ou d\u2019un gilet.                        Il vous est possible de faire des mix entre les diff\u00e9rents cols, pour cr\u00e9er votre combinaison parfaite pour votre projet.                        Ce patron a \u00e9t\u00e9 cr\u00e9e en collaboration avec Virginie de @by_joviana, sp\u00e9cialement pour le pull Louison (Little) et Louison (Lady). Cependant, libre \u00e0 vous de placer cette broderie o\u00f9 vous le d\u00e9sirez!","og_url":"https:\/\/www.alongavecanna.com\/fr\/produit\/louison-embroidery\/","og_site_name":"Along Avec Anna","article_publisher":"https:\/\/facebook.com\/alongavecanna","article_modified_time":"2023-02-12T14:49:11+00:00","og_image":[{"width":2560,"height":1707,"url":"https:\/\/www.alongavecanna.com\/wp-content\/uploads\/2022\/12\/ACS_0964-scaled-1.jpg","type":"image\/jpeg"}],"twitter_card":"summary_large_image","schema":{"@context":"https:\/\/schema.org","@graph":[{"@type":"WebPage","@id":"https:\/\/www.alongavecanna.com\/fr\/produit\/louison-embroidery\/","url":"https:\/\/www.alongavecanna.com\/fr\/produit\/louison-embroidery\/","name":"Louison (Broderie) - Along Avec Anna","isPartOf":{"@id":"https:\/\/www.alongavecanna.com\/fr\/#website"},"primaryImageOfPage":{"@id":"https:\/\/www.alongavecanna.com\/fr\/produit\/louison-embroidery\/#primaryimage"},"image":{"@id":"https:\/\/www.alongavecanna.com\/fr\/produit\/louison-embroidery\/#primaryimage"},"thumbnailUrl":"https:\/\/www.alongavecanna.com\/wp-content\/uploads\/2022\/12\/ACS_0964-scaled-1.jpg","datePublished":"2021-06-10T20:51:12+00:00","dateModified":"2023-02-12T14:49:11+00:00","breadcrumb":{"@id":"https:\/\/www.alongavecanna.com\/fr\/produit\/louison-embroidery\/#breadcrumb"},"inLanguage":"fr-FR","potentialAction":[{"@type":"ReadAction","target":["https:\/\/www.alongavecanna.com\/fr\/produit\/louison-embroidery\/"]}]},{"@type":"ImageObject","inLanguage":"fr-FR","@id":"https:\/\/www.alongavecanna.com\/fr\/produit\/louison-embroidery\/#primaryimage","url":"https:\/\/www.alongavecanna.com\/wp-content\/uploads\/2022\/12\/ACS_0964-scaled-1.jpg","contentUrl":"https:\/\/www.alongavecanna.com\/wp-content\/uploads\/2022\/12\/ACS_0964-scaled-1.jpg","width":2560,"height":1707},{"@type":"BreadcrumbList","@id":"https:\/\/www.alongavecanna.com\/fr\/produit\/louison-embroidery\/#breadcrumb","itemListElement":[{"@type":"ListItem","position":1,"name":"Home","item":"https:\/\/www.alongavecanna.com\/fr\/"},{"@type":"ListItem","position":2,"name":"Produits","item":"https:\/\/www.alongavecanna.com\/fr\/shop\/"},{"@type":"ListItem","position":3,"name":"Louison (Broderie)"}]},{"@type":"WebSite","@id":"https:\/\/www.alongavecanna.com\/fr\/#website","url":"https:\/\/www.alongavecanna.com\/fr\/","name":"Along Avec Anna","description":"Ethical yarn &amp; timeless knitting patterns","publisher":{"@id":"https:\/\/www.alongavecanna.com\/fr\/#organization"},"potentialAction":[{"@type":"SearchAction","target":{"@type":"EntryPoint","urlTemplate":"https:\/\/www.alongavecanna.com\/fr\/?s={search_term_string}"},"query-input":{"@type":"PropertyValueSpecification","valueRequired":true,"valueName":"search_term_string"}}],"inLanguage":"fr-FR"},{"@type":"Organization","@id":"https:\/\/www.alongavecanna.com\/fr\/#organization","name":"Along Avec Anna","url":"https:\/\/www.alongavecanna.com\/fr\/","logo":{"@type":"ImageObject","inLanguage":"fr-FR","@id":"https:\/\/www.alongavecanna.com\/fr\/#\/schema\/logo\/image\/","url":"https:\/\/www.alongavecanna.com\/wp-content\/uploads\/2023\/01\/logo-along-avec-anna.png","contentUrl":"https:\/\/www.alongavecanna.com\/wp-content\/uploads\/2023\/01\/logo-along-avec-anna.png","width":1728,"height":627,"caption":"Along Avec Anna"},"image":{"@id":"https:\/\/www.alongavecanna.com\/fr\/#\/schema\/logo\/image\/"},"sameAs":["https:\/\/facebook.com\/alongavecanna","https:\/\/www.instagram.com\/along.avec.anna\/"]}]}},"_links":{"self":[{"href":"https:\/\/www.alongavecanna.com\/fr\/wp-json\/wp\/v2\/product\/51511","targetHints":{"allow":["GET"]}}],"collection":[{"href":"https:\/\/www.alongavecanna.com\/fr\/wp-json\/wp\/v2\/product"}],"about":[{"href":"https:\/\/www.alongavecanna.com\/fr\/wp-json\/wp\/v2\/types\/product"}],"replies":[{"embeddable":true,"href":"https:\/\/www.alongavecanna.com\/fr\/wp-json\/wp\/v2\/comments?post=51511"}],"version-history":[{"count":0,"href":"https:\/\/www.alongavecanna.com\/fr\/wp-json\/wp\/v2\/product\/51511\/revisions"}],"wp:featuredmedia":[{"embeddable":true,"href":"https:\/\/www.alongavecanna.com\/fr\/wp-json\/wp\/v2\/media\/50666"}],"wp:attachment":[{"href":"https:\/\/www.alongavecanna.com\/fr\/wp-json\/wp\/v2\/media?parent=51511"}],"wp:term":[{"taxonomy":"product_brand","embeddable":true,"href":"https:\/\/www.alongavecanna.com\/fr\/wp-json\/wp\/v2\/product_brand?post=51511"},{"taxonomy":"product_cat","embeddable":true,"href":"https:\/\/www.alongavecanna.com\/fr\/wp-json\/wp\/v2\/product_cat?post=51511"},{"taxonomy":"product_tag","embeddable":true,"href":"https:\/\/www.alongavecanna.com\/fr\/wp-json\/wp\/v2\/product_tag?post=51511"}],"curies":[{"name":"wp","href":"https:\/\/api.w.org\/{rel}","templated":true}]}}