{"id":51505,"date":"2021-07-01T21:32:06","date_gmt":"2021-07-01T21:32:06","guid":{"rendered":"https:\/\/preprod.alongavecanna.com\/product\/brest-tee-jumper\/"},"modified":"2024-05-15T14:31:38","modified_gmt":"2024-05-15T14:31:38","slug":"brest-tee-jumper","status":"publish","type":"product","link":"https:\/\/www.alongavecanna.com\/fr\/produit\/brest-tee-jumper\/","title":{"rendered":"Brest (Tee &amp; Jumper)"},"content":{"rendered":"<p>&nbsp;<\/p>\n<p style=\"text-align: justify;\"><strong>DESCRIPTION<\/strong><\/p>\n<p style=\"text-align: justify;\"><strong>Tailles <\/strong>: <span class=\"JsGRdQ\">tour de poitrine (v\u00eatement fini) <\/span><span class=\"JsGRdQ\">86, 94 (101, 108, 112, 122) <\/span><span class=\"JsGRdQ\">[130, 143, 150]<\/span> <span class=\"JsGRdQ\">162<\/span><span class=\"JsGRdQ\"> cm<\/span><\/p>\n<p style=\"text-align: justify;\"><strong>Echantillon <\/strong>: <span class=\"JsGRdQ\">21 m x 32 rgs = 10 cm en jersey en rond en aiguilles 3.75mm\/US 5 (ou autre taille selon votre \u00e9chantillon) <\/span><\/p>\n<p style=\"text-align: justify;\"><strong>Laines<\/strong>: <span class=\"JsGRdQ\">DK &#8211; Double Merino, Along avec Anna<\/span><\/p>\n<p style=\"text-align: justify;\"><em>Manches courtes<\/em><br \/>\nCP: 410, 465 (510, 560, 590, 670) <span class=\"JsGRdQ\">[<\/span> 735, 815, 875<span class=\"JsGRdQ\">]<\/span> 980m<br \/>\nCC1: 40, 45 (50, 55, 55, 65) <span class=\"JsGRdQ\">[<\/span>70, 80, 85<span class=\"JsGRdQ\">]<\/span> 95m<br \/>\nCC2: 35, 40 (45, 50, 55, 60) <span class=\"JsGRdQ\">[<\/span>65, 75, 80<span class=\"JsGRdQ\">]<\/span> 90m<br \/>\nCC3: 50, 55 (60, 65, 65, 75) <span class=\"JsGRdQ\">[<\/span>80, 90, 95<span class=\"JsGRdQ\">]<\/span> 105m<br \/>\nCC4: 30, 35 (35, 40, 45, 50) <span class=\"JsGRdQ\">[<\/span>55, 60, 65<span class=\"JsGRdQ\">]<\/span> 70m<\/p>\n<p style=\"text-align: justify;\"><em>Manches longues<\/em><br \/>\nCP: 590, 655 (715, 770, 805, 895) <span class=\"JsGRdQ\">[<\/span>980, 1090, 1175<span class=\"JsGRdQ\">]<\/span> 1295m<br \/>\nCC1: 65, 70 (75, 85, 85, 95) <span class=\"JsGRdQ\">[<\/span>105, 120, 125<span class=\"JsGRdQ\">]<\/span> 140m<br \/>\nCC2: 60, 65 (70, 75, 80, 90) <span class=\"JsGRdQ\">[<\/span>95, 110, 115<span class=\"JsGRdQ\">]<\/span> 130m<br \/>\nCC3: 50, 55 (60, 65, 70, 80) <span class=\"JsGRdQ\">[<\/span>85, 95, 105<span class=\"JsGRdQ\">]<\/span> 115m<br \/>\nCC4: 50, 55 (60, 65, 65, 75) <span class=\"JsGRdQ\">[<\/span>80, 90, 95<span class=\"JsGRdQ\">]<\/span> 105m<\/p>\n<p class=\"_04xlpA direction-ltr align-center para-style-body\" style=\"text-align: justify;\"><em><span class=\"JsGRdQ\">Version de pr\u00e9sentation<\/span><\/em><span class=\"JsGRdQ\">:<\/span><span class=\"JsGRdQ\">Tricot\u00e9<br \/>\navec<\/span><span class=\"JsGRdQ\">6 cm d&rsquo;aisance positive.<\/span><\/p>\n<p class=\"_04xlpA direction-ltr align-center para-style-body\" style=\"text-align: justify;\"><span class=\"JsGRdQ\"><strong>Aiguilles pr\u00e9conis\u00e9es <\/strong> (si votre \u00e9chantillon correspond bien) :<br \/>\n<\/span><span class=\"JsGRdQ\">3.75mm\/US 5 pour le corps et les manches<br \/>\n<\/span><span class=\"JsGRdQ\">3.5mm\/US 4 pour les c\u00f4tes<\/span><\/p>\n<p style=\"text-align: justify;\"><strong>Mat\u00e9riel<\/strong><br \/>\n<span class=\"JsGRdQ\">marqueurs<br \/>\n,<\/span><span class=\"JsGRdQ\">morceaux de laine pour mettre les mailles en attente<br \/>\n,<\/span><span class=\"JsGRdQ\"> aiguille \u00e0 laine pour rentrer les fils<\/span><\/p>\n","protected":false},"excerpt":{"rendered":"<p>&nbsp;<\/p>\n<p class=\"_04xlpA direction-ltr align-justify para-style-body\" style=\"text-align: justify;\"><strong><br \/>\n<span class=\"JsGRdQ\">Brest <\/span><br \/>\n<\/strong><br \/>\n<span class=\"JsGRdQ\">est un patron qui peut se tricoter en version tee avec des manches courtes, ce qui sera parfait pour la belle saison, ou bien en version pull avec des manches longues. Il poss\u00e8de un joli jeu de rayures color\u00e9es.<\/span><\/p>\n<p class=\"_04xlpA direction-ltr align-justify para-style-body\" style=\"text-align: justify;\"><strong><span class=\"JsGRdQ\">La construction est <\/span><\/strong><span class=\"JsGRdQ\"><strong>top-down <\/strong>:<\/span><span class=\"JsGRdQ\"> l\u2019encolure est mont\u00e9e avec des c\u00f4tes 1\/1, puis des rangs raccourcis sont r\u00e9alis\u00e9s en jersey afin de creuser l\u2019encolure. Les rayures sont ensuite tricot\u00e9es sur tout le yoke. Les manches sont mises en attente afin de tricoter le corps ; les mailles des manches sont ensuite replac\u00e9es sur les aiguilles pour \u00eatre tricot\u00e9es chacune \u00e0 leur tour.<\/span><\/p>\n","protected":false},"featured_media":66375,"comment_status":"closed","ping_status":"closed","template":"","meta":[],"product_brand":[],"product_cat":[380,376,370,377,381,463],"product_tag":[],"class_list":{"0":"post-51505","1":"product","2":"type-product","3":"status-publish","4":"has-post-thumbnail","6":"product_cat-patrons-anglais","7":"product_cat-patrons-de-tricot","8":"product_cat-patrons-debutants","9":"product_cat-patrons-femme","10":"product_cat-patrons-francais","11":"product_cat-tricots-de-saison","13":"first","14":"instock","15":"downloadable","16":"virtual","17":"taxable","18":"purchasable","19":"product-type-simple"},"yoast_head":"<!-- This site is optimized with the Yoast SEO plugin v27.3 - https:\/\/yoast.com\/product\/yoast-seo-wordpress\/ -->\n<title>Brest (Tee &amp; Jumper) - Along Avec Anna<\/title>\n<meta name=\"robots\" content=\"index, follow, max-snippet:-1, max-image-preview:large, max-video-preview:-1\" \/>\n<link rel=\"canonical\" href=\"https:\/\/www.alongavecanna.com\/fr\/produit\/brest-tee-jumper\/\" \/>\n<meta property=\"og:locale\" content=\"fr_FR\" \/>\n<meta property=\"og:type\" content=\"article\" \/>\n<meta property=\"og:title\" content=\"Brest (Tee &amp; Jumper) - Along Avec Anna\" \/>\n<meta property=\"og:description\" content=\"&nbsp;  Brest   est un patron qui peut se tricoter en version tee avec des manches courtes, ce qui sera parfait pour la belle saison, ou bien en version pull avec des manches longues. Il poss\u00e8de un joli jeu de rayures color\u00e9es. La construction est top-down : l\u2019encolure est mont\u00e9e avec des c\u00f4tes 1\/1, puis des rangs raccourcis sont r\u00e9alis\u00e9s en jersey afin de creuser l\u2019encolure. Les rayures sont ensuite tricot\u00e9es sur tout le yoke. Les manches sont mises en attente afin de tricoter le corps ; les mailles des manches sont ensuite replac\u00e9es sur les aiguilles pour \u00eatre tricot\u00e9es chacune \u00e0 leur tour.\" \/>\n<meta property=\"og:url\" content=\"https:\/\/www.alongavecanna.com\/fr\/produit\/brest-tee-jumper\/\" \/>\n<meta property=\"og:site_name\" content=\"Along Avec Anna\" \/>\n<meta property=\"article:publisher\" content=\"https:\/\/facebook.com\/alongavecanna\" \/>\n<meta property=\"article:modified_time\" content=\"2024-05-15T14:31:38+00:00\" \/>\n<meta property=\"og:image\" content=\"https:\/\/www.alongavecanna.com\/wp-content\/uploads\/2021\/07\/AnnaMayshoot-27.jpg\" \/>\n\t<meta property=\"og:image:width\" content=\"1024\" \/>\n\t<meta property=\"og:image:height\" content=\"1536\" \/>\n\t<meta property=\"og:image:type\" content=\"image\/jpeg\" \/>\n<meta name=\"twitter:card\" content=\"summary_large_image\" \/>\n<meta name=\"twitter:label1\" content=\"Dur\u00e9e de lecture estim\u00e9e\" \/>\n\t<meta name=\"twitter:data1\" content=\"1 minute\" \/>\n<script type=\"application\/ld+json\" class=\"yoast-schema-graph\">{\"@context\":\"https:\\\/\\\/schema.org\",\"@graph\":[{\"@type\":\"WebPage\",\"@id\":\"https:\\\/\\\/www.alongavecanna.com\\\/fr\\\/produit\\\/brest-tee-jumper\\\/\",\"url\":\"https:\\\/\\\/www.alongavecanna.com\\\/fr\\\/produit\\\/brest-tee-jumper\\\/\",\"name\":\"Brest (Tee &amp; Jumper) - Along Avec Anna\",\"isPartOf\":{\"@id\":\"https:\\\/\\\/www.alongavecanna.com\\\/fr\\\/#website\"},\"primaryImageOfPage\":{\"@id\":\"https:\\\/\\\/www.alongavecanna.com\\\/fr\\\/produit\\\/brest-tee-jumper\\\/#primaryimage\"},\"image\":{\"@id\":\"https:\\\/\\\/www.alongavecanna.com\\\/fr\\\/produit\\\/brest-tee-jumper\\\/#primaryimage\"},\"thumbnailUrl\":\"https:\\\/\\\/www.alongavecanna.com\\\/wp-content\\\/uploads\\\/2021\\\/07\\\/AnnaMayshoot-27.jpg\",\"datePublished\":\"2021-07-01T21:32:06+00:00\",\"dateModified\":\"2024-05-15T14:31:38+00:00\",\"breadcrumb\":{\"@id\":\"https:\\\/\\\/www.alongavecanna.com\\\/fr\\\/produit\\\/brest-tee-jumper\\\/#breadcrumb\"},\"inLanguage\":\"fr-FR\",\"potentialAction\":[{\"@type\":\"ReadAction\",\"target\":[\"https:\\\/\\\/www.alongavecanna.com\\\/fr\\\/produit\\\/brest-tee-jumper\\\/\"]}]},{\"@type\":\"ImageObject\",\"inLanguage\":\"fr-FR\",\"@id\":\"https:\\\/\\\/www.alongavecanna.com\\\/fr\\\/produit\\\/brest-tee-jumper\\\/#primaryimage\",\"url\":\"https:\\\/\\\/www.alongavecanna.com\\\/wp-content\\\/uploads\\\/2021\\\/07\\\/AnnaMayshoot-27.jpg\",\"contentUrl\":\"https:\\\/\\\/www.alongavecanna.com\\\/wp-content\\\/uploads\\\/2021\\\/07\\\/AnnaMayshoot-27.jpg\",\"width\":1024,\"height\":1536},{\"@type\":\"BreadcrumbList\",\"@id\":\"https:\\\/\\\/www.alongavecanna.com\\\/fr\\\/produit\\\/brest-tee-jumper\\\/#breadcrumb\",\"itemListElement\":[{\"@type\":\"ListItem\",\"position\":1,\"name\":\"Home\",\"item\":\"https:\\\/\\\/www.alongavecanna.com\\\/fr\\\/\"},{\"@type\":\"ListItem\",\"position\":2,\"name\":\"Produits\",\"item\":\"https:\\\/\\\/www.alongavecanna.com\\\/fr\\\/shop\\\/\"},{\"@type\":\"ListItem\",\"position\":3,\"name\":\"Brest (Tee &amp; Jumper)\"}]},{\"@type\":\"WebSite\",\"@id\":\"https:\\\/\\\/www.alongavecanna.com\\\/fr\\\/#website\",\"url\":\"https:\\\/\\\/www.alongavecanna.com\\\/fr\\\/\",\"name\":\"Along Avec Anna\",\"description\":\"Ethical yarn &amp; timeless knitting patterns\",\"publisher\":{\"@id\":\"https:\\\/\\\/www.alongavecanna.com\\\/fr\\\/#organization\"},\"potentialAction\":[{\"@type\":\"SearchAction\",\"target\":{\"@type\":\"EntryPoint\",\"urlTemplate\":\"https:\\\/\\\/www.alongavecanna.com\\\/fr\\\/?s={search_term_string}\"},\"query-input\":{\"@type\":\"PropertyValueSpecification\",\"valueRequired\":true,\"valueName\":\"search_term_string\"}}],\"inLanguage\":\"fr-FR\"},{\"@type\":\"Organization\",\"@id\":\"https:\\\/\\\/www.alongavecanna.com\\\/fr\\\/#organization\",\"name\":\"Along Avec Anna\",\"url\":\"https:\\\/\\\/www.alongavecanna.com\\\/fr\\\/\",\"logo\":{\"@type\":\"ImageObject\",\"inLanguage\":\"fr-FR\",\"@id\":\"https:\\\/\\\/www.alongavecanna.com\\\/fr\\\/#\\\/schema\\\/logo\\\/image\\\/\",\"url\":\"https:\\\/\\\/www.alongavecanna.com\\\/wp-content\\\/uploads\\\/2023\\\/01\\\/logo-along-avec-anna.png\",\"contentUrl\":\"https:\\\/\\\/www.alongavecanna.com\\\/wp-content\\\/uploads\\\/2023\\\/01\\\/logo-along-avec-anna.png\",\"width\":1728,\"height\":627,\"caption\":\"Along Avec Anna\"},\"image\":{\"@id\":\"https:\\\/\\\/www.alongavecanna.com\\\/fr\\\/#\\\/schema\\\/logo\\\/image\\\/\"},\"sameAs\":[\"https:\\\/\\\/facebook.com\\\/alongavecanna\",\"https:\\\/\\\/www.instagram.com\\\/along.avec.anna\\\/\"]}]}<\/script>\n<!-- \/ Yoast SEO plugin. -->","yoast_head_json":{"title":"Brest (Tee &amp; Jumper) - Along Avec Anna","robots":{"index":"index","follow":"follow","max-snippet":"max-snippet:-1","max-image-preview":"max-image-preview:large","max-video-preview":"max-video-preview:-1"},"canonical":"https:\/\/www.alongavecanna.com\/fr\/produit\/brest-tee-jumper\/","og_locale":"fr_FR","og_type":"article","og_title":"Brest (Tee &amp; Jumper) - Along Avec Anna","og_description":"&nbsp;  Brest   est un patron qui peut se tricoter en version tee avec des manches courtes, ce qui sera parfait pour la belle saison, ou bien en version pull avec des manches longues. Il poss\u00e8de un joli jeu de rayures color\u00e9es. La construction est top-down : l\u2019encolure est mont\u00e9e avec des c\u00f4tes 1\/1, puis des rangs raccourcis sont r\u00e9alis\u00e9s en jersey afin de creuser l\u2019encolure. Les rayures sont ensuite tricot\u00e9es sur tout le yoke. Les manches sont mises en attente afin de tricoter le corps ; les mailles des manches sont ensuite replac\u00e9es sur les aiguilles pour \u00eatre tricot\u00e9es chacune \u00e0 leur tour.","og_url":"https:\/\/www.alongavecanna.com\/fr\/produit\/brest-tee-jumper\/","og_site_name":"Along Avec Anna","article_publisher":"https:\/\/facebook.com\/alongavecanna","article_modified_time":"2024-05-15T14:31:38+00:00","og_image":[{"width":1024,"height":1536,"url":"https:\/\/www.alongavecanna.com\/wp-content\/uploads\/2021\/07\/AnnaMayshoot-27.jpg","type":"image\/jpeg"}],"twitter_card":"summary_large_image","twitter_misc":{"Dur\u00e9e de lecture estim\u00e9e":"1 minute"},"schema":{"@context":"https:\/\/schema.org","@graph":[{"@type":"WebPage","@id":"https:\/\/www.alongavecanna.com\/fr\/produit\/brest-tee-jumper\/","url":"https:\/\/www.alongavecanna.com\/fr\/produit\/brest-tee-jumper\/","name":"Brest (Tee &amp; Jumper) - Along Avec Anna","isPartOf":{"@id":"https:\/\/www.alongavecanna.com\/fr\/#website"},"primaryImageOfPage":{"@id":"https:\/\/www.alongavecanna.com\/fr\/produit\/brest-tee-jumper\/#primaryimage"},"image":{"@id":"https:\/\/www.alongavecanna.com\/fr\/produit\/brest-tee-jumper\/#primaryimage"},"thumbnailUrl":"https:\/\/www.alongavecanna.com\/wp-content\/uploads\/2021\/07\/AnnaMayshoot-27.jpg","datePublished":"2021-07-01T21:32:06+00:00","dateModified":"2024-05-15T14:31:38+00:00","breadcrumb":{"@id":"https:\/\/www.alongavecanna.com\/fr\/produit\/brest-tee-jumper\/#breadcrumb"},"inLanguage":"fr-FR","potentialAction":[{"@type":"ReadAction","target":["https:\/\/www.alongavecanna.com\/fr\/produit\/brest-tee-jumper\/"]}]},{"@type":"ImageObject","inLanguage":"fr-FR","@id":"https:\/\/www.alongavecanna.com\/fr\/produit\/brest-tee-jumper\/#primaryimage","url":"https:\/\/www.alongavecanna.com\/wp-content\/uploads\/2021\/07\/AnnaMayshoot-27.jpg","contentUrl":"https:\/\/www.alongavecanna.com\/wp-content\/uploads\/2021\/07\/AnnaMayshoot-27.jpg","width":1024,"height":1536},{"@type":"BreadcrumbList","@id":"https:\/\/www.alongavecanna.com\/fr\/produit\/brest-tee-jumper\/#breadcrumb","itemListElement":[{"@type":"ListItem","position":1,"name":"Home","item":"https:\/\/www.alongavecanna.com\/fr\/"},{"@type":"ListItem","position":2,"name":"Produits","item":"https:\/\/www.alongavecanna.com\/fr\/shop\/"},{"@type":"ListItem","position":3,"name":"Brest (Tee &amp; Jumper)"}]},{"@type":"WebSite","@id":"https:\/\/www.alongavecanna.com\/fr\/#website","url":"https:\/\/www.alongavecanna.com\/fr\/","name":"Along Avec Anna","description":"Ethical yarn &amp; timeless knitting patterns","publisher":{"@id":"https:\/\/www.alongavecanna.com\/fr\/#organization"},"potentialAction":[{"@type":"SearchAction","target":{"@type":"EntryPoint","urlTemplate":"https:\/\/www.alongavecanna.com\/fr\/?s={search_term_string}"},"query-input":{"@type":"PropertyValueSpecification","valueRequired":true,"valueName":"search_term_string"}}],"inLanguage":"fr-FR"},{"@type":"Organization","@id":"https:\/\/www.alongavecanna.com\/fr\/#organization","name":"Along Avec Anna","url":"https:\/\/www.alongavecanna.com\/fr\/","logo":{"@type":"ImageObject","inLanguage":"fr-FR","@id":"https:\/\/www.alongavecanna.com\/fr\/#\/schema\/logo\/image\/","url":"https:\/\/www.alongavecanna.com\/wp-content\/uploads\/2023\/01\/logo-along-avec-anna.png","contentUrl":"https:\/\/www.alongavecanna.com\/wp-content\/uploads\/2023\/01\/logo-along-avec-anna.png","width":1728,"height":627,"caption":"Along Avec Anna"},"image":{"@id":"https:\/\/www.alongavecanna.com\/fr\/#\/schema\/logo\/image\/"},"sameAs":["https:\/\/facebook.com\/alongavecanna","https:\/\/www.instagram.com\/along.avec.anna\/"]}]}},"_links":{"self":[{"href":"https:\/\/www.alongavecanna.com\/fr\/wp-json\/wp\/v2\/product\/51505","targetHints":{"allow":["GET"]}}],"collection":[{"href":"https:\/\/www.alongavecanna.com\/fr\/wp-json\/wp\/v2\/product"}],"about":[{"href":"https:\/\/www.alongavecanna.com\/fr\/wp-json\/wp\/v2\/types\/product"}],"replies":[{"embeddable":true,"href":"https:\/\/www.alongavecanna.com\/fr\/wp-json\/wp\/v2\/comments?post=51505"}],"version-history":[{"count":0,"href":"https:\/\/www.alongavecanna.com\/fr\/wp-json\/wp\/v2\/product\/51505\/revisions"}],"wp:featuredmedia":[{"embeddable":true,"href":"https:\/\/www.alongavecanna.com\/fr\/wp-json\/wp\/v2\/media\/66375"}],"wp:attachment":[{"href":"https:\/\/www.alongavecanna.com\/fr\/wp-json\/wp\/v2\/media?parent=51505"}],"wp:term":[{"taxonomy":"product_brand","embeddable":true,"href":"https:\/\/www.alongavecanna.com\/fr\/wp-json\/wp\/v2\/product_brand?post=51505"},{"taxonomy":"product_cat","embeddable":true,"href":"https:\/\/www.alongavecanna.com\/fr\/wp-json\/wp\/v2\/product_cat?post=51505"},{"taxonomy":"product_tag","embeddable":true,"href":"https:\/\/www.alongavecanna.com\/fr\/wp-json\/wp\/v2\/product_tag?post=51505"}],"curies":[{"name":"wp","href":"https:\/\/api.w.org\/{rel}","templated":true}]}}