{"id":51479,"date":"2021-10-21T20:43:58","date_gmt":"2021-10-21T20:43:58","guid":{"rendered":"https:\/\/preprod.alongavecanna.com\/product\/armelle-slipover\/"},"modified":"2024-11-09T10:31:10","modified_gmt":"2024-11-09T10:31:10","slug":"armelle-slipover-2","status":"publish","type":"product","link":"https:\/\/www.alongavecanna.com\/fr\/produit\/armelle-slipover-2\/","title":{"rendered":"Armelle Slipover"},"content":{"rendered":"<p style=\"text-align: justify;\"><strong>Tailles<\/strong>: Buste fini 88, 94, 104 (114, 124, 134) 145, 155, 166 cm<br \/>\n#sizeinclusive<\/p>\n<p style=\"text-align: justify;\"><strong>\u00c9chantillon <\/strong>: En aiguilles 4.5 mm\/US 7 (ou autre taille d\u00e9pendant de votre \u00e9chantillon) : 23 m x 48 rgs = 10 cm en point textur\u00e9<\/p>\n<p style=\"text-align: justify;\"><strong>Aisance recommand\u00e9ee<\/strong> : entre 10 et 15 cm d\u2019aisance positive<\/p>\n<p style=\"text-align: justify;\"><strong>Aiguilles recommand\u00e9es<\/strong> (ou une autre taille pour obtenir la jauge) : 4.5mm\/US 7 pour le corps<br \/>\n3.75mm\/US 5 pour les c\u00f4tes<\/p>\n<p style=\"text-align: justify;\"><strong>Fils<\/strong>:<strong> deux fils tenus ensemble<\/strong> &#8211; un fil de Merino (fingering) et un fil de Silk Mohair (dentelle).<\/p>\n<ul>\n<li><strong>Fingering<\/strong>: 960, 990, 1090 (1200, 1300, 1410) 1540, 1680, 1820 m\u00e8tres soit 5, 5, 6 (6, 7, 8) 8, 9, 10 pelotes de Merino &#8211; Along avec Anna<\/li>\n<li><strong>Lace<\/strong>: 910, 950, 1040 (1140, 1230, 1340) 1470, 1600, 1730 m\u00e8tres donc 5, 5, 6 (6, 7, 8) 8, 9, 10 pelotes de Silk Mohair &#8211; Along avec Anna<\/li>\n<\/ul>\n<p><em>Version de pr\u00e9sentation<\/em>:<br \/>\nTricot\u00e9 dans notre Mohair Merino &amp; Silk en R\u00eaverie.<\/p>\n<p style=\"text-align: justify;\"><strong>Mat\u00e9riel <\/strong>: anneaux marqueurs, morceaux de laine pour mettre les mailles en attente, aiguille \u00e0 laine pour rentrer les fils<\/p>\n","protected":false},"excerpt":{"rendered":"<p>&nbsp;<\/p>\n<p style=\"text-align: justify;\"><strong>Armelle (Slipover)<\/strong> est un joli pull sans manche pour femme, qui poss\u00e8de un col roul\u00e9 sur une encolure d\u00e9licate. Il se tricote du bas vers le haut. Il a un joli point textur\u00e9 et des c\u00f4tes 2&#215;2.<br \/>\nIl est tricot\u00e9 avec un fil de poids fingering tenu en double avec un fil de Silk Mohair.<\/p>\n","protected":false},"featured_media":70361,"comment_status":"closed","ping_status":"closed","template":"","meta":[],"product_brand":[],"product_cat":[380,376,377,381],"product_tag":[],"class_list":{"0":"post-51479","1":"product","2":"type-product","3":"status-publish","4":"has-post-thumbnail","6":"product_cat-patrons-anglais","7":"product_cat-patrons-de-tricot","8":"product_cat-patrons-femme","9":"product_cat-patrons-francais","11":"first","12":"instock","13":"downloadable","14":"virtual","15":"taxable","16":"purchasable","17":"product-type-simple"},"yoast_head":"<!-- This site is optimized with the Yoast SEO plugin v27.4 - https:\/\/yoast.com\/product\/yoast-seo-wordpress\/ -->\n<title>Armelle Slipover - Along Avec Anna<\/title>\n<meta name=\"robots\" content=\"index, follow, max-snippet:-1, max-image-preview:large, max-video-preview:-1\" \/>\n<link rel=\"canonical\" href=\"https:\/\/www.alongavecanna.com\/fr\/produit\/armelle-slipover-2\/\" \/>\n<meta property=\"og:locale\" content=\"fr_FR\" \/>\n<meta property=\"og:type\" content=\"article\" \/>\n<meta property=\"og:title\" content=\"Armelle Slipover - Along Avec Anna\" \/>\n<meta property=\"og:description\" content=\"&nbsp; Armelle (Slipover) est un joli pull sans manche pour femme, qui poss\u00e8de un col roul\u00e9 sur une encolure d\u00e9licate. Il se tricote du bas vers le haut. Il a un joli point textur\u00e9 et des c\u00f4tes 2x2. Il est tricot\u00e9 avec un fil de poids fingering tenu en double avec un fil de Silk Mohair.\" \/>\n<meta property=\"og:url\" content=\"https:\/\/www.alongavecanna.com\/fr\/produit\/armelle-slipover-2\/\" \/>\n<meta property=\"og:site_name\" content=\"Along Avec Anna\" \/>\n<meta property=\"article:publisher\" content=\"https:\/\/facebook.com\/alongavecanna\" \/>\n<meta property=\"article:modified_time\" content=\"2024-11-09T10:31:10+00:00\" \/>\n<meta property=\"og:image\" content=\"https:\/\/www.alongavecanna.com\/wp-content\/uploads\/2021\/10\/Alongavecannaaw-7.jpg\" \/>\n\t<meta property=\"og:image:width\" content=\"1024\" \/>\n\t<meta property=\"og:image:height\" content=\"1536\" \/>\n\t<meta property=\"og:image:type\" content=\"image\/jpeg\" \/>\n<meta name=\"twitter:card\" content=\"summary_large_image\" \/>\n<meta name=\"twitter:label1\" content=\"Dur\u00e9e de lecture estim\u00e9e\" \/>\n\t<meta name=\"twitter:data1\" content=\"1 minute\" \/>\n<script type=\"application\/ld+json\" class=\"yoast-schema-graph\">{\"@context\":\"https:\\\/\\\/schema.org\",\"@graph\":[{\"@type\":\"WebPage\",\"@id\":\"https:\\\/\\\/www.alongavecanna.com\\\/fr\\\/produit\\\/armelle-slipover-2\\\/\",\"url\":\"https:\\\/\\\/www.alongavecanna.com\\\/fr\\\/produit\\\/armelle-slipover-2\\\/\",\"name\":\"Armelle Slipover - Along Avec Anna\",\"isPartOf\":{\"@id\":\"https:\\\/\\\/www.alongavecanna.com\\\/fr\\\/#website\"},\"primaryImageOfPage\":{\"@id\":\"https:\\\/\\\/www.alongavecanna.com\\\/fr\\\/produit\\\/armelle-slipover-2\\\/#primaryimage\"},\"image\":{\"@id\":\"https:\\\/\\\/www.alongavecanna.com\\\/fr\\\/produit\\\/armelle-slipover-2\\\/#primaryimage\"},\"thumbnailUrl\":\"https:\\\/\\\/www.alongavecanna.com\\\/wp-content\\\/uploads\\\/2021\\\/10\\\/Alongavecannaaw-7.jpg\",\"datePublished\":\"2021-10-21T20:43:58+00:00\",\"dateModified\":\"2024-11-09T10:31:10+00:00\",\"breadcrumb\":{\"@id\":\"https:\\\/\\\/www.alongavecanna.com\\\/fr\\\/produit\\\/armelle-slipover-2\\\/#breadcrumb\"},\"inLanguage\":\"fr-FR\",\"potentialAction\":[{\"@type\":\"ReadAction\",\"target\":[\"https:\\\/\\\/www.alongavecanna.com\\\/fr\\\/produit\\\/armelle-slipover-2\\\/\"]}]},{\"@type\":\"ImageObject\",\"inLanguage\":\"fr-FR\",\"@id\":\"https:\\\/\\\/www.alongavecanna.com\\\/fr\\\/produit\\\/armelle-slipover-2\\\/#primaryimage\",\"url\":\"https:\\\/\\\/www.alongavecanna.com\\\/wp-content\\\/uploads\\\/2021\\\/10\\\/Alongavecannaaw-7.jpg\",\"contentUrl\":\"https:\\\/\\\/www.alongavecanna.com\\\/wp-content\\\/uploads\\\/2021\\\/10\\\/Alongavecannaaw-7.jpg\",\"width\":1024,\"height\":1536},{\"@type\":\"BreadcrumbList\",\"@id\":\"https:\\\/\\\/www.alongavecanna.com\\\/fr\\\/produit\\\/armelle-slipover-2\\\/#breadcrumb\",\"itemListElement\":[{\"@type\":\"ListItem\",\"position\":1,\"name\":\"Home\",\"item\":\"https:\\\/\\\/www.alongavecanna.com\\\/fr\\\/\"},{\"@type\":\"ListItem\",\"position\":2,\"name\":\"Produits\",\"item\":\"https:\\\/\\\/www.alongavecanna.com\\\/fr\\\/shop\\\/\"},{\"@type\":\"ListItem\",\"position\":3,\"name\":\"Armelle Slipover\"}]},{\"@type\":\"WebSite\",\"@id\":\"https:\\\/\\\/www.alongavecanna.com\\\/fr\\\/#website\",\"url\":\"https:\\\/\\\/www.alongavecanna.com\\\/fr\\\/\",\"name\":\"Along Avec Anna\",\"description\":\"Ethical yarn &amp; timeless knitting patterns\",\"publisher\":{\"@id\":\"https:\\\/\\\/www.alongavecanna.com\\\/fr\\\/#organization\"},\"potentialAction\":[{\"@type\":\"SearchAction\",\"target\":{\"@type\":\"EntryPoint\",\"urlTemplate\":\"https:\\\/\\\/www.alongavecanna.com\\\/fr\\\/?s={search_term_string}\"},\"query-input\":{\"@type\":\"PropertyValueSpecification\",\"valueRequired\":true,\"valueName\":\"search_term_string\"}}],\"inLanguage\":\"fr-FR\"},{\"@type\":\"Organization\",\"@id\":\"https:\\\/\\\/www.alongavecanna.com\\\/fr\\\/#organization\",\"name\":\"Along Avec Anna\",\"url\":\"https:\\\/\\\/www.alongavecanna.com\\\/fr\\\/\",\"logo\":{\"@type\":\"ImageObject\",\"inLanguage\":\"fr-FR\",\"@id\":\"https:\\\/\\\/www.alongavecanna.com\\\/fr\\\/#\\\/schema\\\/logo\\\/image\\\/\",\"url\":\"https:\\\/\\\/www.alongavecanna.com\\\/wp-content\\\/uploads\\\/2023\\\/01\\\/logo-along-avec-anna.png\",\"contentUrl\":\"https:\\\/\\\/www.alongavecanna.com\\\/wp-content\\\/uploads\\\/2023\\\/01\\\/logo-along-avec-anna.png\",\"width\":1728,\"height\":627,\"caption\":\"Along Avec Anna\"},\"image\":{\"@id\":\"https:\\\/\\\/www.alongavecanna.com\\\/fr\\\/#\\\/schema\\\/logo\\\/image\\\/\"},\"sameAs\":[\"https:\\\/\\\/facebook.com\\\/alongavecanna\",\"https:\\\/\\\/www.instagram.com\\\/along.avec.anna\\\/\"]}]}<\/script>\n<!-- \/ Yoast SEO plugin. -->","yoast_head_json":{"title":"Armelle Slipover - Along Avec Anna","robots":{"index":"index","follow":"follow","max-snippet":"max-snippet:-1","max-image-preview":"max-image-preview:large","max-video-preview":"max-video-preview:-1"},"canonical":"https:\/\/www.alongavecanna.com\/fr\/produit\/armelle-slipover-2\/","og_locale":"fr_FR","og_type":"article","og_title":"Armelle Slipover - Along Avec Anna","og_description":"&nbsp; Armelle (Slipover) est un joli pull sans manche pour femme, qui poss\u00e8de un col roul\u00e9 sur une encolure d\u00e9licate. Il se tricote du bas vers le haut. Il a un joli point textur\u00e9 et des c\u00f4tes 2x2. Il est tricot\u00e9 avec un fil de poids fingering tenu en double avec un fil de Silk Mohair.","og_url":"https:\/\/www.alongavecanna.com\/fr\/produit\/armelle-slipover-2\/","og_site_name":"Along Avec Anna","article_publisher":"https:\/\/facebook.com\/alongavecanna","article_modified_time":"2024-11-09T10:31:10+00:00","og_image":[{"width":1024,"height":1536,"url":"https:\/\/www.alongavecanna.com\/wp-content\/uploads\/2021\/10\/Alongavecannaaw-7.jpg","type":"image\/jpeg"}],"twitter_card":"summary_large_image","twitter_misc":{"Dur\u00e9e de lecture estim\u00e9e":"1 minute"},"schema":{"@context":"https:\/\/schema.org","@graph":[{"@type":"WebPage","@id":"https:\/\/www.alongavecanna.com\/fr\/produit\/armelle-slipover-2\/","url":"https:\/\/www.alongavecanna.com\/fr\/produit\/armelle-slipover-2\/","name":"Armelle Slipover - Along Avec Anna","isPartOf":{"@id":"https:\/\/www.alongavecanna.com\/fr\/#website"},"primaryImageOfPage":{"@id":"https:\/\/www.alongavecanna.com\/fr\/produit\/armelle-slipover-2\/#primaryimage"},"image":{"@id":"https:\/\/www.alongavecanna.com\/fr\/produit\/armelle-slipover-2\/#primaryimage"},"thumbnailUrl":"https:\/\/www.alongavecanna.com\/wp-content\/uploads\/2021\/10\/Alongavecannaaw-7.jpg","datePublished":"2021-10-21T20:43:58+00:00","dateModified":"2024-11-09T10:31:10+00:00","breadcrumb":{"@id":"https:\/\/www.alongavecanna.com\/fr\/produit\/armelle-slipover-2\/#breadcrumb"},"inLanguage":"fr-FR","potentialAction":[{"@type":"ReadAction","target":["https:\/\/www.alongavecanna.com\/fr\/produit\/armelle-slipover-2\/"]}]},{"@type":"ImageObject","inLanguage":"fr-FR","@id":"https:\/\/www.alongavecanna.com\/fr\/produit\/armelle-slipover-2\/#primaryimage","url":"https:\/\/www.alongavecanna.com\/wp-content\/uploads\/2021\/10\/Alongavecannaaw-7.jpg","contentUrl":"https:\/\/www.alongavecanna.com\/wp-content\/uploads\/2021\/10\/Alongavecannaaw-7.jpg","width":1024,"height":1536},{"@type":"BreadcrumbList","@id":"https:\/\/www.alongavecanna.com\/fr\/produit\/armelle-slipover-2\/#breadcrumb","itemListElement":[{"@type":"ListItem","position":1,"name":"Home","item":"https:\/\/www.alongavecanna.com\/fr\/"},{"@type":"ListItem","position":2,"name":"Produits","item":"https:\/\/www.alongavecanna.com\/fr\/shop\/"},{"@type":"ListItem","position":3,"name":"Armelle Slipover"}]},{"@type":"WebSite","@id":"https:\/\/www.alongavecanna.com\/fr\/#website","url":"https:\/\/www.alongavecanna.com\/fr\/","name":"Along Avec Anna","description":"Ethical yarn &amp; timeless knitting patterns","publisher":{"@id":"https:\/\/www.alongavecanna.com\/fr\/#organization"},"potentialAction":[{"@type":"SearchAction","target":{"@type":"EntryPoint","urlTemplate":"https:\/\/www.alongavecanna.com\/fr\/?s={search_term_string}"},"query-input":{"@type":"PropertyValueSpecification","valueRequired":true,"valueName":"search_term_string"}}],"inLanguage":"fr-FR"},{"@type":"Organization","@id":"https:\/\/www.alongavecanna.com\/fr\/#organization","name":"Along Avec Anna","url":"https:\/\/www.alongavecanna.com\/fr\/","logo":{"@type":"ImageObject","inLanguage":"fr-FR","@id":"https:\/\/www.alongavecanna.com\/fr\/#\/schema\/logo\/image\/","url":"https:\/\/www.alongavecanna.com\/wp-content\/uploads\/2023\/01\/logo-along-avec-anna.png","contentUrl":"https:\/\/www.alongavecanna.com\/wp-content\/uploads\/2023\/01\/logo-along-avec-anna.png","width":1728,"height":627,"caption":"Along Avec Anna"},"image":{"@id":"https:\/\/www.alongavecanna.com\/fr\/#\/schema\/logo\/image\/"},"sameAs":["https:\/\/facebook.com\/alongavecanna","https:\/\/www.instagram.com\/along.avec.anna\/"]}]}},"_links":{"self":[{"href":"https:\/\/www.alongavecanna.com\/fr\/wp-json\/wp\/v2\/product\/51479","targetHints":{"allow":["GET"]}}],"collection":[{"href":"https:\/\/www.alongavecanna.com\/fr\/wp-json\/wp\/v2\/product"}],"about":[{"href":"https:\/\/www.alongavecanna.com\/fr\/wp-json\/wp\/v2\/types\/product"}],"replies":[{"embeddable":true,"href":"https:\/\/www.alongavecanna.com\/fr\/wp-json\/wp\/v2\/comments?post=51479"}],"version-history":[{"count":0,"href":"https:\/\/www.alongavecanna.com\/fr\/wp-json\/wp\/v2\/product\/51479\/revisions"}],"wp:featuredmedia":[{"embeddable":true,"href":"https:\/\/www.alongavecanna.com\/fr\/wp-json\/wp\/v2\/media\/70361"}],"wp:attachment":[{"href":"https:\/\/www.alongavecanna.com\/fr\/wp-json\/wp\/v2\/media?parent=51479"}],"wp:term":[{"taxonomy":"product_brand","embeddable":true,"href":"https:\/\/www.alongavecanna.com\/fr\/wp-json\/wp\/v2\/product_brand?post=51479"},{"taxonomy":"product_cat","embeddable":true,"href":"https:\/\/www.alongavecanna.com\/fr\/wp-json\/wp\/v2\/product_cat?post=51479"},{"taxonomy":"product_tag","embeddable":true,"href":"https:\/\/www.alongavecanna.com\/fr\/wp-json\/wp\/v2\/product_tag?post=51479"}],"curies":[{"name":"wp","href":"https:\/\/api.w.org\/{rel}","templated":true}]}}