{"id":51466,"date":"2021-12-16T22:57:05","date_gmt":"2021-12-16T22:57:05","guid":{"rendered":"https:\/\/preprod.alongavecanna.com\/product\/wisteria-jumper\/"},"modified":"2023-09-29T21:42:48","modified_gmt":"2023-09-29T21:42:48","slug":"wisteria-jumper","status":"publish","type":"product","link":"https:\/\/www.alongavecanna.com\/fr\/produit\/wisteria-jumper\/","title":{"rendered":"Wisteria (Jumper)"},"content":{"rendered":"<p><strong>Wisteria<\/strong> est un pull \u00e0 manches raglan tricot\u00e9 avec deux fils (un merino fingering et un mohair lace) pour le rendre bien chaud pour les mois frais. Il poss\u00e8de un col chemin\u00e9e, un corps tout en dentelle. Se tricote du haut vers le bas.<\/p>\n<p><strong>Tailles <\/strong>(mensurations tour de poitrine v\u00eatement fini) : 80, 88, 96 (104, 112, 120) 128, 136, 144 152, 160 cm<\/p>\n<p><strong>\u00c9chantillon<\/strong>: 20 m x 30 rgs = 10 cm en jersey \/ 15 m x 48 rgs = 8 x 17 cm en dentelle<\/p>\n<p><strong>Aisance recommand\u00e9e<\/strong>: aisance positive entre 5 et 10 cm.<\/p>\n<p><strong>Laine(s)<\/strong>: Deux fils \u00e0 tricoter ensemble &#8211; un fil merino fingering et un fil de lace mohair. Environ 950, 980, 1030 (1115, 1200, 1250) 1350, 1500, 1700 1800, 1900 m\u00e8tres de fil fingering et une quantit\u00e9 \u00e9quivalente de mohair lace.<\/p>\n<p>Ou 5, 5, 6 (6, 6, 7) 7, 8, 9 9, 10 balles de Merino Along avec Anna et 5, 5, 5 (6, 6, 6) 7, 7, 8 9, 9 balles de Silk Mohair Along avec Anna<\/p>\n<p><em>Sample version <\/em>:<br \/>\nAlong avec Anna, Merino &amp; Silk Mohair, coloris Colombe. Tricot\u00e9 avec 8 cm d\u2019aisance positive.<\/p>\n<p><strong>Aiguilles recommand\u00e9es <\/strong>: 4.5mm\/US 7 pour le corps et les manches et 3.75mm\/US 5 pour les c\u00f4tes<\/p>\n<p><strong>Mat\u00e9riel <\/strong>: anneaux marqueurs, morceaux de laine pour mettre les mailles en attente, aiguille \u00e0 laine pour rentrer les fils<\/p>\n","protected":false},"excerpt":{"rendered":"<p><strong>Wisteria<\/strong> est un pull \u00e0 manches raglan tricot\u00e9 avec deux fils (un merino fingering et un mohair lace) pour le rendre bien chaud pour les mois frais. Il poss\u00e8de un col chemin\u00e9e, un corps tout en dentelle. Se tricote du haut vers le bas.<\/p>\n<p><strong>Tailles <\/strong>(mensurations tour de poitrine v\u00eatement fini) : 80, 88, 96 (104, 112, 120) 128, 136, 144 152, 160 cm<\/p>\n<p><strong>\u00c9chantillon<\/strong>: 20 m x 30 rgs = 10 cm en jersey \/ 15 m x 48 rgs = 8 x 17 cm en dentelle<\/p>\n<p><strong>Aisance recommand\u00e9e<\/strong>: aisance positive entre 5 et 10 cm.<\/p>\n<p><strong>Laine(s)<\/strong>: Deux fils \u00e0 tricoter ensemble &#8211; un fil merino fingering et un fil de lace mohair. Environ 950, 980, 1030 (1115, 1200, 1250) 1350, 1500, 1700 1800, 1900 m\u00e8tres de fil fingering et une quantit\u00e9 \u00e9quivalente de mohair lace.<\/p>\n<p>Ou 5, 5, 6 (6, 6, 7) 7, 8, 9 9, 10 balles de Merino Along avec Anna et 5, 5, 5 (6, 6, 6) 7, 7, 8 9, 9 balles de Silk Mohair Along avec Anna<\/p>\n<p><em>Sample version <\/em>:<br \/>\nAlong avec Anna, Merino &amp; Silk Mohair, coloris Colombe. Tricot\u00e9 avec 8 cm d\u2019aisance positive.<\/p>\n<p><strong>Aiguilles recommand\u00e9es <\/strong>: 4.5mm\/US 7 pour le corps et les manches et 3.75mm\/US 5 pour les c\u00f4tes<\/p>\n<p><strong>Mat\u00e9riel <\/strong>: anneaux marqueurs, morceaux de laine pour mettre les mailles en attente, aiguille \u00e0 laine pour rentrer les fils<\/p>\n","protected":false},"featured_media":60362,"comment_status":"closed","ping_status":"closed","template":"","meta":[],"product_brand":[],"product_cat":[380,376,377,381],"product_tag":[],"class_list":{"0":"post-51466","1":"product","2":"type-product","3":"status-publish","4":"has-post-thumbnail","6":"product_cat-patrons-anglais","7":"product_cat-patrons-de-tricot","8":"product_cat-patrons-femme","9":"product_cat-patrons-francais","11":"first","12":"instock","13":"downloadable","14":"virtual","15":"taxable","16":"purchasable","17":"product-type-simple"},"yoast_head":"<!-- This site is optimized with the Yoast SEO plugin v27.4 - https:\/\/yoast.com\/product\/yoast-seo-wordpress\/ -->\n<title>Wisteria (Jumper) - Along Avec Anna<\/title>\n<meta name=\"robots\" content=\"index, follow, max-snippet:-1, max-image-preview:large, max-video-preview:-1\" \/>\n<link rel=\"canonical\" href=\"https:\/\/www.alongavecanna.com\/fr\/produit\/wisteria-jumper\/\" \/>\n<meta property=\"og:locale\" content=\"fr_FR\" \/>\n<meta property=\"og:type\" content=\"article\" \/>\n<meta property=\"og:title\" content=\"Wisteria (Jumper) - Along Avec Anna\" \/>\n<meta property=\"og:description\" content=\"Wisteria est un pull \u00e0 manches raglan tricot\u00e9 avec deux fils (un merino fingering et un mohair lace) pour le rendre bien chaud pour les mois frais. Il poss\u00e8de un col chemin\u00e9e, un corps tout en dentelle. Se tricote du haut vers le bas.  Tailles (mensurations tour de poitrine v\u00eatement fini) : 80, 88, 96 (104, 112, 120) 128, 136, 144 152, 160 cm  \u00c9chantillon: 20 m x 30 rgs = 10 cm en jersey \/ 15 m x 48 rgs = 8 x 17 cm en dentelle  Aisance recommand\u00e9e: aisance positive entre 5 et 10 cm.  Laine(s): Deux fils \u00e0 tricoter ensemble - un fil merino fingering et un fil de lace mohair. Environ 950, 980, 1030 (1115, 1200, 1250) 1350, 1500, 1700 1800, 1900 m\u00e8tres de fil fingering et une quantit\u00e9 \u00e9quivalente de mohair lace.  Ou 5, 5, 6 (6, 6, 7) 7, 8, 9 9, 10 balles de Merino Along avec Anna et 5, 5, 5 (6, 6, 6) 7, 7, 8 9, 9 balles de Silk Mohair Along avec Anna  Sample version : Along avec Anna, Merino &amp; Silk Mohair, coloris Colombe. Tricot\u00e9 avec 8 cm d\u2019aisance positive.  Aiguilles recommand\u00e9es : 4.5mm\/US 7 pour le corps et les manches et 3.75mm\/US 5 pour les c\u00f4tes  Mat\u00e9riel : anneaux marqueurs, morceaux de laine pour mettre les mailles en attente, aiguille \u00e0 laine pour rentrer les fils\" \/>\n<meta property=\"og:url\" content=\"https:\/\/www.alongavecanna.com\/fr\/produit\/wisteria-jumper\/\" \/>\n<meta property=\"og:site_name\" content=\"Along Avec Anna\" \/>\n<meta property=\"article:publisher\" content=\"https:\/\/facebook.com\/alongavecanna\" \/>\n<meta property=\"article:modified_time\" content=\"2023-09-29T21:42:48+00:00\" \/>\n<meta property=\"og:image\" content=\"https:\/\/www.alongavecanna.com\/wp-content\/uploads\/2021\/12\/AlongAvecAnna-393.jpg\" \/>\n\t<meta property=\"og:image:width\" content=\"1024\" \/>\n\t<meta property=\"og:image:height\" content=\"1536\" \/>\n\t<meta property=\"og:image:type\" content=\"image\/jpeg\" \/>\n<meta name=\"twitter:card\" content=\"summary_large_image\" \/>\n<meta name=\"twitter:label1\" content=\"Dur\u00e9e de lecture estim\u00e9e\" \/>\n\t<meta name=\"twitter:data1\" content=\"1 minute\" \/>\n<script type=\"application\/ld+json\" class=\"yoast-schema-graph\">{\"@context\":\"https:\\\/\\\/schema.org\",\"@graph\":[{\"@type\":\"WebPage\",\"@id\":\"https:\\\/\\\/www.alongavecanna.com\\\/fr\\\/produit\\\/wisteria-jumper\\\/\",\"url\":\"https:\\\/\\\/www.alongavecanna.com\\\/fr\\\/produit\\\/wisteria-jumper\\\/\",\"name\":\"Wisteria (Jumper) - Along Avec Anna\",\"isPartOf\":{\"@id\":\"https:\\\/\\\/www.alongavecanna.com\\\/fr\\\/#website\"},\"primaryImageOfPage\":{\"@id\":\"https:\\\/\\\/www.alongavecanna.com\\\/fr\\\/produit\\\/wisteria-jumper\\\/#primaryimage\"},\"image\":{\"@id\":\"https:\\\/\\\/www.alongavecanna.com\\\/fr\\\/produit\\\/wisteria-jumper\\\/#primaryimage\"},\"thumbnailUrl\":\"https:\\\/\\\/www.alongavecanna.com\\\/wp-content\\\/uploads\\\/2021\\\/12\\\/AlongAvecAnna-393.jpg\",\"datePublished\":\"2021-12-16T22:57:05+00:00\",\"dateModified\":\"2023-09-29T21:42:48+00:00\",\"breadcrumb\":{\"@id\":\"https:\\\/\\\/www.alongavecanna.com\\\/fr\\\/produit\\\/wisteria-jumper\\\/#breadcrumb\"},\"inLanguage\":\"fr-FR\",\"potentialAction\":[{\"@type\":\"ReadAction\",\"target\":[\"https:\\\/\\\/www.alongavecanna.com\\\/fr\\\/produit\\\/wisteria-jumper\\\/\"]}]},{\"@type\":\"ImageObject\",\"inLanguage\":\"fr-FR\",\"@id\":\"https:\\\/\\\/www.alongavecanna.com\\\/fr\\\/produit\\\/wisteria-jumper\\\/#primaryimage\",\"url\":\"https:\\\/\\\/www.alongavecanna.com\\\/wp-content\\\/uploads\\\/2021\\\/12\\\/AlongAvecAnna-393.jpg\",\"contentUrl\":\"https:\\\/\\\/www.alongavecanna.com\\\/wp-content\\\/uploads\\\/2021\\\/12\\\/AlongAvecAnna-393.jpg\",\"width\":1024,\"height\":1536},{\"@type\":\"BreadcrumbList\",\"@id\":\"https:\\\/\\\/www.alongavecanna.com\\\/fr\\\/produit\\\/wisteria-jumper\\\/#breadcrumb\",\"itemListElement\":[{\"@type\":\"ListItem\",\"position\":1,\"name\":\"Home\",\"item\":\"https:\\\/\\\/www.alongavecanna.com\\\/fr\\\/\"},{\"@type\":\"ListItem\",\"position\":2,\"name\":\"Produits\",\"item\":\"https:\\\/\\\/www.alongavecanna.com\\\/fr\\\/shop\\\/\"},{\"@type\":\"ListItem\",\"position\":3,\"name\":\"Wisteria (Jumper)\"}]},{\"@type\":\"WebSite\",\"@id\":\"https:\\\/\\\/www.alongavecanna.com\\\/fr\\\/#website\",\"url\":\"https:\\\/\\\/www.alongavecanna.com\\\/fr\\\/\",\"name\":\"Along Avec Anna\",\"description\":\"Ethical yarn &amp; timeless knitting patterns\",\"publisher\":{\"@id\":\"https:\\\/\\\/www.alongavecanna.com\\\/fr\\\/#organization\"},\"potentialAction\":[{\"@type\":\"SearchAction\",\"target\":{\"@type\":\"EntryPoint\",\"urlTemplate\":\"https:\\\/\\\/www.alongavecanna.com\\\/fr\\\/?s={search_term_string}\"},\"query-input\":{\"@type\":\"PropertyValueSpecification\",\"valueRequired\":true,\"valueName\":\"search_term_string\"}}],\"inLanguage\":\"fr-FR\"},{\"@type\":\"Organization\",\"@id\":\"https:\\\/\\\/www.alongavecanna.com\\\/fr\\\/#organization\",\"name\":\"Along Avec Anna\",\"url\":\"https:\\\/\\\/www.alongavecanna.com\\\/fr\\\/\",\"logo\":{\"@type\":\"ImageObject\",\"inLanguage\":\"fr-FR\",\"@id\":\"https:\\\/\\\/www.alongavecanna.com\\\/fr\\\/#\\\/schema\\\/logo\\\/image\\\/\",\"url\":\"https:\\\/\\\/www.alongavecanna.com\\\/wp-content\\\/uploads\\\/2023\\\/01\\\/logo-along-avec-anna.png\",\"contentUrl\":\"https:\\\/\\\/www.alongavecanna.com\\\/wp-content\\\/uploads\\\/2023\\\/01\\\/logo-along-avec-anna.png\",\"width\":1728,\"height\":627,\"caption\":\"Along Avec Anna\"},\"image\":{\"@id\":\"https:\\\/\\\/www.alongavecanna.com\\\/fr\\\/#\\\/schema\\\/logo\\\/image\\\/\"},\"sameAs\":[\"https:\\\/\\\/facebook.com\\\/alongavecanna\",\"https:\\\/\\\/www.instagram.com\\\/along.avec.anna\\\/\"]}]}<\/script>\n<!-- \/ Yoast SEO plugin. -->","yoast_head_json":{"title":"Wisteria (Jumper) - Along Avec Anna","robots":{"index":"index","follow":"follow","max-snippet":"max-snippet:-1","max-image-preview":"max-image-preview:large","max-video-preview":"max-video-preview:-1"},"canonical":"https:\/\/www.alongavecanna.com\/fr\/produit\/wisteria-jumper\/","og_locale":"fr_FR","og_type":"article","og_title":"Wisteria (Jumper) - Along Avec Anna","og_description":"Wisteria est un pull \u00e0 manches raglan tricot\u00e9 avec deux fils (un merino fingering et un mohair lace) pour le rendre bien chaud pour les mois frais. Il poss\u00e8de un col chemin\u00e9e, un corps tout en dentelle. Se tricote du haut vers le bas.  Tailles (mensurations tour de poitrine v\u00eatement fini) : 80, 88, 96 (104, 112, 120) 128, 136, 144 152, 160 cm  \u00c9chantillon: 20 m x 30 rgs = 10 cm en jersey \/ 15 m x 48 rgs = 8 x 17 cm en dentelle  Aisance recommand\u00e9e: aisance positive entre 5 et 10 cm.  Laine(s): Deux fils \u00e0 tricoter ensemble - un fil merino fingering et un fil de lace mohair. Environ 950, 980, 1030 (1115, 1200, 1250) 1350, 1500, 1700 1800, 1900 m\u00e8tres de fil fingering et une quantit\u00e9 \u00e9quivalente de mohair lace.  Ou 5, 5, 6 (6, 6, 7) 7, 8, 9 9, 10 balles de Merino Along avec Anna et 5, 5, 5 (6, 6, 6) 7, 7, 8 9, 9 balles de Silk Mohair Along avec Anna  Sample version : Along avec Anna, Merino &amp; Silk Mohair, coloris Colombe. Tricot\u00e9 avec 8 cm d\u2019aisance positive.  Aiguilles recommand\u00e9es : 4.5mm\/US 7 pour le corps et les manches et 3.75mm\/US 5 pour les c\u00f4tes  Mat\u00e9riel : anneaux marqueurs, morceaux de laine pour mettre les mailles en attente, aiguille \u00e0 laine pour rentrer les fils","og_url":"https:\/\/www.alongavecanna.com\/fr\/produit\/wisteria-jumper\/","og_site_name":"Along Avec Anna","article_publisher":"https:\/\/facebook.com\/alongavecanna","article_modified_time":"2023-09-29T21:42:48+00:00","og_image":[{"width":1024,"height":1536,"url":"https:\/\/www.alongavecanna.com\/wp-content\/uploads\/2021\/12\/AlongAvecAnna-393.jpg","type":"image\/jpeg"}],"twitter_card":"summary_large_image","twitter_misc":{"Dur\u00e9e de lecture estim\u00e9e":"1 minute"},"schema":{"@context":"https:\/\/schema.org","@graph":[{"@type":"WebPage","@id":"https:\/\/www.alongavecanna.com\/fr\/produit\/wisteria-jumper\/","url":"https:\/\/www.alongavecanna.com\/fr\/produit\/wisteria-jumper\/","name":"Wisteria (Jumper) - Along Avec Anna","isPartOf":{"@id":"https:\/\/www.alongavecanna.com\/fr\/#website"},"primaryImageOfPage":{"@id":"https:\/\/www.alongavecanna.com\/fr\/produit\/wisteria-jumper\/#primaryimage"},"image":{"@id":"https:\/\/www.alongavecanna.com\/fr\/produit\/wisteria-jumper\/#primaryimage"},"thumbnailUrl":"https:\/\/www.alongavecanna.com\/wp-content\/uploads\/2021\/12\/AlongAvecAnna-393.jpg","datePublished":"2021-12-16T22:57:05+00:00","dateModified":"2023-09-29T21:42:48+00:00","breadcrumb":{"@id":"https:\/\/www.alongavecanna.com\/fr\/produit\/wisteria-jumper\/#breadcrumb"},"inLanguage":"fr-FR","potentialAction":[{"@type":"ReadAction","target":["https:\/\/www.alongavecanna.com\/fr\/produit\/wisteria-jumper\/"]}]},{"@type":"ImageObject","inLanguage":"fr-FR","@id":"https:\/\/www.alongavecanna.com\/fr\/produit\/wisteria-jumper\/#primaryimage","url":"https:\/\/www.alongavecanna.com\/wp-content\/uploads\/2021\/12\/AlongAvecAnna-393.jpg","contentUrl":"https:\/\/www.alongavecanna.com\/wp-content\/uploads\/2021\/12\/AlongAvecAnna-393.jpg","width":1024,"height":1536},{"@type":"BreadcrumbList","@id":"https:\/\/www.alongavecanna.com\/fr\/produit\/wisteria-jumper\/#breadcrumb","itemListElement":[{"@type":"ListItem","position":1,"name":"Home","item":"https:\/\/www.alongavecanna.com\/fr\/"},{"@type":"ListItem","position":2,"name":"Produits","item":"https:\/\/www.alongavecanna.com\/fr\/shop\/"},{"@type":"ListItem","position":3,"name":"Wisteria (Jumper)"}]},{"@type":"WebSite","@id":"https:\/\/www.alongavecanna.com\/fr\/#website","url":"https:\/\/www.alongavecanna.com\/fr\/","name":"Along Avec Anna","description":"Ethical yarn &amp; timeless knitting patterns","publisher":{"@id":"https:\/\/www.alongavecanna.com\/fr\/#organization"},"potentialAction":[{"@type":"SearchAction","target":{"@type":"EntryPoint","urlTemplate":"https:\/\/www.alongavecanna.com\/fr\/?s={search_term_string}"},"query-input":{"@type":"PropertyValueSpecification","valueRequired":true,"valueName":"search_term_string"}}],"inLanguage":"fr-FR"},{"@type":"Organization","@id":"https:\/\/www.alongavecanna.com\/fr\/#organization","name":"Along Avec Anna","url":"https:\/\/www.alongavecanna.com\/fr\/","logo":{"@type":"ImageObject","inLanguage":"fr-FR","@id":"https:\/\/www.alongavecanna.com\/fr\/#\/schema\/logo\/image\/","url":"https:\/\/www.alongavecanna.com\/wp-content\/uploads\/2023\/01\/logo-along-avec-anna.png","contentUrl":"https:\/\/www.alongavecanna.com\/wp-content\/uploads\/2023\/01\/logo-along-avec-anna.png","width":1728,"height":627,"caption":"Along Avec Anna"},"image":{"@id":"https:\/\/www.alongavecanna.com\/fr\/#\/schema\/logo\/image\/"},"sameAs":["https:\/\/facebook.com\/alongavecanna","https:\/\/www.instagram.com\/along.avec.anna\/"]}]}},"_links":{"self":[{"href":"https:\/\/www.alongavecanna.com\/fr\/wp-json\/wp\/v2\/product\/51466","targetHints":{"allow":["GET"]}}],"collection":[{"href":"https:\/\/www.alongavecanna.com\/fr\/wp-json\/wp\/v2\/product"}],"about":[{"href":"https:\/\/www.alongavecanna.com\/fr\/wp-json\/wp\/v2\/types\/product"}],"replies":[{"embeddable":true,"href":"https:\/\/www.alongavecanna.com\/fr\/wp-json\/wp\/v2\/comments?post=51466"}],"version-history":[{"count":0,"href":"https:\/\/www.alongavecanna.com\/fr\/wp-json\/wp\/v2\/product\/51466\/revisions"}],"wp:featuredmedia":[{"embeddable":true,"href":"https:\/\/www.alongavecanna.com\/fr\/wp-json\/wp\/v2\/media\/60362"}],"wp:attachment":[{"href":"https:\/\/www.alongavecanna.com\/fr\/wp-json\/wp\/v2\/media?parent=51466"}],"wp:term":[{"taxonomy":"product_brand","embeddable":true,"href":"https:\/\/www.alongavecanna.com\/fr\/wp-json\/wp\/v2\/product_brand?post=51466"},{"taxonomy":"product_cat","embeddable":true,"href":"https:\/\/www.alongavecanna.com\/fr\/wp-json\/wp\/v2\/product_cat?post=51466"},{"taxonomy":"product_tag","embeddable":true,"href":"https:\/\/www.alongavecanna.com\/fr\/wp-json\/wp\/v2\/product_tag?post=51466"}],"curies":[{"name":"wp","href":"https:\/\/api.w.org\/{rel}","templated":true}]}}