{"id":51438,"date":"2022-04-28T22:14:31","date_gmt":"2022-04-28T22:14:31","guid":{"rendered":"https:\/\/preprod.alongavecanna.com\/product\/snow-drop-cardigan\/"},"modified":"2023-02-10T20:11:47","modified_gmt":"2023-02-10T20:11:47","slug":"snow-drop-cardigan","status":"publish","type":"product","link":"https:\/\/www.alongavecanna.com\/fr\/produit\/snow-drop-cardigan\/","title":{"rendered":"Snow Drop Cardigan"},"content":{"rendered":"<p style=\"text-align: justify;\"><strong>Tailles <\/strong>: 90, 95, 100, 105 (110, 115, 120, 125) [130, 135, 140] 150, 160, 170 cm de tour de poitrine v\u00eatement fini<\/p>\n<p style=\"text-align: justify;\"><strong>isance recommand\u00e9e<\/strong>: entre 10 et 15cm<\/p>\n<p style=\"text-align: justify;\"><strong>Echantillons <\/strong>: 20 m x 24 rgs = 9.5cm x 8cm en motif de mailles doubles \u00e0 plat<br \/>\n18 m x 36 rgs = 10cm en demi-c\u00f4tes anglaises \u00e0 plat<br \/>\nen aiguilles 4mm\/US 6<\/p>\n<p style=\"text-align: justify;\"><em>Note<\/em> : une maille double compte pour deux rangs, donc 36 rgs = 18m double<\/p>\n<p style=\"text-align: justify;\"><strong>Laine<\/strong>: Deux fils de mohair \u00e0 tricoter ensemble &gt;-&gt; Silk Mohair ; Along Avec Anna = 25g\/210m<\/p>\n<p style=\"text-align: justify;\">1965, 2035, 2175, 2290 (2430, 2610, 2730, 2905) [3025, 3170, 3345] 3700, 4060, 4385 m\u00e8tres or 10, 10, 11, 11 (12, 13, 13, 14) [15, 16, 16] 18, 20, 21 pelotes de Silk Mohair Along avec Anna<\/p>\n<p style=\"text-align: justify;\"><em>Version de pr\u00e9sentation<\/em>: Along Avec Anna ; Silk Mohair ; Coloris \u201cTomette\u201d ; tricot\u00e9 avec 15 cm d\u2019aisance.<\/p>\n<p style=\"text-align: justify;\"><strong>Aiguilles pr\u00e9conis\u00e9es<\/strong> (si votre \u00e9chantillon correspond bien) :<br \/>\n4mm\/US 6 pour le corps et la bande de boutonnage<br \/>\n3.75mm\/US 5 pour les c\u00f4tes 1\/1 (poignets et bas du corps)<\/p>\n<p style=\"text-align: justify;\"><strong>Mat\u00e9riel <\/strong> : anneaux marqueurs diff\u00e9rents pour les raglans et la dentelle, morceaux de laine pour mettre les mailles en attente, aiguille \u00e0 laine pour rentrer les fils<br \/>\n<em>Optionnel<\/em> : 7 boutons de 12mm<\/p>\n","protected":false},"excerpt":{"rendered":"<p style=\"text-align: justify;\"><strong>Le gilet Snow Drop<\/strong> est un mod\u00e8le en demi-c\u00f4tes anglaises qui poss\u00e8de une belle encolure en V et de jolies manches ballon \u00e0 motif. Il est tricot\u00e9 avec deux fils de mohair tenus ensemble, ce qui le rend moelleux et doux.<\/p>\n<p style=\"text-align: justify;\">Il se tricote du haut vers le bas et la bande d\u2019encolure se fait en m\u00eame temps que le corps.<\/p>\n<p style=\"text-align: justify;\">Niveau tricoteur interm\u00e9diaire.<\/p>\n","protected":false},"featured_media":51437,"comment_status":"closed","ping_status":"closed","template":"","meta":[],"product_brand":[],"product_cat":[380,377,381,463],"product_tag":[],"class_list":{"0":"post-51438","1":"product","2":"type-product","3":"status-publish","4":"has-post-thumbnail","6":"product_cat-patrons-anglais","7":"product_cat-patrons-femme","8":"product_cat-patrons-francais","9":"product_cat-tricots-de-saison","11":"first","12":"instock","13":"downloadable","14":"virtual","15":"taxable","16":"purchasable","17":"product-type-simple"},"yoast_head":"<!-- This site is optimized with the Yoast SEO plugin v27.4 - https:\/\/yoast.com\/product\/yoast-seo-wordpress\/ -->\n<title>Snow Drop Cardigan - Along Avec Anna<\/title>\n<meta name=\"robots\" content=\"index, follow, max-snippet:-1, max-image-preview:large, max-video-preview:-1\" \/>\n<link rel=\"canonical\" href=\"https:\/\/www.alongavecanna.com\/fr\/produit\/snow-drop-cardigan\/\" \/>\n<meta property=\"og:locale\" content=\"fr_FR\" \/>\n<meta property=\"og:type\" content=\"article\" \/>\n<meta property=\"og:title\" content=\"Snow Drop Cardigan - Along Avec Anna\" \/>\n<meta property=\"og:description\" content=\"Le gilet Snow Drop est un mod\u00e8le en demi-c\u00f4tes anglaises qui poss\u00e8de une belle encolure en V et de jolies manches ballon \u00e0 motif. Il est tricot\u00e9 avec deux fils de mohair tenus ensemble, ce qui le rend moelleux et doux. Il se tricote du haut vers le bas et la bande d\u2019encolure se fait en m\u00eame temps que le corps. Niveau tricoteur interm\u00e9diaire.\" \/>\n<meta property=\"og:url\" content=\"https:\/\/www.alongavecanna.com\/fr\/produit\/snow-drop-cardigan\/\" \/>\n<meta property=\"og:site_name\" content=\"Along Avec Anna\" \/>\n<meta property=\"article:publisher\" content=\"https:\/\/facebook.com\/alongavecanna\" \/>\n<meta property=\"article:modified_time\" content=\"2023-02-10T20:11:47+00:00\" \/>\n<meta property=\"og:image\" content=\"https:\/\/www.alongavecanna.com\/wp-content\/uploads\/2022\/04\/Along_avec_anna_snow_drop_cardigan.jpg\" \/>\n\t<meta property=\"og:image:width\" content=\"1500\" \/>\n\t<meta property=\"og:image:height\" content=\"2250\" \/>\n\t<meta property=\"og:image:type\" content=\"image\/jpeg\" \/>\n<meta name=\"twitter:card\" content=\"summary_large_image\" \/>\n<meta name=\"twitter:label1\" content=\"Dur\u00e9e de lecture estim\u00e9e\" \/>\n\t<meta name=\"twitter:data1\" content=\"1 minute\" \/>\n<script type=\"application\/ld+json\" class=\"yoast-schema-graph\">{\"@context\":\"https:\\\/\\\/schema.org\",\"@graph\":[{\"@type\":\"WebPage\",\"@id\":\"https:\\\/\\\/www.alongavecanna.com\\\/fr\\\/produit\\\/snow-drop-cardigan\\\/\",\"url\":\"https:\\\/\\\/www.alongavecanna.com\\\/fr\\\/produit\\\/snow-drop-cardigan\\\/\",\"name\":\"Snow Drop Cardigan - Along Avec Anna\",\"isPartOf\":{\"@id\":\"https:\\\/\\\/www.alongavecanna.com\\\/fr\\\/#website\"},\"primaryImageOfPage\":{\"@id\":\"https:\\\/\\\/www.alongavecanna.com\\\/fr\\\/produit\\\/snow-drop-cardigan\\\/#primaryimage\"},\"image\":{\"@id\":\"https:\\\/\\\/www.alongavecanna.com\\\/fr\\\/produit\\\/snow-drop-cardigan\\\/#primaryimage\"},\"thumbnailUrl\":\"https:\\\/\\\/www.alongavecanna.com\\\/wp-content\\\/uploads\\\/2022\\\/04\\\/Along_avec_anna_snow_drop_cardigan.jpg\",\"datePublished\":\"2022-04-28T22:14:31+00:00\",\"dateModified\":\"2023-02-10T20:11:47+00:00\",\"breadcrumb\":{\"@id\":\"https:\\\/\\\/www.alongavecanna.com\\\/fr\\\/produit\\\/snow-drop-cardigan\\\/#breadcrumb\"},\"inLanguage\":\"fr-FR\",\"potentialAction\":[{\"@type\":\"ReadAction\",\"target\":[\"https:\\\/\\\/www.alongavecanna.com\\\/fr\\\/produit\\\/snow-drop-cardigan\\\/\"]}]},{\"@type\":\"ImageObject\",\"inLanguage\":\"fr-FR\",\"@id\":\"https:\\\/\\\/www.alongavecanna.com\\\/fr\\\/produit\\\/snow-drop-cardigan\\\/#primaryimage\",\"url\":\"https:\\\/\\\/www.alongavecanna.com\\\/wp-content\\\/uploads\\\/2022\\\/04\\\/Along_avec_anna_snow_drop_cardigan.jpg\",\"contentUrl\":\"https:\\\/\\\/www.alongavecanna.com\\\/wp-content\\\/uploads\\\/2022\\\/04\\\/Along_avec_anna_snow_drop_cardigan.jpg\",\"width\":1500,\"height\":2250,\"caption\":\"SNOW DROP CARDIGAN\"},{\"@type\":\"BreadcrumbList\",\"@id\":\"https:\\\/\\\/www.alongavecanna.com\\\/fr\\\/produit\\\/snow-drop-cardigan\\\/#breadcrumb\",\"itemListElement\":[{\"@type\":\"ListItem\",\"position\":1,\"name\":\"Home\",\"item\":\"https:\\\/\\\/www.alongavecanna.com\\\/fr\\\/\"},{\"@type\":\"ListItem\",\"position\":2,\"name\":\"Produits\",\"item\":\"https:\\\/\\\/www.alongavecanna.com\\\/fr\\\/shop\\\/\"},{\"@type\":\"ListItem\",\"position\":3,\"name\":\"Snow Drop Cardigan\"}]},{\"@type\":\"WebSite\",\"@id\":\"https:\\\/\\\/www.alongavecanna.com\\\/fr\\\/#website\",\"url\":\"https:\\\/\\\/www.alongavecanna.com\\\/fr\\\/\",\"name\":\"Along Avec Anna\",\"description\":\"Ethical yarn &amp; timeless knitting patterns\",\"publisher\":{\"@id\":\"https:\\\/\\\/www.alongavecanna.com\\\/fr\\\/#organization\"},\"potentialAction\":[{\"@type\":\"SearchAction\",\"target\":{\"@type\":\"EntryPoint\",\"urlTemplate\":\"https:\\\/\\\/www.alongavecanna.com\\\/fr\\\/?s={search_term_string}\"},\"query-input\":{\"@type\":\"PropertyValueSpecification\",\"valueRequired\":true,\"valueName\":\"search_term_string\"}}],\"inLanguage\":\"fr-FR\"},{\"@type\":\"Organization\",\"@id\":\"https:\\\/\\\/www.alongavecanna.com\\\/fr\\\/#organization\",\"name\":\"Along Avec Anna\",\"url\":\"https:\\\/\\\/www.alongavecanna.com\\\/fr\\\/\",\"logo\":{\"@type\":\"ImageObject\",\"inLanguage\":\"fr-FR\",\"@id\":\"https:\\\/\\\/www.alongavecanna.com\\\/fr\\\/#\\\/schema\\\/logo\\\/image\\\/\",\"url\":\"https:\\\/\\\/www.alongavecanna.com\\\/wp-content\\\/uploads\\\/2023\\\/01\\\/logo-along-avec-anna.png\",\"contentUrl\":\"https:\\\/\\\/www.alongavecanna.com\\\/wp-content\\\/uploads\\\/2023\\\/01\\\/logo-along-avec-anna.png\",\"width\":1728,\"height\":627,\"caption\":\"Along Avec Anna\"},\"image\":{\"@id\":\"https:\\\/\\\/www.alongavecanna.com\\\/fr\\\/#\\\/schema\\\/logo\\\/image\\\/\"},\"sameAs\":[\"https:\\\/\\\/facebook.com\\\/alongavecanna\",\"https:\\\/\\\/www.instagram.com\\\/along.avec.anna\\\/\"]}]}<\/script>\n<!-- \/ Yoast SEO plugin. -->","yoast_head_json":{"title":"Snow Drop Cardigan - Along Avec Anna","robots":{"index":"index","follow":"follow","max-snippet":"max-snippet:-1","max-image-preview":"max-image-preview:large","max-video-preview":"max-video-preview:-1"},"canonical":"https:\/\/www.alongavecanna.com\/fr\/produit\/snow-drop-cardigan\/","og_locale":"fr_FR","og_type":"article","og_title":"Snow Drop Cardigan - Along Avec Anna","og_description":"Le gilet Snow Drop est un mod\u00e8le en demi-c\u00f4tes anglaises qui poss\u00e8de une belle encolure en V et de jolies manches ballon \u00e0 motif. Il est tricot\u00e9 avec deux fils de mohair tenus ensemble, ce qui le rend moelleux et doux. Il se tricote du haut vers le bas et la bande d\u2019encolure se fait en m\u00eame temps que le corps. Niveau tricoteur interm\u00e9diaire.","og_url":"https:\/\/www.alongavecanna.com\/fr\/produit\/snow-drop-cardigan\/","og_site_name":"Along Avec Anna","article_publisher":"https:\/\/facebook.com\/alongavecanna","article_modified_time":"2023-02-10T20:11:47+00:00","og_image":[{"width":1500,"height":2250,"url":"https:\/\/www.alongavecanna.com\/wp-content\/uploads\/2022\/04\/Along_avec_anna_snow_drop_cardigan.jpg","type":"image\/jpeg"}],"twitter_card":"summary_large_image","twitter_misc":{"Dur\u00e9e de lecture estim\u00e9e":"1 minute"},"schema":{"@context":"https:\/\/schema.org","@graph":[{"@type":"WebPage","@id":"https:\/\/www.alongavecanna.com\/fr\/produit\/snow-drop-cardigan\/","url":"https:\/\/www.alongavecanna.com\/fr\/produit\/snow-drop-cardigan\/","name":"Snow Drop Cardigan - Along Avec Anna","isPartOf":{"@id":"https:\/\/www.alongavecanna.com\/fr\/#website"},"primaryImageOfPage":{"@id":"https:\/\/www.alongavecanna.com\/fr\/produit\/snow-drop-cardigan\/#primaryimage"},"image":{"@id":"https:\/\/www.alongavecanna.com\/fr\/produit\/snow-drop-cardigan\/#primaryimage"},"thumbnailUrl":"https:\/\/www.alongavecanna.com\/wp-content\/uploads\/2022\/04\/Along_avec_anna_snow_drop_cardigan.jpg","datePublished":"2022-04-28T22:14:31+00:00","dateModified":"2023-02-10T20:11:47+00:00","breadcrumb":{"@id":"https:\/\/www.alongavecanna.com\/fr\/produit\/snow-drop-cardigan\/#breadcrumb"},"inLanguage":"fr-FR","potentialAction":[{"@type":"ReadAction","target":["https:\/\/www.alongavecanna.com\/fr\/produit\/snow-drop-cardigan\/"]}]},{"@type":"ImageObject","inLanguage":"fr-FR","@id":"https:\/\/www.alongavecanna.com\/fr\/produit\/snow-drop-cardigan\/#primaryimage","url":"https:\/\/www.alongavecanna.com\/wp-content\/uploads\/2022\/04\/Along_avec_anna_snow_drop_cardigan.jpg","contentUrl":"https:\/\/www.alongavecanna.com\/wp-content\/uploads\/2022\/04\/Along_avec_anna_snow_drop_cardigan.jpg","width":1500,"height":2250,"caption":"SNOW DROP CARDIGAN"},{"@type":"BreadcrumbList","@id":"https:\/\/www.alongavecanna.com\/fr\/produit\/snow-drop-cardigan\/#breadcrumb","itemListElement":[{"@type":"ListItem","position":1,"name":"Home","item":"https:\/\/www.alongavecanna.com\/fr\/"},{"@type":"ListItem","position":2,"name":"Produits","item":"https:\/\/www.alongavecanna.com\/fr\/shop\/"},{"@type":"ListItem","position":3,"name":"Snow Drop Cardigan"}]},{"@type":"WebSite","@id":"https:\/\/www.alongavecanna.com\/fr\/#website","url":"https:\/\/www.alongavecanna.com\/fr\/","name":"Along Avec Anna","description":"Ethical yarn &amp; timeless knitting patterns","publisher":{"@id":"https:\/\/www.alongavecanna.com\/fr\/#organization"},"potentialAction":[{"@type":"SearchAction","target":{"@type":"EntryPoint","urlTemplate":"https:\/\/www.alongavecanna.com\/fr\/?s={search_term_string}"},"query-input":{"@type":"PropertyValueSpecification","valueRequired":true,"valueName":"search_term_string"}}],"inLanguage":"fr-FR"},{"@type":"Organization","@id":"https:\/\/www.alongavecanna.com\/fr\/#organization","name":"Along Avec Anna","url":"https:\/\/www.alongavecanna.com\/fr\/","logo":{"@type":"ImageObject","inLanguage":"fr-FR","@id":"https:\/\/www.alongavecanna.com\/fr\/#\/schema\/logo\/image\/","url":"https:\/\/www.alongavecanna.com\/wp-content\/uploads\/2023\/01\/logo-along-avec-anna.png","contentUrl":"https:\/\/www.alongavecanna.com\/wp-content\/uploads\/2023\/01\/logo-along-avec-anna.png","width":1728,"height":627,"caption":"Along Avec Anna"},"image":{"@id":"https:\/\/www.alongavecanna.com\/fr\/#\/schema\/logo\/image\/"},"sameAs":["https:\/\/facebook.com\/alongavecanna","https:\/\/www.instagram.com\/along.avec.anna\/"]}]}},"_links":{"self":[{"href":"https:\/\/www.alongavecanna.com\/fr\/wp-json\/wp\/v2\/product\/51438","targetHints":{"allow":["GET"]}}],"collection":[{"href":"https:\/\/www.alongavecanna.com\/fr\/wp-json\/wp\/v2\/product"}],"about":[{"href":"https:\/\/www.alongavecanna.com\/fr\/wp-json\/wp\/v2\/types\/product"}],"replies":[{"embeddable":true,"href":"https:\/\/www.alongavecanna.com\/fr\/wp-json\/wp\/v2\/comments?post=51438"}],"version-history":[{"count":0,"href":"https:\/\/www.alongavecanna.com\/fr\/wp-json\/wp\/v2\/product\/51438\/revisions"}],"wp:featuredmedia":[{"embeddable":true,"href":"https:\/\/www.alongavecanna.com\/fr\/wp-json\/wp\/v2\/media\/51437"}],"wp:attachment":[{"href":"https:\/\/www.alongavecanna.com\/fr\/wp-json\/wp\/v2\/media?parent=51438"}],"wp:term":[{"taxonomy":"product_brand","embeddable":true,"href":"https:\/\/www.alongavecanna.com\/fr\/wp-json\/wp\/v2\/product_brand?post=51438"},{"taxonomy":"product_cat","embeddable":true,"href":"https:\/\/www.alongavecanna.com\/fr\/wp-json\/wp\/v2\/product_cat?post=51438"},{"taxonomy":"product_tag","embeddable":true,"href":"https:\/\/www.alongavecanna.com\/fr\/wp-json\/wp\/v2\/product_tag?post=51438"}],"curies":[{"name":"wp","href":"https:\/\/api.w.org\/{rel}","templated":true}]}}