{"id":51394,"date":"2023-01-13T21:15:26","date_gmt":"2023-01-13T21:15:26","guid":{"rendered":"https:\/\/preprod.alongavecanna.com\/?post_type=product&#038;p=51394"},"modified":"2025-09-09T12:11:34","modified_gmt":"2025-09-09T12:11:34","slug":"wool-shampoo-jasmine","status":"publish","type":"product","link":"https:\/\/www.alongavecanna.com\/fr\/produit\/wool-shampoo-jasmine\/","title":{"rendered":"Shampoing Laine &#8211; Jasmin"},"content":{"rendered":"<p style=\"text-align: justify\"><strong>Shampoing Laine <\/strong><\/p>\n<p style=\"text-align: justify\">Le shampoing en laine de Tappermade et Along Avec Anna est un nettoyant d\u00e9licat non toxique et sans allerg\u00e8ne. La lanoline du shampoing laine agit comme un revitalisant naturel, gardant les fibres souples et r\u00e9duisant l&rsquo;\u00e9lectricit\u00e9 statique. Il a un pH neutre, sans sulfate et sans phosphate, ce qui signifie que le shampooing pour laine est id\u00e9al pour vos articles en soie et mohair les plus d\u00e9licats. C&rsquo;est pour cette raison que nous l&rsquo;avons appel\u00e9 shampoing, il lave d\u00e9licatement les fibres naturelles du fil aussi doucement que vous le feriez pour vous laver les cheveux.<\/p>\n<p style=\"text-align: justify\"><strong>Pourquoi un solide ? <\/strong><\/p>\n<p style=\"text-align: justify\">Notre shampoing en laine est emball\u00e9 sans aucun plastique et sans eau. Cela r\u00e9duit consid\u00e9rablement l&#8217;empreinte carbone car nous n&rsquo;exp\u00e9dions pas d&rsquo;eau. Notre shampoing laine contient des tensioactifs doux non toxiques qui sont facilement biod\u00e9gradables. Cela signifie que notre shampoing en laine est respectueux de la plan\u00e8te.<\/p>\n<p style=\"text-align: justify\">Le shampoing p\u00e8se 50 g et durera environ 25 lavages \u00e0 la main. L&rsquo;eau de votre lessive peut \u00eatre utilis\u00e9e pour plusieurs tricots \u00e0 la fois ce qui vous permettra de laver encore plus de tricots.<\/p>\n<p style=\"text-align: justify\"><strong>Ingr\u00e9dients<br \/>\n<\/strong><br \/>\nUn tensioactif anionique doux sans sulfate d\u00e9riv\u00e9 de l&rsquo;huile de noix de coco et de l&rsquo;acide is\u00e9thionique.<br \/>\nUn tensioactif non ionique d\u00e9riv\u00e9 de sucres de l\u00e9gumes et de fruits.<br \/>\nLanoline.<br \/>\nUn liant naturel d\u00e9riv\u00e9 d&rsquo;algues.<br \/>\nParfums sans allerg\u00e8nes (uniquement dans les options lavande et jasmin).<\/p>\n<p style=\"text-align: justify\"><strong>Comment l&rsquo;utiliser<br \/>\n<\/strong><br \/>\nPour laver et bloquer.<br \/>\nLavage bloquage &#8211; dissoudre l&rsquo;\u00e9quivalent d&rsquo;une demi-cuill\u00e8re \u00e0 caf\u00e9 (environ 2 g) dans env. 15 L d&rsquo;eau ti\u00e8de. Pour un lavage, vous pouvez utiliser un peu plus de savon et frotter doucement votre shampoing solide sur les t\u00e2ches de vos tricots si n\u00e9cessaire. Ce lavage\/shampooing laine n&rsquo;a pas besoin d&rsquo;\u00eatre rinc\u00e9.<\/p>\n<p style=\"text-align: justify\"><strong>Avertissement<\/strong><\/p>\n<p style=\"text-align: justify\">Ne pas consommer. Ce shampooing pour laine est uniquement destin\u00e9 au lavage de la laine.<\/p>\n","protected":false},"excerpt":{"rendered":"<p style=\"text-align: justify\"><strong>Shampoing Laine <\/strong><\/p>\n<p style=\"text-align: justify\">Le shampoing en laine de Tappermade et Along Avec Anna est un <strong>nettoyant d\u00e9licat non toxique et sans allerg\u00e8ne.<\/strong> <strong>La lanoline du shampoing laine agit comme un revitalisant naturel,<\/strong>gardant les fibres souples et r\u00e9duisant l&rsquo;\u00e9lectricit\u00e9 statique. Il a un pH neutre, sans sulfate et sans phosphate, ce qui signifie que le shampooing pour laine est id\u00e9al pour vos articles en soie et mohair les plus d\u00e9licats. C&rsquo;est pour cette raison que nous l&rsquo;avons appel\u00e9 shampoing, il lave d\u00e9licatement les fibres naturelles du fil aussi doucement que vous le feriez pour vous laver les cheveux.<\/p>\n<p style=\"text-align: justify\"><strong>Pourquoi un solide ? <\/strong><\/p>\n<p style=\"text-align: justify\">Notre shampoing en laine<strong> iest emball\u00e9 sans aucun plastique et sans eau<\/strong>. Cela r\u00e9duit consid\u00e9rablement l&#8217;empreinte carbone car nous n&rsquo;exp\u00e9dions pas d&rsquo;eau. Notre shampoing laine contient des tensioactifs doux non toxiques qui sont facilement biod\u00e9gradables. Cela signifie que notre shampoing en laine est respectueux de la plan\u00e8te.<\/p>\n<p style=\"text-align: justify\">Le shampoing p\u00e8se 50 g et durera environ 25 lavages \u00e0 la main. L&rsquo;eau de votre lessive peut \u00eatre utilis\u00e9e pour plusieurs tricots \u00e0 la fois ce qui vous permettra de laver encore plus de tricots.<\/p>\n","protected":false},"featured_media":50808,"comment_status":"open","ping_status":"closed","template":"","meta":[],"product_brand":[],"product_cat":[378,385,394],"product_tag":[],"class_list":{"0":"post-51394","1":"product","2":"type-product","3":"status-publish","4":"has-post-thumbnail","6":"product_cat-boutique","7":"product_cat-entretien-des-tricots","8":"product_cat-shampoing-laine","9":"product_shipping_class-large-items-large-letter-fr","11":"first","12":"instock","13":"taxable","14":"shipping-taxable","15":"purchasable","16":"product-type-simple"},"yoast_head":"<!-- This site is optimized with the Yoast SEO plugin v27.3 - https:\/\/yoast.com\/product\/yoast-seo-wordpress\/ -->\n<title>Shampoing Laine - Jasmin - Along Avec Anna<\/title>\n<meta name=\"robots\" content=\"index, follow, max-snippet:-1, max-image-preview:large, max-video-preview:-1\" \/>\n<link rel=\"canonical\" href=\"https:\/\/www.alongavecanna.com\/fr\/produit\/wool-shampoo-jasmine\/\" \/>\n<meta property=\"og:locale\" content=\"fr_FR\" \/>\n<meta property=\"og:type\" content=\"article\" \/>\n<meta property=\"og:title\" content=\"Shampoing Laine - Jasmin - Along Avec Anna\" \/>\n<meta property=\"og:description\" content=\"Shampoing Laine Le shampoing en laine de Tappermade et Along Avec Anna est un nettoyant d\u00e9licat non toxique et sans allerg\u00e8ne. La lanoline du shampoing laine agit comme un revitalisant naturel,gardant les fibres souples et r\u00e9duisant l&#039;\u00e9lectricit\u00e9 statique. Il a un pH neutre, sans sulfate et sans phosphate, ce qui signifie que le shampooing pour laine est id\u00e9al pour vos articles en soie et mohair les plus d\u00e9licats. C&#039;est pour cette raison que nous l&#039;avons appel\u00e9 shampoing, il lave d\u00e9licatement les fibres naturelles du fil aussi doucement que vous le feriez pour vous laver les cheveux. Pourquoi un solide ? Notre shampoing en laine iest emball\u00e9 sans aucun plastique et sans eau. Cela r\u00e9duit consid\u00e9rablement l&#039;empreinte carbone car nous n&#039;exp\u00e9dions pas d&#039;eau. Notre shampoing laine contient des tensioactifs doux non toxiques qui sont facilement biod\u00e9gradables. Cela signifie que notre shampoing en laine est respectueux de la plan\u00e8te. Le shampoing p\u00e8se 50 g et durera environ 25 lavages \u00e0 la main. L&#039;eau de votre lessive peut \u00eatre utilis\u00e9e pour plusieurs tricots \u00e0 la fois ce qui vous permettra de laver encore plus de tricots.\" \/>\n<meta property=\"og:url\" content=\"https:\/\/www.alongavecanna.com\/fr\/produit\/wool-shampoo-jasmine\/\" \/>\n<meta property=\"og:site_name\" content=\"Along Avec Anna\" \/>\n<meta property=\"article:publisher\" content=\"https:\/\/facebook.com\/alongavecanna\" \/>\n<meta property=\"article:modified_time\" content=\"2025-09-09T12:11:34+00:00\" \/>\n<meta property=\"og:image\" content=\"https:\/\/www.alongavecanna.com\/wp-content\/uploads\/2023\/01\/along-avec-anna-yarn-product-photography-weronika-karczewska-0-22.jpg\" \/>\n\t<meta property=\"og:image:width\" content=\"1001\" \/>\n\t<meta property=\"og:image:height\" content=\"1500\" \/>\n\t<meta property=\"og:image:type\" content=\"image\/jpeg\" \/>\n<meta name=\"twitter:card\" content=\"summary_large_image\" \/>\n<meta name=\"twitter:label1\" content=\"Dur\u00e9e de lecture estim\u00e9e\" \/>\n\t<meta name=\"twitter:data1\" content=\"2 minutes\" \/>\n<script type=\"application\/ld+json\" class=\"yoast-schema-graph\">{\"@context\":\"https:\\\/\\\/schema.org\",\"@graph\":[{\"@type\":\"WebPage\",\"@id\":\"https:\\\/\\\/www.alongavecanna.com\\\/fr\\\/produit\\\/wool-shampoo-jasmine\\\/\",\"url\":\"https:\\\/\\\/www.alongavecanna.com\\\/fr\\\/produit\\\/wool-shampoo-jasmine\\\/\",\"name\":\"Shampoing Laine - Jasmin - Along Avec Anna\",\"isPartOf\":{\"@id\":\"https:\\\/\\\/www.alongavecanna.com\\\/fr\\\/#website\"},\"primaryImageOfPage\":{\"@id\":\"https:\\\/\\\/www.alongavecanna.com\\\/fr\\\/produit\\\/wool-shampoo-jasmine\\\/#primaryimage\"},\"image\":{\"@id\":\"https:\\\/\\\/www.alongavecanna.com\\\/fr\\\/produit\\\/wool-shampoo-jasmine\\\/#primaryimage\"},\"thumbnailUrl\":\"https:\\\/\\\/www.alongavecanna.com\\\/wp-content\\\/uploads\\\/2023\\\/01\\\/along-avec-anna-yarn-product-photography-weronika-karczewska-0-22.jpg\",\"datePublished\":\"2023-01-13T21:15:26+00:00\",\"dateModified\":\"2025-09-09T12:11:34+00:00\",\"breadcrumb\":{\"@id\":\"https:\\\/\\\/www.alongavecanna.com\\\/fr\\\/produit\\\/wool-shampoo-jasmine\\\/#breadcrumb\"},\"inLanguage\":\"fr-FR\",\"potentialAction\":[{\"@type\":\"ReadAction\",\"target\":[\"https:\\\/\\\/www.alongavecanna.com\\\/fr\\\/produit\\\/wool-shampoo-jasmine\\\/\"]}]},{\"@type\":\"ImageObject\",\"inLanguage\":\"fr-FR\",\"@id\":\"https:\\\/\\\/www.alongavecanna.com\\\/fr\\\/produit\\\/wool-shampoo-jasmine\\\/#primaryimage\",\"url\":\"https:\\\/\\\/www.alongavecanna.com\\\/wp-content\\\/uploads\\\/2023\\\/01\\\/along-avec-anna-yarn-product-photography-weronika-karczewska-0-22.jpg\",\"contentUrl\":\"https:\\\/\\\/www.alongavecanna.com\\\/wp-content\\\/uploads\\\/2023\\\/01\\\/along-avec-anna-yarn-product-photography-weronika-karczewska-0-22.jpg\",\"width\":1001,\"height\":1500},{\"@type\":\"BreadcrumbList\",\"@id\":\"https:\\\/\\\/www.alongavecanna.com\\\/fr\\\/produit\\\/wool-shampoo-jasmine\\\/#breadcrumb\",\"itemListElement\":[{\"@type\":\"ListItem\",\"position\":1,\"name\":\"Home\",\"item\":\"https:\\\/\\\/www.alongavecanna.com\\\/fr\\\/\"},{\"@type\":\"ListItem\",\"position\":2,\"name\":\"Produits\",\"item\":\"https:\\\/\\\/www.alongavecanna.com\\\/fr\\\/shop\\\/\"},{\"@type\":\"ListItem\",\"position\":3,\"name\":\"Shampoing Laine &#8211; Jasmin\"}]},{\"@type\":\"WebSite\",\"@id\":\"https:\\\/\\\/www.alongavecanna.com\\\/fr\\\/#website\",\"url\":\"https:\\\/\\\/www.alongavecanna.com\\\/fr\\\/\",\"name\":\"Along Avec Anna\",\"description\":\"Ethical yarn &amp; timeless knitting patterns\",\"publisher\":{\"@id\":\"https:\\\/\\\/www.alongavecanna.com\\\/fr\\\/#organization\"},\"potentialAction\":[{\"@type\":\"SearchAction\",\"target\":{\"@type\":\"EntryPoint\",\"urlTemplate\":\"https:\\\/\\\/www.alongavecanna.com\\\/fr\\\/?s={search_term_string}\"},\"query-input\":{\"@type\":\"PropertyValueSpecification\",\"valueRequired\":true,\"valueName\":\"search_term_string\"}}],\"inLanguage\":\"fr-FR\"},{\"@type\":\"Organization\",\"@id\":\"https:\\\/\\\/www.alongavecanna.com\\\/fr\\\/#organization\",\"name\":\"Along Avec Anna\",\"url\":\"https:\\\/\\\/www.alongavecanna.com\\\/fr\\\/\",\"logo\":{\"@type\":\"ImageObject\",\"inLanguage\":\"fr-FR\",\"@id\":\"https:\\\/\\\/www.alongavecanna.com\\\/fr\\\/#\\\/schema\\\/logo\\\/image\\\/\",\"url\":\"https:\\\/\\\/www.alongavecanna.com\\\/wp-content\\\/uploads\\\/2023\\\/01\\\/logo-along-avec-anna.png\",\"contentUrl\":\"https:\\\/\\\/www.alongavecanna.com\\\/wp-content\\\/uploads\\\/2023\\\/01\\\/logo-along-avec-anna.png\",\"width\":1728,\"height\":627,\"caption\":\"Along Avec Anna\"},\"image\":{\"@id\":\"https:\\\/\\\/www.alongavecanna.com\\\/fr\\\/#\\\/schema\\\/logo\\\/image\\\/\"},\"sameAs\":[\"https:\\\/\\\/facebook.com\\\/alongavecanna\",\"https:\\\/\\\/www.instagram.com\\\/along.avec.anna\\\/\"]}]}<\/script>\n<!-- \/ Yoast SEO plugin. -->","yoast_head_json":{"title":"Shampoing Laine - Jasmin - Along Avec Anna","robots":{"index":"index","follow":"follow","max-snippet":"max-snippet:-1","max-image-preview":"max-image-preview:large","max-video-preview":"max-video-preview:-1"},"canonical":"https:\/\/www.alongavecanna.com\/fr\/produit\/wool-shampoo-jasmine\/","og_locale":"fr_FR","og_type":"article","og_title":"Shampoing Laine - Jasmin - Along Avec Anna","og_description":"Shampoing Laine Le shampoing en laine de Tappermade et Along Avec Anna est un nettoyant d\u00e9licat non toxique et sans allerg\u00e8ne. La lanoline du shampoing laine agit comme un revitalisant naturel,gardant les fibres souples et r\u00e9duisant l'\u00e9lectricit\u00e9 statique. Il a un pH neutre, sans sulfate et sans phosphate, ce qui signifie que le shampooing pour laine est id\u00e9al pour vos articles en soie et mohair les plus d\u00e9licats. C'est pour cette raison que nous l'avons appel\u00e9 shampoing, il lave d\u00e9licatement les fibres naturelles du fil aussi doucement que vous le feriez pour vous laver les cheveux. Pourquoi un solide ? Notre shampoing en laine iest emball\u00e9 sans aucun plastique et sans eau. Cela r\u00e9duit consid\u00e9rablement l'empreinte carbone car nous n'exp\u00e9dions pas d'eau. Notre shampoing laine contient des tensioactifs doux non toxiques qui sont facilement biod\u00e9gradables. Cela signifie que notre shampoing en laine est respectueux de la plan\u00e8te. Le shampoing p\u00e8se 50 g et durera environ 25 lavages \u00e0 la main. L'eau de votre lessive peut \u00eatre utilis\u00e9e pour plusieurs tricots \u00e0 la fois ce qui vous permettra de laver encore plus de tricots.","og_url":"https:\/\/www.alongavecanna.com\/fr\/produit\/wool-shampoo-jasmine\/","og_site_name":"Along Avec Anna","article_publisher":"https:\/\/facebook.com\/alongavecanna","article_modified_time":"2025-09-09T12:11:34+00:00","og_image":[{"width":1001,"height":1500,"url":"https:\/\/www.alongavecanna.com\/wp-content\/uploads\/2023\/01\/along-avec-anna-yarn-product-photography-weronika-karczewska-0-22.jpg","type":"image\/jpeg"}],"twitter_card":"summary_large_image","twitter_misc":{"Dur\u00e9e de lecture estim\u00e9e":"2 minutes"},"schema":{"@context":"https:\/\/schema.org","@graph":[{"@type":"WebPage","@id":"https:\/\/www.alongavecanna.com\/fr\/produit\/wool-shampoo-jasmine\/","url":"https:\/\/www.alongavecanna.com\/fr\/produit\/wool-shampoo-jasmine\/","name":"Shampoing Laine - Jasmin - Along Avec Anna","isPartOf":{"@id":"https:\/\/www.alongavecanna.com\/fr\/#website"},"primaryImageOfPage":{"@id":"https:\/\/www.alongavecanna.com\/fr\/produit\/wool-shampoo-jasmine\/#primaryimage"},"image":{"@id":"https:\/\/www.alongavecanna.com\/fr\/produit\/wool-shampoo-jasmine\/#primaryimage"},"thumbnailUrl":"https:\/\/www.alongavecanna.com\/wp-content\/uploads\/2023\/01\/along-avec-anna-yarn-product-photography-weronika-karczewska-0-22.jpg","datePublished":"2023-01-13T21:15:26+00:00","dateModified":"2025-09-09T12:11:34+00:00","breadcrumb":{"@id":"https:\/\/www.alongavecanna.com\/fr\/produit\/wool-shampoo-jasmine\/#breadcrumb"},"inLanguage":"fr-FR","potentialAction":[{"@type":"ReadAction","target":["https:\/\/www.alongavecanna.com\/fr\/produit\/wool-shampoo-jasmine\/"]}]},{"@type":"ImageObject","inLanguage":"fr-FR","@id":"https:\/\/www.alongavecanna.com\/fr\/produit\/wool-shampoo-jasmine\/#primaryimage","url":"https:\/\/www.alongavecanna.com\/wp-content\/uploads\/2023\/01\/along-avec-anna-yarn-product-photography-weronika-karczewska-0-22.jpg","contentUrl":"https:\/\/www.alongavecanna.com\/wp-content\/uploads\/2023\/01\/along-avec-anna-yarn-product-photography-weronika-karczewska-0-22.jpg","width":1001,"height":1500},{"@type":"BreadcrumbList","@id":"https:\/\/www.alongavecanna.com\/fr\/produit\/wool-shampoo-jasmine\/#breadcrumb","itemListElement":[{"@type":"ListItem","position":1,"name":"Home","item":"https:\/\/www.alongavecanna.com\/fr\/"},{"@type":"ListItem","position":2,"name":"Produits","item":"https:\/\/www.alongavecanna.com\/fr\/shop\/"},{"@type":"ListItem","position":3,"name":"Shampoing Laine &#8211; Jasmin"}]},{"@type":"WebSite","@id":"https:\/\/www.alongavecanna.com\/fr\/#website","url":"https:\/\/www.alongavecanna.com\/fr\/","name":"Along Avec Anna","description":"Ethical yarn &amp; timeless knitting patterns","publisher":{"@id":"https:\/\/www.alongavecanna.com\/fr\/#organization"},"potentialAction":[{"@type":"SearchAction","target":{"@type":"EntryPoint","urlTemplate":"https:\/\/www.alongavecanna.com\/fr\/?s={search_term_string}"},"query-input":{"@type":"PropertyValueSpecification","valueRequired":true,"valueName":"search_term_string"}}],"inLanguage":"fr-FR"},{"@type":"Organization","@id":"https:\/\/www.alongavecanna.com\/fr\/#organization","name":"Along Avec Anna","url":"https:\/\/www.alongavecanna.com\/fr\/","logo":{"@type":"ImageObject","inLanguage":"fr-FR","@id":"https:\/\/www.alongavecanna.com\/fr\/#\/schema\/logo\/image\/","url":"https:\/\/www.alongavecanna.com\/wp-content\/uploads\/2023\/01\/logo-along-avec-anna.png","contentUrl":"https:\/\/www.alongavecanna.com\/wp-content\/uploads\/2023\/01\/logo-along-avec-anna.png","width":1728,"height":627,"caption":"Along Avec Anna"},"image":{"@id":"https:\/\/www.alongavecanna.com\/fr\/#\/schema\/logo\/image\/"},"sameAs":["https:\/\/facebook.com\/alongavecanna","https:\/\/www.instagram.com\/along.avec.anna\/"]}]}},"_links":{"self":[{"href":"https:\/\/www.alongavecanna.com\/fr\/wp-json\/wp\/v2\/product\/51394","targetHints":{"allow":["GET"]}}],"collection":[{"href":"https:\/\/www.alongavecanna.com\/fr\/wp-json\/wp\/v2\/product"}],"about":[{"href":"https:\/\/www.alongavecanna.com\/fr\/wp-json\/wp\/v2\/types\/product"}],"replies":[{"embeddable":true,"href":"https:\/\/www.alongavecanna.com\/fr\/wp-json\/wp\/v2\/comments?post=51394"}],"version-history":[{"count":0,"href":"https:\/\/www.alongavecanna.com\/fr\/wp-json\/wp\/v2\/product\/51394\/revisions"}],"wp:featuredmedia":[{"embeddable":true,"href":"https:\/\/www.alongavecanna.com\/fr\/wp-json\/wp\/v2\/media\/50808"}],"wp:attachment":[{"href":"https:\/\/www.alongavecanna.com\/fr\/wp-json\/wp\/v2\/media?parent=51394"}],"wp:term":[{"taxonomy":"product_brand","embeddable":true,"href":"https:\/\/www.alongavecanna.com\/fr\/wp-json\/wp\/v2\/product_brand?post=51394"},{"taxonomy":"product_cat","embeddable":true,"href":"https:\/\/www.alongavecanna.com\/fr\/wp-json\/wp\/v2\/product_cat?post=51394"},{"taxonomy":"product_tag","embeddable":true,"href":"https:\/\/www.alongavecanna.com\/fr\/wp-json\/wp\/v2\/product_tag?post=51394"}],"curies":[{"name":"wp","href":"https:\/\/api.w.org\/{rel}","templated":true}]}}