{"id":51390,"date":"2022-09-16T10:33:50","date_gmt":"2022-09-16T10:33:50","guid":{"rendered":"https:\/\/preprod.alongavecanna.com\/product\/boite-shampoing-laine\/"},"modified":"2025-11-02T18:31:05","modified_gmt":"2025-11-02T18:31:05","slug":"wool-shampoo-bar-tin","status":"publish","type":"product","link":"https:\/\/www.alongavecanna.com\/fr\/produit\/wool-shampoo-bar-tin\/","title":{"rendered":"Bo\u00eete de pain de shampoing \u00e0 laine"},"content":{"rendered":"<p style=\"text-align: justify;\"><strong>Bo\u00eete de pain de shampoing \u00e0 laine<\/strong><\/p>\n<p style=\"text-align: justify;\">Cette bo\u00eete de rangement ronde en aluminium avec un couvercle \u00e0 vis est parfaite pour transporter votre barre de shampoing \u00e0 laine. Id\u00e9al pour emporter votre shampoing avec vous et bloquer votre projet lors de vos d\u00e9placements. Cela \u00e9vite d\u2019avoir des morceaux collants de shampoing dans votre sac ou une bouteille en plastique inutile.<\/p>\n<p style=\"text-align: justify;\">Cette bo\u00eete de shampoing contient confortablement une barre ronde de 50 grammes (non incluse). La barre de shampooing \u00e0 laine a suffisamment d\u2019espace sur les c\u00f4t\u00e9s pour que vous puissiez y glisser un doigt et la retirer facilement lorsque vous souhaitez l\u2019utiliser. Pas de coincement.<\/p>\n","protected":false},"excerpt":{"rendered":"<p style=\"text-align: justify;\"><strong>Bo\u00eete de pain de shampoing \u00e0 laine<\/strong><\/p>\n<p style=\"text-align: justify;\">Cette bo\u00eete de rangement ronde en aluminium avec un couvercle \u00e0 vis est parfaite pour transporter votre barre de shampoing \u00e0 laine. Id\u00e9al pour emporter votre shampoing avec vous et bloquer votre projet lors de vos d\u00e9placements. Cela \u00e9vite d\u2019avoir des morceaux collants de shampoing dans votre sac ou une bouteille en plastique inutile.<\/p>\n<p style=\"text-align: justify;\">Cette bo\u00eete de shampoing contient confortablement une barre ronde de 50 grammes (non incluse). La barre de shampooing \u00e0 laine a suffisamment d\u2019espace sur les c\u00f4t\u00e9s pour que vous puissiez y glisser un doigt et la retirer facilement lorsque vous souhaitez l\u2019utiliser. Pas de coincement.<\/p>\n","protected":false},"featured_media":50810,"comment_status":"open","ping_status":"closed","template":"","meta":[],"product_brand":[],"product_cat":[378,385,394,474],"product_tag":[],"class_list":{"0":"post-51390","1":"product","2":"type-product","3":"status-publish","4":"has-post-thumbnail","6":"product_cat-boutique","7":"product_cat-entretien-des-tricots","8":"product_cat-shampoing-laine","9":"product_cat-tout-ce-dont-vous-avez-besoin","10":"product_shipping_class-large-items-large-letter-fr","12":"first","13":"instock","14":"taxable","15":"shipping-taxable","16":"purchasable","17":"product-type-simple"},"yoast_head":"<!-- This site is optimized with the Yoast SEO plugin v27.4 - https:\/\/yoast.com\/product\/yoast-seo-wordpress\/ -->\n<title>Bo\u00eete de pain de shampoing \u00e0 laine - Along Avec Anna<\/title>\n<meta name=\"robots\" content=\"index, follow, max-snippet:-1, max-image-preview:large, max-video-preview:-1\" \/>\n<link rel=\"canonical\" href=\"https:\/\/www.alongavecanna.com\/fr\/produit\/wool-shampoo-bar-tin\/\" \/>\n<meta property=\"og:locale\" content=\"fr_FR\" \/>\n<meta property=\"og:type\" content=\"article\" \/>\n<meta property=\"og:title\" content=\"Bo\u00eete de pain de shampoing \u00e0 laine - Along Avec Anna\" \/>\n<meta property=\"og:description\" content=\"Bo\u00eete de pain de shampoing \u00e0 laine Cette bo\u00eete de rangement ronde en aluminium avec un couvercle \u00e0 vis est parfaite pour transporter votre barre de shampoing \u00e0 laine. Id\u00e9al pour emporter votre shampoing avec vous et bloquer votre projet lors de vos d\u00e9placements. Cela \u00e9vite d\u2019avoir des morceaux collants de shampoing dans votre sac ou une bouteille en plastique inutile. Cette bo\u00eete de shampoing contient confortablement une barre ronde de 50 grammes (non incluse). La barre de shampooing \u00e0 laine a suffisamment d\u2019espace sur les c\u00f4t\u00e9s pour que vous puissiez y glisser un doigt et la retirer facilement lorsque vous souhaitez l\u2019utiliser. Pas de coincement.\" \/>\n<meta property=\"og:url\" content=\"https:\/\/www.alongavecanna.com\/fr\/produit\/wool-shampoo-bar-tin\/\" \/>\n<meta property=\"og:site_name\" content=\"Along Avec Anna\" \/>\n<meta property=\"article:publisher\" content=\"https:\/\/facebook.com\/alongavecanna\" \/>\n<meta property=\"article:modified_time\" content=\"2025-11-02T18:31:05+00:00\" \/>\n<meta property=\"og:image\" content=\"https:\/\/www.alongavecanna.com\/wp-content\/uploads\/2023\/01\/along-avec-anna-yarn-product-photography-weronika-karczewska-0-27.jpg\" \/>\n\t<meta property=\"og:image:width\" content=\"1001\" \/>\n\t<meta property=\"og:image:height\" content=\"1500\" \/>\n\t<meta property=\"og:image:type\" content=\"image\/jpeg\" \/>\n<meta name=\"twitter:card\" content=\"summary_large_image\" \/>\n<meta name=\"twitter:label1\" content=\"Dur\u00e9e de lecture estim\u00e9e\" \/>\n\t<meta name=\"twitter:data1\" content=\"1 minute\" \/>\n<script type=\"application\/ld+json\" class=\"yoast-schema-graph\">{\"@context\":\"https:\\\/\\\/schema.org\",\"@graph\":[{\"@type\":\"WebPage\",\"@id\":\"https:\\\/\\\/www.alongavecanna.com\\\/fr\\\/produit\\\/wool-shampoo-bar-tin\\\/\",\"url\":\"https:\\\/\\\/www.alongavecanna.com\\\/fr\\\/produit\\\/wool-shampoo-bar-tin\\\/\",\"name\":\"Bo\u00eete de pain de shampoing \u00e0 laine - Along Avec Anna\",\"isPartOf\":{\"@id\":\"https:\\\/\\\/www.alongavecanna.com\\\/fr\\\/#website\"},\"primaryImageOfPage\":{\"@id\":\"https:\\\/\\\/www.alongavecanna.com\\\/fr\\\/produit\\\/wool-shampoo-bar-tin\\\/#primaryimage\"},\"image\":{\"@id\":\"https:\\\/\\\/www.alongavecanna.com\\\/fr\\\/produit\\\/wool-shampoo-bar-tin\\\/#primaryimage\"},\"thumbnailUrl\":\"https:\\\/\\\/www.alongavecanna.com\\\/wp-content\\\/uploads\\\/2023\\\/01\\\/along-avec-anna-yarn-product-photography-weronika-karczewska-0-27.jpg\",\"datePublished\":\"2022-09-16T10:33:50+00:00\",\"dateModified\":\"2025-11-02T18:31:05+00:00\",\"breadcrumb\":{\"@id\":\"https:\\\/\\\/www.alongavecanna.com\\\/fr\\\/produit\\\/wool-shampoo-bar-tin\\\/#breadcrumb\"},\"inLanguage\":\"fr-FR\",\"potentialAction\":[{\"@type\":\"ReadAction\",\"target\":[\"https:\\\/\\\/www.alongavecanna.com\\\/fr\\\/produit\\\/wool-shampoo-bar-tin\\\/\"]}]},{\"@type\":\"ImageObject\",\"inLanguage\":\"fr-FR\",\"@id\":\"https:\\\/\\\/www.alongavecanna.com\\\/fr\\\/produit\\\/wool-shampoo-bar-tin\\\/#primaryimage\",\"url\":\"https:\\\/\\\/www.alongavecanna.com\\\/wp-content\\\/uploads\\\/2023\\\/01\\\/along-avec-anna-yarn-product-photography-weronika-karczewska-0-27.jpg\",\"contentUrl\":\"https:\\\/\\\/www.alongavecanna.com\\\/wp-content\\\/uploads\\\/2023\\\/01\\\/along-avec-anna-yarn-product-photography-weronika-karczewska-0-27.jpg\",\"width\":1001,\"height\":1500},{\"@type\":\"BreadcrumbList\",\"@id\":\"https:\\\/\\\/www.alongavecanna.com\\\/fr\\\/produit\\\/wool-shampoo-bar-tin\\\/#breadcrumb\",\"itemListElement\":[{\"@type\":\"ListItem\",\"position\":1,\"name\":\"Home\",\"item\":\"https:\\\/\\\/www.alongavecanna.com\\\/fr\\\/\"},{\"@type\":\"ListItem\",\"position\":2,\"name\":\"Produits\",\"item\":\"https:\\\/\\\/www.alongavecanna.com\\\/fr\\\/shop\\\/\"},{\"@type\":\"ListItem\",\"position\":3,\"name\":\"Bo\u00eete de pain de shampoing \u00e0 laine\"}]},{\"@type\":\"WebSite\",\"@id\":\"https:\\\/\\\/www.alongavecanna.com\\\/fr\\\/#website\",\"url\":\"https:\\\/\\\/www.alongavecanna.com\\\/fr\\\/\",\"name\":\"Along Avec Anna\",\"description\":\"Ethical yarn &amp; timeless knitting patterns\",\"publisher\":{\"@id\":\"https:\\\/\\\/www.alongavecanna.com\\\/fr\\\/#organization\"},\"potentialAction\":[{\"@type\":\"SearchAction\",\"target\":{\"@type\":\"EntryPoint\",\"urlTemplate\":\"https:\\\/\\\/www.alongavecanna.com\\\/fr\\\/?s={search_term_string}\"},\"query-input\":{\"@type\":\"PropertyValueSpecification\",\"valueRequired\":true,\"valueName\":\"search_term_string\"}}],\"inLanguage\":\"fr-FR\"},{\"@type\":\"Organization\",\"@id\":\"https:\\\/\\\/www.alongavecanna.com\\\/fr\\\/#organization\",\"name\":\"Along Avec Anna\",\"url\":\"https:\\\/\\\/www.alongavecanna.com\\\/fr\\\/\",\"logo\":{\"@type\":\"ImageObject\",\"inLanguage\":\"fr-FR\",\"@id\":\"https:\\\/\\\/www.alongavecanna.com\\\/fr\\\/#\\\/schema\\\/logo\\\/image\\\/\",\"url\":\"https:\\\/\\\/www.alongavecanna.com\\\/wp-content\\\/uploads\\\/2023\\\/01\\\/logo-along-avec-anna.png\",\"contentUrl\":\"https:\\\/\\\/www.alongavecanna.com\\\/wp-content\\\/uploads\\\/2023\\\/01\\\/logo-along-avec-anna.png\",\"width\":1728,\"height\":627,\"caption\":\"Along Avec Anna\"},\"image\":{\"@id\":\"https:\\\/\\\/www.alongavecanna.com\\\/fr\\\/#\\\/schema\\\/logo\\\/image\\\/\"},\"sameAs\":[\"https:\\\/\\\/facebook.com\\\/alongavecanna\",\"https:\\\/\\\/www.instagram.com\\\/along.avec.anna\\\/\"]}]}<\/script>\n<!-- \/ Yoast SEO plugin. -->","yoast_head_json":{"title":"Bo\u00eete de pain de shampoing \u00e0 laine - Along Avec Anna","robots":{"index":"index","follow":"follow","max-snippet":"max-snippet:-1","max-image-preview":"max-image-preview:large","max-video-preview":"max-video-preview:-1"},"canonical":"https:\/\/www.alongavecanna.com\/fr\/produit\/wool-shampoo-bar-tin\/","og_locale":"fr_FR","og_type":"article","og_title":"Bo\u00eete de pain de shampoing \u00e0 laine - Along Avec Anna","og_description":"Bo\u00eete de pain de shampoing \u00e0 laine Cette bo\u00eete de rangement ronde en aluminium avec un couvercle \u00e0 vis est parfaite pour transporter votre barre de shampoing \u00e0 laine. Id\u00e9al pour emporter votre shampoing avec vous et bloquer votre projet lors de vos d\u00e9placements. Cela \u00e9vite d\u2019avoir des morceaux collants de shampoing dans votre sac ou une bouteille en plastique inutile. Cette bo\u00eete de shampoing contient confortablement une barre ronde de 50 grammes (non incluse). La barre de shampooing \u00e0 laine a suffisamment d\u2019espace sur les c\u00f4t\u00e9s pour que vous puissiez y glisser un doigt et la retirer facilement lorsque vous souhaitez l\u2019utiliser. Pas de coincement.","og_url":"https:\/\/www.alongavecanna.com\/fr\/produit\/wool-shampoo-bar-tin\/","og_site_name":"Along Avec Anna","article_publisher":"https:\/\/facebook.com\/alongavecanna","article_modified_time":"2025-11-02T18:31:05+00:00","og_image":[{"width":1001,"height":1500,"url":"https:\/\/www.alongavecanna.com\/wp-content\/uploads\/2023\/01\/along-avec-anna-yarn-product-photography-weronika-karczewska-0-27.jpg","type":"image\/jpeg"}],"twitter_card":"summary_large_image","twitter_misc":{"Dur\u00e9e de lecture estim\u00e9e":"1 minute"},"schema":{"@context":"https:\/\/schema.org","@graph":[{"@type":"WebPage","@id":"https:\/\/www.alongavecanna.com\/fr\/produit\/wool-shampoo-bar-tin\/","url":"https:\/\/www.alongavecanna.com\/fr\/produit\/wool-shampoo-bar-tin\/","name":"Bo\u00eete de pain de shampoing \u00e0 laine - Along Avec Anna","isPartOf":{"@id":"https:\/\/www.alongavecanna.com\/fr\/#website"},"primaryImageOfPage":{"@id":"https:\/\/www.alongavecanna.com\/fr\/produit\/wool-shampoo-bar-tin\/#primaryimage"},"image":{"@id":"https:\/\/www.alongavecanna.com\/fr\/produit\/wool-shampoo-bar-tin\/#primaryimage"},"thumbnailUrl":"https:\/\/www.alongavecanna.com\/wp-content\/uploads\/2023\/01\/along-avec-anna-yarn-product-photography-weronika-karczewska-0-27.jpg","datePublished":"2022-09-16T10:33:50+00:00","dateModified":"2025-11-02T18:31:05+00:00","breadcrumb":{"@id":"https:\/\/www.alongavecanna.com\/fr\/produit\/wool-shampoo-bar-tin\/#breadcrumb"},"inLanguage":"fr-FR","potentialAction":[{"@type":"ReadAction","target":["https:\/\/www.alongavecanna.com\/fr\/produit\/wool-shampoo-bar-tin\/"]}]},{"@type":"ImageObject","inLanguage":"fr-FR","@id":"https:\/\/www.alongavecanna.com\/fr\/produit\/wool-shampoo-bar-tin\/#primaryimage","url":"https:\/\/www.alongavecanna.com\/wp-content\/uploads\/2023\/01\/along-avec-anna-yarn-product-photography-weronika-karczewska-0-27.jpg","contentUrl":"https:\/\/www.alongavecanna.com\/wp-content\/uploads\/2023\/01\/along-avec-anna-yarn-product-photography-weronika-karczewska-0-27.jpg","width":1001,"height":1500},{"@type":"BreadcrumbList","@id":"https:\/\/www.alongavecanna.com\/fr\/produit\/wool-shampoo-bar-tin\/#breadcrumb","itemListElement":[{"@type":"ListItem","position":1,"name":"Home","item":"https:\/\/www.alongavecanna.com\/fr\/"},{"@type":"ListItem","position":2,"name":"Produits","item":"https:\/\/www.alongavecanna.com\/fr\/shop\/"},{"@type":"ListItem","position":3,"name":"Bo\u00eete de pain de shampoing \u00e0 laine"}]},{"@type":"WebSite","@id":"https:\/\/www.alongavecanna.com\/fr\/#website","url":"https:\/\/www.alongavecanna.com\/fr\/","name":"Along Avec Anna","description":"Ethical yarn &amp; timeless knitting patterns","publisher":{"@id":"https:\/\/www.alongavecanna.com\/fr\/#organization"},"potentialAction":[{"@type":"SearchAction","target":{"@type":"EntryPoint","urlTemplate":"https:\/\/www.alongavecanna.com\/fr\/?s={search_term_string}"},"query-input":{"@type":"PropertyValueSpecification","valueRequired":true,"valueName":"search_term_string"}}],"inLanguage":"fr-FR"},{"@type":"Organization","@id":"https:\/\/www.alongavecanna.com\/fr\/#organization","name":"Along Avec Anna","url":"https:\/\/www.alongavecanna.com\/fr\/","logo":{"@type":"ImageObject","inLanguage":"fr-FR","@id":"https:\/\/www.alongavecanna.com\/fr\/#\/schema\/logo\/image\/","url":"https:\/\/www.alongavecanna.com\/wp-content\/uploads\/2023\/01\/logo-along-avec-anna.png","contentUrl":"https:\/\/www.alongavecanna.com\/wp-content\/uploads\/2023\/01\/logo-along-avec-anna.png","width":1728,"height":627,"caption":"Along Avec Anna"},"image":{"@id":"https:\/\/www.alongavecanna.com\/fr\/#\/schema\/logo\/image\/"},"sameAs":["https:\/\/facebook.com\/alongavecanna","https:\/\/www.instagram.com\/along.avec.anna\/"]}]}},"_links":{"self":[{"href":"https:\/\/www.alongavecanna.com\/fr\/wp-json\/wp\/v2\/product\/51390","targetHints":{"allow":["GET"]}}],"collection":[{"href":"https:\/\/www.alongavecanna.com\/fr\/wp-json\/wp\/v2\/product"}],"about":[{"href":"https:\/\/www.alongavecanna.com\/fr\/wp-json\/wp\/v2\/types\/product"}],"replies":[{"embeddable":true,"href":"https:\/\/www.alongavecanna.com\/fr\/wp-json\/wp\/v2\/comments?post=51390"}],"version-history":[{"count":0,"href":"https:\/\/www.alongavecanna.com\/fr\/wp-json\/wp\/v2\/product\/51390\/revisions"}],"wp:featuredmedia":[{"embeddable":true,"href":"https:\/\/www.alongavecanna.com\/fr\/wp-json\/wp\/v2\/media\/50810"}],"wp:attachment":[{"href":"https:\/\/www.alongavecanna.com\/fr\/wp-json\/wp\/v2\/media?parent=51390"}],"wp:term":[{"taxonomy":"product_brand","embeddable":true,"href":"https:\/\/www.alongavecanna.com\/fr\/wp-json\/wp\/v2\/product_brand?post=51390"},{"taxonomy":"product_cat","embeddable":true,"href":"https:\/\/www.alongavecanna.com\/fr\/wp-json\/wp\/v2\/product_cat?post=51390"},{"taxonomy":"product_tag","embeddable":true,"href":"https:\/\/www.alongavecanna.com\/fr\/wp-json\/wp\/v2\/product_tag?post=51390"}],"curies":[{"name":"wp","href":"https:\/\/api.w.org\/{rel}","templated":true}]}}