{"id":51368,"date":"2023-09-21T16:22:44","date_gmt":"2023-09-21T16:22:44","guid":{"rendered":"https:\/\/preprod.alongavecanna.com\/?post_type=product&#038;p=51368"},"modified":"2025-01-07T19:27:03","modified_gmt":"2025-01-07T19:27:03","slug":"silk-mohair-grenat","status":"publish","type":"product","link":"https:\/\/www.alongavecanna.com\/fr\/produit\/silk-mohair-grenat\/","title":{"rendered":"SILK MOHAIR &#8211; Grenat"},"content":{"rendered":"<p style=\"text-align: justify;\">Laine exclusive Along avec Anna. Notre mohair-soie est certifi\u00e9 cruelty-free, et r\u00e9pond au standard Reach, c&rsquo;est-\u00e0-dire qu&rsquo;aucun produit chimique nocif n&rsquo;est utilis\u00e9.<\/p>\n<ul style=\"text-align: justify;\">\n<li>72% fine kid mohair et 28% soie de m\u00fbrier<\/li>\n<li>Pelote : 25g<\/li>\n<li>M\u00e9trage : 210m<\/li>\n<li>Peut \u00eatre tricot\u00e9 seul, en double ou avec un fil de merino pour obtenir un \u00e9chantillon DK.<\/li>\n<li>Lavage \u00e0 la main<\/li>\n<\/ul>\n<p id=\"tw-target-text\" class=\"tw-data-text tw-text-large XcVN5d tw-ta\" dir=\"ltr\" style=\"text-align: justify;\" data-placeholder=\"Traduction\"><span class=\"Y2IQFc\" lang=\"en\">Les mati\u00e8res premi\u00e8res de nos fils proviennent d&rsquo;Afrique du sud. Notre filature est RMS\/RWS et oeko-tex certifi\u00e9e, ce qui assure une laine produite dans le respect des animaux, des humains et de l&rsquo;environnement. D\u00e9couvrez nos laines <a href=\"https:\/\/www.alongavecanna.com\/en\/2021\/11\/lets-talk-about-our-along-avec-anna-yarn\/\">dans cet article<\/a>.<\/span><\/p>\n<p id=\"tw-target-text\" class=\"tw-data-text tw-text-large XcVN5d tw-ta\" dir=\"ltr\" style=\"text-align: justify;\" data-placeholder=\"Traduction\"><em>Note : \u00e9tant donn\u00e9 que les \u00e9crans d&rsquo;ordinateur affichent les couleurs diff\u00e9remment, nous ne pouvons garantir que la couleur du fil sur votre \u00e9cran d&rsquo;ordinateur capture avec pr\u00e9cision les vraies couleurs du produit.<\/em><\/p>\n","protected":false},"excerpt":{"rendered":"<p style=\"text-align: justify;\">Laine exclusive Along avec Anna. Notre mohair-soie est certifi\u00e9 cruelty-free, et r\u00e9pond au standard Reach, c&rsquo;est-\u00e0-dire qu&rsquo;aucun produit chimique nocif n&rsquo;est utilis\u00e9.<\/p>\n<ul>\n<li style=\"text-align: justify;\">72% fine kid mohair et 28% soie de m\u00fbrier<\/li>\n<li style=\"text-align: justify;\">Pelote : 25g<\/li>\n<li style=\"text-align: justify;\">M\u00e9trage : 210m<\/li>\n<li style=\"text-align: justify;\">Peut \u00eatre tricot\u00e9 seul, en double ou avec un fil de merino pour obtenir un \u00e9chantillon DK.<\/li>\n<li style=\"text-align: justify;\">Lavage \u00e0 la main<\/li>\n<\/ul>\n","protected":false},"featured_media":70205,"comment_status":"open","ping_status":"closed","template":"","meta":[],"product_brand":[],"product_cat":[469,392,373],"product_tag":[],"class_list":{"0":"post-51368","1":"product","2":"type-product","3":"status-publish","4":"has-post-thumbnail","6":"product_cat-lace-fr","7":"product_cat-laine-fr","8":"product_cat-silk-mohair-fr","9":"product_shipping_class-small-parcel-laine-fr","11":"first","12":"outofstock","13":"taxable","14":"shipping-taxable","15":"purchasable","16":"product-type-simple"},"yoast_head":"<!-- This site is optimized with the Yoast SEO plugin v27.4 - https:\/\/yoast.com\/product\/yoast-seo-wordpress\/ -->\n<title>SILK MOHAIR - Grenat - Along Avec Anna<\/title>\n<meta name=\"robots\" content=\"index, follow, max-snippet:-1, max-image-preview:large, max-video-preview:-1\" \/>\n<link rel=\"canonical\" href=\"https:\/\/www.alongavecanna.com\/fr\/produit\/silk-mohair-grenat\/\" \/>\n<meta property=\"og:locale\" content=\"fr_FR\" \/>\n<meta property=\"og:type\" content=\"article\" \/>\n<meta property=\"og:title\" content=\"SILK MOHAIR - Grenat - Along Avec Anna\" \/>\n<meta property=\"og:description\" content=\"Laine exclusive Along avec Anna. Notre mohair-soie est certifi\u00e9 cruelty-free, et r\u00e9pond au standard Reach, c&#039;est-\u00e0-dire qu&#039;aucun produit chimique nocif n&#039;est utilis\u00e9.    72% fine kid mohair et 28% soie de m\u00fbrier  Pelote : 25g  M\u00e9trage : 210m  Peut \u00eatre tricot\u00e9 seul, en double ou avec un fil de merino pour obtenir un \u00e9chantillon DK.  Lavage \u00e0 la main\" \/>\n<meta property=\"og:url\" content=\"https:\/\/www.alongavecanna.com\/fr\/produit\/silk-mohair-grenat\/\" \/>\n<meta property=\"og:site_name\" content=\"Along Avec Anna\" \/>\n<meta property=\"article:publisher\" content=\"https:\/\/facebook.com\/alongavecanna\" \/>\n<meta property=\"article:modified_time\" content=\"2025-01-07T19:27:03+00:00\" \/>\n<meta property=\"og:image\" content=\"https:\/\/www.alongavecanna.com\/wp-content\/uploads\/2024\/11\/IMG_9872-scaled.jpeg\" \/>\n\t<meta property=\"og:image:width\" content=\"2560\" \/>\n\t<meta property=\"og:image:height\" content=\"2560\" \/>\n\t<meta property=\"og:image:type\" content=\"image\/jpeg\" \/>\n<meta name=\"twitter:card\" content=\"summary_large_image\" \/>\n<meta name=\"twitter:label1\" content=\"Dur\u00e9e de lecture estim\u00e9e\" \/>\n\t<meta name=\"twitter:data1\" content=\"1 minute\" \/>\n<script type=\"application\/ld+json\" class=\"yoast-schema-graph\">{\"@context\":\"https:\\\/\\\/schema.org\",\"@graph\":[{\"@type\":\"WebPage\",\"@id\":\"https:\\\/\\\/www.alongavecanna.com\\\/fr\\\/produit\\\/silk-mohair-grenat\\\/\",\"url\":\"https:\\\/\\\/www.alongavecanna.com\\\/fr\\\/produit\\\/silk-mohair-grenat\\\/\",\"name\":\"SILK MOHAIR - Grenat - Along Avec Anna\",\"isPartOf\":{\"@id\":\"https:\\\/\\\/www.alongavecanna.com\\\/fr\\\/#website\"},\"primaryImageOfPage\":{\"@id\":\"https:\\\/\\\/www.alongavecanna.com\\\/fr\\\/produit\\\/silk-mohair-grenat\\\/#primaryimage\"},\"image\":{\"@id\":\"https:\\\/\\\/www.alongavecanna.com\\\/fr\\\/produit\\\/silk-mohair-grenat\\\/#primaryimage\"},\"thumbnailUrl\":\"https:\\\/\\\/www.alongavecanna.com\\\/wp-content\\\/uploads\\\/2024\\\/11\\\/IMG_9872-scaled.jpeg\",\"datePublished\":\"2023-09-21T16:22:44+00:00\",\"dateModified\":\"2025-01-07T19:27:03+00:00\",\"breadcrumb\":{\"@id\":\"https:\\\/\\\/www.alongavecanna.com\\\/fr\\\/produit\\\/silk-mohair-grenat\\\/#breadcrumb\"},\"inLanguage\":\"fr-FR\",\"potentialAction\":[{\"@type\":\"ReadAction\",\"target\":[\"https:\\\/\\\/www.alongavecanna.com\\\/fr\\\/produit\\\/silk-mohair-grenat\\\/\"]}]},{\"@type\":\"ImageObject\",\"inLanguage\":\"fr-FR\",\"@id\":\"https:\\\/\\\/www.alongavecanna.com\\\/fr\\\/produit\\\/silk-mohair-grenat\\\/#primaryimage\",\"url\":\"https:\\\/\\\/www.alongavecanna.com\\\/wp-content\\\/uploads\\\/2024\\\/11\\\/IMG_9872-scaled.jpeg\",\"contentUrl\":\"https:\\\/\\\/www.alongavecanna.com\\\/wp-content\\\/uploads\\\/2024\\\/11\\\/IMG_9872-scaled.jpeg\",\"width\":2560,\"height\":2560},{\"@type\":\"BreadcrumbList\",\"@id\":\"https:\\\/\\\/www.alongavecanna.com\\\/fr\\\/produit\\\/silk-mohair-grenat\\\/#breadcrumb\",\"itemListElement\":[{\"@type\":\"ListItem\",\"position\":1,\"name\":\"Home\",\"item\":\"https:\\\/\\\/www.alongavecanna.com\\\/fr\\\/\"},{\"@type\":\"ListItem\",\"position\":2,\"name\":\"Produits\",\"item\":\"https:\\\/\\\/www.alongavecanna.com\\\/fr\\\/shop\\\/\"},{\"@type\":\"ListItem\",\"position\":3,\"name\":\"SILK MOHAIR &#8211; Grenat\"}]},{\"@type\":\"WebSite\",\"@id\":\"https:\\\/\\\/www.alongavecanna.com\\\/fr\\\/#website\",\"url\":\"https:\\\/\\\/www.alongavecanna.com\\\/fr\\\/\",\"name\":\"Along Avec Anna\",\"description\":\"Ethical yarn &amp; timeless knitting patterns\",\"publisher\":{\"@id\":\"https:\\\/\\\/www.alongavecanna.com\\\/fr\\\/#organization\"},\"potentialAction\":[{\"@type\":\"SearchAction\",\"target\":{\"@type\":\"EntryPoint\",\"urlTemplate\":\"https:\\\/\\\/www.alongavecanna.com\\\/fr\\\/?s={search_term_string}\"},\"query-input\":{\"@type\":\"PropertyValueSpecification\",\"valueRequired\":true,\"valueName\":\"search_term_string\"}}],\"inLanguage\":\"fr-FR\"},{\"@type\":\"Organization\",\"@id\":\"https:\\\/\\\/www.alongavecanna.com\\\/fr\\\/#organization\",\"name\":\"Along Avec Anna\",\"url\":\"https:\\\/\\\/www.alongavecanna.com\\\/fr\\\/\",\"logo\":{\"@type\":\"ImageObject\",\"inLanguage\":\"fr-FR\",\"@id\":\"https:\\\/\\\/www.alongavecanna.com\\\/fr\\\/#\\\/schema\\\/logo\\\/image\\\/\",\"url\":\"https:\\\/\\\/www.alongavecanna.com\\\/wp-content\\\/uploads\\\/2023\\\/01\\\/logo-along-avec-anna.png\",\"contentUrl\":\"https:\\\/\\\/www.alongavecanna.com\\\/wp-content\\\/uploads\\\/2023\\\/01\\\/logo-along-avec-anna.png\",\"width\":1728,\"height\":627,\"caption\":\"Along Avec Anna\"},\"image\":{\"@id\":\"https:\\\/\\\/www.alongavecanna.com\\\/fr\\\/#\\\/schema\\\/logo\\\/image\\\/\"},\"sameAs\":[\"https:\\\/\\\/facebook.com\\\/alongavecanna\",\"https:\\\/\\\/www.instagram.com\\\/along.avec.anna\\\/\"]}]}<\/script>\n<!-- \/ Yoast SEO plugin. -->","yoast_head_json":{"title":"SILK MOHAIR - Grenat - Along Avec Anna","robots":{"index":"index","follow":"follow","max-snippet":"max-snippet:-1","max-image-preview":"max-image-preview:large","max-video-preview":"max-video-preview:-1"},"canonical":"https:\/\/www.alongavecanna.com\/fr\/produit\/silk-mohair-grenat\/","og_locale":"fr_FR","og_type":"article","og_title":"SILK MOHAIR - Grenat - Along Avec Anna","og_description":"Laine exclusive Along avec Anna. Notre mohair-soie est certifi\u00e9 cruelty-free, et r\u00e9pond au standard Reach, c'est-\u00e0-dire qu'aucun produit chimique nocif n'est utilis\u00e9.    72% fine kid mohair et 28% soie de m\u00fbrier  Pelote : 25g  M\u00e9trage : 210m  Peut \u00eatre tricot\u00e9 seul, en double ou avec un fil de merino pour obtenir un \u00e9chantillon DK.  Lavage \u00e0 la main","og_url":"https:\/\/www.alongavecanna.com\/fr\/produit\/silk-mohair-grenat\/","og_site_name":"Along Avec Anna","article_publisher":"https:\/\/facebook.com\/alongavecanna","article_modified_time":"2025-01-07T19:27:03+00:00","og_image":[{"width":2560,"height":2560,"url":"https:\/\/www.alongavecanna.com\/wp-content\/uploads\/2024\/11\/IMG_9872-scaled.jpeg","type":"image\/jpeg"}],"twitter_card":"summary_large_image","twitter_misc":{"Dur\u00e9e de lecture estim\u00e9e":"1 minute"},"schema":{"@context":"https:\/\/schema.org","@graph":[{"@type":"WebPage","@id":"https:\/\/www.alongavecanna.com\/fr\/produit\/silk-mohair-grenat\/","url":"https:\/\/www.alongavecanna.com\/fr\/produit\/silk-mohair-grenat\/","name":"SILK MOHAIR - Grenat - Along Avec Anna","isPartOf":{"@id":"https:\/\/www.alongavecanna.com\/fr\/#website"},"primaryImageOfPage":{"@id":"https:\/\/www.alongavecanna.com\/fr\/produit\/silk-mohair-grenat\/#primaryimage"},"image":{"@id":"https:\/\/www.alongavecanna.com\/fr\/produit\/silk-mohair-grenat\/#primaryimage"},"thumbnailUrl":"https:\/\/www.alongavecanna.com\/wp-content\/uploads\/2024\/11\/IMG_9872-scaled.jpeg","datePublished":"2023-09-21T16:22:44+00:00","dateModified":"2025-01-07T19:27:03+00:00","breadcrumb":{"@id":"https:\/\/www.alongavecanna.com\/fr\/produit\/silk-mohair-grenat\/#breadcrumb"},"inLanguage":"fr-FR","potentialAction":[{"@type":"ReadAction","target":["https:\/\/www.alongavecanna.com\/fr\/produit\/silk-mohair-grenat\/"]}]},{"@type":"ImageObject","inLanguage":"fr-FR","@id":"https:\/\/www.alongavecanna.com\/fr\/produit\/silk-mohair-grenat\/#primaryimage","url":"https:\/\/www.alongavecanna.com\/wp-content\/uploads\/2024\/11\/IMG_9872-scaled.jpeg","contentUrl":"https:\/\/www.alongavecanna.com\/wp-content\/uploads\/2024\/11\/IMG_9872-scaled.jpeg","width":2560,"height":2560},{"@type":"BreadcrumbList","@id":"https:\/\/www.alongavecanna.com\/fr\/produit\/silk-mohair-grenat\/#breadcrumb","itemListElement":[{"@type":"ListItem","position":1,"name":"Home","item":"https:\/\/www.alongavecanna.com\/fr\/"},{"@type":"ListItem","position":2,"name":"Produits","item":"https:\/\/www.alongavecanna.com\/fr\/shop\/"},{"@type":"ListItem","position":3,"name":"SILK MOHAIR &#8211; Grenat"}]},{"@type":"WebSite","@id":"https:\/\/www.alongavecanna.com\/fr\/#website","url":"https:\/\/www.alongavecanna.com\/fr\/","name":"Along Avec Anna","description":"Ethical yarn &amp; timeless knitting patterns","publisher":{"@id":"https:\/\/www.alongavecanna.com\/fr\/#organization"},"potentialAction":[{"@type":"SearchAction","target":{"@type":"EntryPoint","urlTemplate":"https:\/\/www.alongavecanna.com\/fr\/?s={search_term_string}"},"query-input":{"@type":"PropertyValueSpecification","valueRequired":true,"valueName":"search_term_string"}}],"inLanguage":"fr-FR"},{"@type":"Organization","@id":"https:\/\/www.alongavecanna.com\/fr\/#organization","name":"Along Avec Anna","url":"https:\/\/www.alongavecanna.com\/fr\/","logo":{"@type":"ImageObject","inLanguage":"fr-FR","@id":"https:\/\/www.alongavecanna.com\/fr\/#\/schema\/logo\/image\/","url":"https:\/\/www.alongavecanna.com\/wp-content\/uploads\/2023\/01\/logo-along-avec-anna.png","contentUrl":"https:\/\/www.alongavecanna.com\/wp-content\/uploads\/2023\/01\/logo-along-avec-anna.png","width":1728,"height":627,"caption":"Along Avec Anna"},"image":{"@id":"https:\/\/www.alongavecanna.com\/fr\/#\/schema\/logo\/image\/"},"sameAs":["https:\/\/facebook.com\/alongavecanna","https:\/\/www.instagram.com\/along.avec.anna\/"]}]}},"_links":{"self":[{"href":"https:\/\/www.alongavecanna.com\/fr\/wp-json\/wp\/v2\/product\/51368","targetHints":{"allow":["GET"]}}],"collection":[{"href":"https:\/\/www.alongavecanna.com\/fr\/wp-json\/wp\/v2\/product"}],"about":[{"href":"https:\/\/www.alongavecanna.com\/fr\/wp-json\/wp\/v2\/types\/product"}],"replies":[{"embeddable":true,"href":"https:\/\/www.alongavecanna.com\/fr\/wp-json\/wp\/v2\/comments?post=51368"}],"version-history":[{"count":0,"href":"https:\/\/www.alongavecanna.com\/fr\/wp-json\/wp\/v2\/product\/51368\/revisions"}],"wp:featuredmedia":[{"embeddable":true,"href":"https:\/\/www.alongavecanna.com\/fr\/wp-json\/wp\/v2\/media\/70205"}],"wp:attachment":[{"href":"https:\/\/www.alongavecanna.com\/fr\/wp-json\/wp\/v2\/media?parent=51368"}],"wp:term":[{"taxonomy":"product_brand","embeddable":true,"href":"https:\/\/www.alongavecanna.com\/fr\/wp-json\/wp\/v2\/product_brand?post=51368"},{"taxonomy":"product_cat","embeddable":true,"href":"https:\/\/www.alongavecanna.com\/fr\/wp-json\/wp\/v2\/product_cat?post=51368"},{"taxonomy":"product_tag","embeddable":true,"href":"https:\/\/www.alongavecanna.com\/fr\/wp-json\/wp\/v2\/product_tag?post=51368"}],"curies":[{"name":"wp","href":"https:\/\/api.w.org\/{rel}","templated":true}]}}