{"id":51294,"date":"2022-12-08T18:36:18","date_gmt":"2022-12-08T18:36:18","guid":{"rendered":"https:\/\/preprod.alongavecanna.com\/product\/belledonne-slipover\/"},"modified":"2023-09-29T20:57:21","modified_gmt":"2023-09-29T20:57:21","slug":"belledonne-slipover","status":"publish","type":"product","link":"https:\/\/www.alongavecanna.com\/fr\/produit\/belledonne-slipover\/","title":{"rendered":"Belledonne (Slipover)"},"content":{"rendered":"<p><strong>Tailles<\/strong> : (mensurations tour de poitrine v\u00eatement fini) : 80, 90, 100 (110, 120, 130) 140, 150, 160 cm<\/p>\n<p><strong>Aiguilles pr\u00e9conis\u00e9es<\/strong>(si votre \u00e9chantillon correspond bien) : pour le corps et les manches 5mm \/US 8 pour les c\u00f4tes 4.5mm\/US 7<\/p>\n<p><strong>Echantillon<\/strong> : 14 mailles x 40 rangs = 10 cm en aiguilles 5mm\/US8<br \/>\n(ou autre taille d\u00e9pendant de votre \u00e9chantillon)<br \/>\nNous vous conseillons de faire l\u2019\u00e9chantillon en brioche en rond si votre tension diff\u00e8re entre tricot en rond ou \u00e0 plat.<\/p>\n<p><strong>Laine(s) <\/strong> : Deux fils \u00e0 tricoter ensemble &#8211; un fil de DK et un fil de lace mohair<\/p>\n<p><em>DK<\/em>: <span class=\"JsGRdQ\">520, 580, 640 (680, 750, 850) <\/span><span class=\"JsGRdQ\">[960, 1050, 1170] <\/span><span class=\"JsGRdQ\">m\u00e8tres <\/span><span class=\"JsGRdQ\">soit 5, 6, 6 (7, 7, 8)<\/span><span class=\"JsGRdQ\"> [9, 10, 11] <\/span><span class=\"JsGRdQ\">pelotes de Double Merino &#8211; Along avec Anna<\/span><\/p>\n<p class=\"_04xlpA direction-ltr align-center para-style-body\"><em><span class=\"JsGRdQ\">Mohair<\/span><\/em><span class=\"JsGRdQ\">: 530, 550, 620 (690, 790, 840)<\/span><span class=\"JsGRdQ\"> [970, 1050, 1170] <\/span><span class=\"JsGRdQ\">m\u00e8tres <\/span><span class=\"JsGRdQ\">soit 3, 3, 3 (4, 4, 4) <\/span><span class=\"JsGRdQ\">[5, 5, 6] <\/span><span class=\"JsGRdQ\">pelotes de Silk Mohair &#8211; Along avec Anna.<\/span><\/p>\n<p><em style=\"font-size: 14.4px;\">Prototype<\/em><span style=\"font-size: 14.4px;\">: tricot\u00e9 en taille 90 avec 10 cm d&rsquo;aisance<\/span><\/p>\n<p><strong>Aiguilles pr\u00e9conis\u00e9es<\/strong> (si votre \u00e9chantillon correspond bien) : pour le corps et les manches 5mm \/US 8 pour les c\u00f4tes 4.5mm\/US 7<\/p>\n<p><strong>Mat\u00e9riel<\/strong>: anneaux marqueurs, morceaux de laine pour mettre les mailles en attente, aiguille \u00e0 laine pour rentrer les fils<\/p>\n","protected":false},"excerpt":{"rendered":"<p>&nbsp;<\/p>\n<p style=\"text-align: justify;\"><strong>Belledonne (Slipover)<\/strong>est un pull sans manche en brioche qui est tricot\u00e9 avec un fil de Double Merino (DK) et un fil de Silk Mohair (lace). Il s\u2019agit d\u2019un petit pull parfait \u00e0 porter sur une jolie blouse, chemise ou robe et qui se porte avec une aisance entre 10 et 15 cm.<\/p>\n<p style=\"text-align: justify;\">Se tricote du bas vers le haut.<\/p>\n","protected":false},"featured_media":60323,"comment_status":"closed","ping_status":"closed","template":"","meta":[],"product_brand":[],"product_cat":[380,376,377,381],"product_tag":[],"class_list":{"0":"post-51294","1":"product","2":"type-product","3":"status-publish","4":"has-post-thumbnail","6":"product_cat-patrons-anglais","7":"product_cat-patrons-de-tricot","8":"product_cat-patrons-femme","9":"product_cat-patrons-francais","11":"first","12":"instock","13":"downloadable","14":"virtual","15":"taxable","16":"purchasable","17":"product-type-simple"},"yoast_head":"<!-- This site is optimized with the Yoast SEO plugin v27.4 - https:\/\/yoast.com\/product\/yoast-seo-wordpress\/ -->\n<title>Belledonne (Slipover) - Along Avec Anna<\/title>\n<meta name=\"robots\" content=\"index, follow, max-snippet:-1, max-image-preview:large, max-video-preview:-1\" \/>\n<link rel=\"canonical\" href=\"https:\/\/www.alongavecanna.com\/fr\/produit\/belledonne-slipover\/\" \/>\n<meta property=\"og:locale\" content=\"fr_FR\" \/>\n<meta property=\"og:type\" content=\"article\" \/>\n<meta property=\"og:title\" content=\"Belledonne (Slipover) - Along Avec Anna\" \/>\n<meta property=\"og:description\" content=\"&nbsp; Belledonne (Slipover)est un pull sans manche en brioche qui est tricot\u00e9 avec un fil de Double Merino (DK) et un fil de Silk Mohair (lace). Il s\u2019agit d\u2019un petit pull parfait \u00e0 porter sur une jolie blouse, chemise ou robe et qui se porte avec une aisance entre 10 et 15 cm. Se tricote du bas vers le haut.\" \/>\n<meta property=\"og:url\" content=\"https:\/\/www.alongavecanna.com\/fr\/produit\/belledonne-slipover\/\" \/>\n<meta property=\"og:site_name\" content=\"Along Avec Anna\" \/>\n<meta property=\"article:publisher\" content=\"https:\/\/facebook.com\/alongavecanna\" \/>\n<meta property=\"article:modified_time\" content=\"2023-09-29T20:57:21+00:00\" \/>\n<meta property=\"og:image\" content=\"https:\/\/www.alongavecanna.com\/wp-content\/uploads\/2022\/12\/AlongAvecAnna-234.jpg\" \/>\n\t<meta property=\"og:image:width\" content=\"1024\" \/>\n\t<meta property=\"og:image:height\" content=\"1536\" \/>\n\t<meta property=\"og:image:type\" content=\"image\/jpeg\" \/>\n<meta name=\"twitter:card\" content=\"summary_large_image\" \/>\n<meta name=\"twitter:label1\" content=\"Dur\u00e9e de lecture estim\u00e9e\" \/>\n\t<meta name=\"twitter:data1\" content=\"1 minute\" \/>\n<script type=\"application\/ld+json\" class=\"yoast-schema-graph\">{\"@context\":\"https:\\\/\\\/schema.org\",\"@graph\":[{\"@type\":\"WebPage\",\"@id\":\"https:\\\/\\\/www.alongavecanna.com\\\/fr\\\/produit\\\/belledonne-slipover\\\/\",\"url\":\"https:\\\/\\\/www.alongavecanna.com\\\/fr\\\/produit\\\/belledonne-slipover\\\/\",\"name\":\"Belledonne (Slipover) - Along Avec Anna\",\"isPartOf\":{\"@id\":\"https:\\\/\\\/www.alongavecanna.com\\\/fr\\\/#website\"},\"primaryImageOfPage\":{\"@id\":\"https:\\\/\\\/www.alongavecanna.com\\\/fr\\\/produit\\\/belledonne-slipover\\\/#primaryimage\"},\"image\":{\"@id\":\"https:\\\/\\\/www.alongavecanna.com\\\/fr\\\/produit\\\/belledonne-slipover\\\/#primaryimage\"},\"thumbnailUrl\":\"https:\\\/\\\/www.alongavecanna.com\\\/wp-content\\\/uploads\\\/2022\\\/12\\\/AlongAvecAnna-234.jpg\",\"datePublished\":\"2022-12-08T18:36:18+00:00\",\"dateModified\":\"2023-09-29T20:57:21+00:00\",\"breadcrumb\":{\"@id\":\"https:\\\/\\\/www.alongavecanna.com\\\/fr\\\/produit\\\/belledonne-slipover\\\/#breadcrumb\"},\"inLanguage\":\"fr-FR\",\"potentialAction\":[{\"@type\":\"ReadAction\",\"target\":[\"https:\\\/\\\/www.alongavecanna.com\\\/fr\\\/produit\\\/belledonne-slipover\\\/\"]}]},{\"@type\":\"ImageObject\",\"inLanguage\":\"fr-FR\",\"@id\":\"https:\\\/\\\/www.alongavecanna.com\\\/fr\\\/produit\\\/belledonne-slipover\\\/#primaryimage\",\"url\":\"https:\\\/\\\/www.alongavecanna.com\\\/wp-content\\\/uploads\\\/2022\\\/12\\\/AlongAvecAnna-234.jpg\",\"contentUrl\":\"https:\\\/\\\/www.alongavecanna.com\\\/wp-content\\\/uploads\\\/2022\\\/12\\\/AlongAvecAnna-234.jpg\",\"width\":1024,\"height\":1536},{\"@type\":\"BreadcrumbList\",\"@id\":\"https:\\\/\\\/www.alongavecanna.com\\\/fr\\\/produit\\\/belledonne-slipover\\\/#breadcrumb\",\"itemListElement\":[{\"@type\":\"ListItem\",\"position\":1,\"name\":\"Home\",\"item\":\"https:\\\/\\\/www.alongavecanna.com\\\/fr\\\/\"},{\"@type\":\"ListItem\",\"position\":2,\"name\":\"Produits\",\"item\":\"https:\\\/\\\/www.alongavecanna.com\\\/fr\\\/shop\\\/\"},{\"@type\":\"ListItem\",\"position\":3,\"name\":\"Belledonne (Slipover)\"}]},{\"@type\":\"WebSite\",\"@id\":\"https:\\\/\\\/www.alongavecanna.com\\\/fr\\\/#website\",\"url\":\"https:\\\/\\\/www.alongavecanna.com\\\/fr\\\/\",\"name\":\"Along Avec Anna\",\"description\":\"Ethical yarn &amp; timeless knitting patterns\",\"publisher\":{\"@id\":\"https:\\\/\\\/www.alongavecanna.com\\\/fr\\\/#organization\"},\"potentialAction\":[{\"@type\":\"SearchAction\",\"target\":{\"@type\":\"EntryPoint\",\"urlTemplate\":\"https:\\\/\\\/www.alongavecanna.com\\\/fr\\\/?s={search_term_string}\"},\"query-input\":{\"@type\":\"PropertyValueSpecification\",\"valueRequired\":true,\"valueName\":\"search_term_string\"}}],\"inLanguage\":\"fr-FR\"},{\"@type\":\"Organization\",\"@id\":\"https:\\\/\\\/www.alongavecanna.com\\\/fr\\\/#organization\",\"name\":\"Along Avec Anna\",\"url\":\"https:\\\/\\\/www.alongavecanna.com\\\/fr\\\/\",\"logo\":{\"@type\":\"ImageObject\",\"inLanguage\":\"fr-FR\",\"@id\":\"https:\\\/\\\/www.alongavecanna.com\\\/fr\\\/#\\\/schema\\\/logo\\\/image\\\/\",\"url\":\"https:\\\/\\\/www.alongavecanna.com\\\/wp-content\\\/uploads\\\/2023\\\/01\\\/logo-along-avec-anna.png\",\"contentUrl\":\"https:\\\/\\\/www.alongavecanna.com\\\/wp-content\\\/uploads\\\/2023\\\/01\\\/logo-along-avec-anna.png\",\"width\":1728,\"height\":627,\"caption\":\"Along Avec Anna\"},\"image\":{\"@id\":\"https:\\\/\\\/www.alongavecanna.com\\\/fr\\\/#\\\/schema\\\/logo\\\/image\\\/\"},\"sameAs\":[\"https:\\\/\\\/facebook.com\\\/alongavecanna\",\"https:\\\/\\\/www.instagram.com\\\/along.avec.anna\\\/\"]}]}<\/script>\n<!-- \/ Yoast SEO plugin. -->","yoast_head_json":{"title":"Belledonne (Slipover) - Along Avec Anna","robots":{"index":"index","follow":"follow","max-snippet":"max-snippet:-1","max-image-preview":"max-image-preview:large","max-video-preview":"max-video-preview:-1"},"canonical":"https:\/\/www.alongavecanna.com\/fr\/produit\/belledonne-slipover\/","og_locale":"fr_FR","og_type":"article","og_title":"Belledonne (Slipover) - Along Avec Anna","og_description":"&nbsp; Belledonne (Slipover)est un pull sans manche en brioche qui est tricot\u00e9 avec un fil de Double Merino (DK) et un fil de Silk Mohair (lace). Il s\u2019agit d\u2019un petit pull parfait \u00e0 porter sur une jolie blouse, chemise ou robe et qui se porte avec une aisance entre 10 et 15 cm. Se tricote du bas vers le haut.","og_url":"https:\/\/www.alongavecanna.com\/fr\/produit\/belledonne-slipover\/","og_site_name":"Along Avec Anna","article_publisher":"https:\/\/facebook.com\/alongavecanna","article_modified_time":"2023-09-29T20:57:21+00:00","og_image":[{"width":1024,"height":1536,"url":"https:\/\/www.alongavecanna.com\/wp-content\/uploads\/2022\/12\/AlongAvecAnna-234.jpg","type":"image\/jpeg"}],"twitter_card":"summary_large_image","twitter_misc":{"Dur\u00e9e de lecture estim\u00e9e":"1 minute"},"schema":{"@context":"https:\/\/schema.org","@graph":[{"@type":"WebPage","@id":"https:\/\/www.alongavecanna.com\/fr\/produit\/belledonne-slipover\/","url":"https:\/\/www.alongavecanna.com\/fr\/produit\/belledonne-slipover\/","name":"Belledonne (Slipover) - Along Avec Anna","isPartOf":{"@id":"https:\/\/www.alongavecanna.com\/fr\/#website"},"primaryImageOfPage":{"@id":"https:\/\/www.alongavecanna.com\/fr\/produit\/belledonne-slipover\/#primaryimage"},"image":{"@id":"https:\/\/www.alongavecanna.com\/fr\/produit\/belledonne-slipover\/#primaryimage"},"thumbnailUrl":"https:\/\/www.alongavecanna.com\/wp-content\/uploads\/2022\/12\/AlongAvecAnna-234.jpg","datePublished":"2022-12-08T18:36:18+00:00","dateModified":"2023-09-29T20:57:21+00:00","breadcrumb":{"@id":"https:\/\/www.alongavecanna.com\/fr\/produit\/belledonne-slipover\/#breadcrumb"},"inLanguage":"fr-FR","potentialAction":[{"@type":"ReadAction","target":["https:\/\/www.alongavecanna.com\/fr\/produit\/belledonne-slipover\/"]}]},{"@type":"ImageObject","inLanguage":"fr-FR","@id":"https:\/\/www.alongavecanna.com\/fr\/produit\/belledonne-slipover\/#primaryimage","url":"https:\/\/www.alongavecanna.com\/wp-content\/uploads\/2022\/12\/AlongAvecAnna-234.jpg","contentUrl":"https:\/\/www.alongavecanna.com\/wp-content\/uploads\/2022\/12\/AlongAvecAnna-234.jpg","width":1024,"height":1536},{"@type":"BreadcrumbList","@id":"https:\/\/www.alongavecanna.com\/fr\/produit\/belledonne-slipover\/#breadcrumb","itemListElement":[{"@type":"ListItem","position":1,"name":"Home","item":"https:\/\/www.alongavecanna.com\/fr\/"},{"@type":"ListItem","position":2,"name":"Produits","item":"https:\/\/www.alongavecanna.com\/fr\/shop\/"},{"@type":"ListItem","position":3,"name":"Belledonne (Slipover)"}]},{"@type":"WebSite","@id":"https:\/\/www.alongavecanna.com\/fr\/#website","url":"https:\/\/www.alongavecanna.com\/fr\/","name":"Along Avec Anna","description":"Ethical yarn &amp; timeless knitting patterns","publisher":{"@id":"https:\/\/www.alongavecanna.com\/fr\/#organization"},"potentialAction":[{"@type":"SearchAction","target":{"@type":"EntryPoint","urlTemplate":"https:\/\/www.alongavecanna.com\/fr\/?s={search_term_string}"},"query-input":{"@type":"PropertyValueSpecification","valueRequired":true,"valueName":"search_term_string"}}],"inLanguage":"fr-FR"},{"@type":"Organization","@id":"https:\/\/www.alongavecanna.com\/fr\/#organization","name":"Along Avec Anna","url":"https:\/\/www.alongavecanna.com\/fr\/","logo":{"@type":"ImageObject","inLanguage":"fr-FR","@id":"https:\/\/www.alongavecanna.com\/fr\/#\/schema\/logo\/image\/","url":"https:\/\/www.alongavecanna.com\/wp-content\/uploads\/2023\/01\/logo-along-avec-anna.png","contentUrl":"https:\/\/www.alongavecanna.com\/wp-content\/uploads\/2023\/01\/logo-along-avec-anna.png","width":1728,"height":627,"caption":"Along Avec Anna"},"image":{"@id":"https:\/\/www.alongavecanna.com\/fr\/#\/schema\/logo\/image\/"},"sameAs":["https:\/\/facebook.com\/alongavecanna","https:\/\/www.instagram.com\/along.avec.anna\/"]}]}},"_links":{"self":[{"href":"https:\/\/www.alongavecanna.com\/fr\/wp-json\/wp\/v2\/product\/51294","targetHints":{"allow":["GET"]}}],"collection":[{"href":"https:\/\/www.alongavecanna.com\/fr\/wp-json\/wp\/v2\/product"}],"about":[{"href":"https:\/\/www.alongavecanna.com\/fr\/wp-json\/wp\/v2\/types\/product"}],"replies":[{"embeddable":true,"href":"https:\/\/www.alongavecanna.com\/fr\/wp-json\/wp\/v2\/comments?post=51294"}],"version-history":[{"count":0,"href":"https:\/\/www.alongavecanna.com\/fr\/wp-json\/wp\/v2\/product\/51294\/revisions"}],"wp:featuredmedia":[{"embeddable":true,"href":"https:\/\/www.alongavecanna.com\/fr\/wp-json\/wp\/v2\/media\/60323"}],"wp:attachment":[{"href":"https:\/\/www.alongavecanna.com\/fr\/wp-json\/wp\/v2\/media?parent=51294"}],"wp:term":[{"taxonomy":"product_brand","embeddable":true,"href":"https:\/\/www.alongavecanna.com\/fr\/wp-json\/wp\/v2\/product_brand?post=51294"},{"taxonomy":"product_cat","embeddable":true,"href":"https:\/\/www.alongavecanna.com\/fr\/wp-json\/wp\/v2\/product_cat?post=51294"},{"taxonomy":"product_tag","embeddable":true,"href":"https:\/\/www.alongavecanna.com\/fr\/wp-json\/wp\/v2\/product_tag?post=51294"}],"curies":[{"name":"wp","href":"https:\/\/api.w.org\/{rel}","templated":true}]}}