{"id":59908,"date":"2023-08-31T14:41:56","date_gmt":"2023-08-31T14:41:56","guid":{"rendered":"https:\/\/www.alongavecanna.com\/?page_id=59908"},"modified":"2024-12-23T11:50:23","modified_gmt":"2024-12-23T11:50:23","slug":"e-book-gratuit","status":"publish","type":"page","link":"https:\/\/www.alongavecanna.com\/fr\/e-book-gratuit\/","title":{"rendered":"E-book"},"content":{"rendered":"\t\t<div data-elementor-type=\"wp-page\" data-elementor-id=\"59908\" class=\"elementor elementor-59908 elementor-59896\" data-elementor-post-type=\"page\">\n\t\t\t\t\t\t<section class=\"elementor-section elementor-top-section elementor-element elementor-element-8d1d2f1 elementor-section-boxed elementor-section-height-default elementor-section-height-default\" data-id=\"8d1d2f1\" data-element_type=\"section\" data-e-type=\"section\" data-settings=\"{&quot;background_background&quot;:&quot;classic&quot;,&quot;shape_divider_bottom&quot;:&quot;mountains&quot;}\">\n\t\t\t\t\t\t\t<div class=\"elementor-background-overlay\"><\/div>\n\t\t\t\t\t\t<div class=\"elementor-shape elementor-shape-bottom\" aria-hidden=\"true\" data-negative=\"false\">\n\t\t\t<svg xmlns=\"http:\/\/www.w3.org\/2000\/svg\" viewBox=\"0 0 1000 100\" preserveAspectRatio=\"none\">\n\t<path class=\"elementor-shape-fill\" opacity=\"0.33\" d=\"M473,67.3c-203.9,88.3-263.1-34-320.3,0C66,119.1,0,59.7,0,59.7V0h1000v59.7 c0,0-62.1,26.1-94.9,29.3c-32.8,3.3-62.8-12.3-75.8-22.1C806,49.6,745.3,8.7,694.9,4.7S492.4,59,473,67.3z\"\/>\n\t<path class=\"elementor-shape-fill\" opacity=\"0.66\" d=\"M734,67.3c-45.5,0-77.2-23.2-129.1-39.1c-28.6-8.7-150.3-10.1-254,39.1 s-91.7-34.4-149.2,0C115.7,118.3,0,39.8,0,39.8V0h1000v36.5c0,0-28.2-18.5-92.1-18.5C810.2,18.1,775.7,67.3,734,67.3z\"\/>\n\t<path class=\"elementor-shape-fill\" d=\"M766.1,28.9c-200-57.5-266,65.5-395.1,19.5C242,1.8,242,5.4,184.8,20.6C128,35.8,132.3,44.9,89.9,52.5C28.6,63.7,0,0,0,0 h1000c0,0-9.9,40.9-83.6,48.1S829.6,47,766.1,28.9z\"\/>\n<\/svg>\t\t<\/div>\n\t\t\t\t\t<div class=\"elementor-container elementor-column-gap-default\">\n\t\t\t\t\t<div class=\"elementor-column elementor-col-100 elementor-top-column elementor-element elementor-element-4ef3201\" data-id=\"4ef3201\" data-element_type=\"column\" data-e-type=\"column\">\n\t\t\t<div class=\"elementor-widget-wrap elementor-element-populated\">\n\t\t\t\t\t\t<div class=\"elementor-element elementor-element-5946568 elementor-widget elementor-widget-heading\" data-id=\"5946568\" data-element_type=\"widget\" data-e-type=\"widget\" data-widget_type=\"heading.default\">\n\t\t\t\t\t<h1 class=\"elementor-heading-title elementor-size-default\">E-book<\/h1>\t\t\t\t<\/div>\n\t\t\t\t\t<\/div>\n\t\t<\/div>\n\t\t\t\t\t<\/div>\n\t\t<\/section>\n\t\t\t\t<section class=\"elementor-section elementor-top-section elementor-element elementor-element-86a225f elementor-section-boxed elementor-section-height-default elementor-section-height-default\" data-id=\"86a225f\" data-element_type=\"section\" data-e-type=\"section\">\n\t\t\t\t\t\t<div class=\"elementor-container elementor-column-gap-default\">\n\t\t\t\t\t<div class=\"elementor-column elementor-col-50 elementor-top-column elementor-element elementor-element-8aea72d\" data-id=\"8aea72d\" data-element_type=\"column\" data-e-type=\"column\">\n\t\t\t<div class=\"elementor-widget-wrap elementor-element-populated\">\n\t\t\t\t\t\t<section class=\"elementor-section elementor-inner-section elementor-element elementor-element-356b494 elementor-section-boxed elementor-section-height-default elementor-section-height-default\" data-id=\"356b494\" data-element_type=\"section\" data-e-type=\"section\">\n\t\t\t\t\t\t<div class=\"elementor-container elementor-column-gap-default\">\n\t\t\t\t\t<div class=\"elementor-column elementor-col-50 elementor-inner-column elementor-element elementor-element-fad7803\" data-id=\"fad7803\" data-element_type=\"column\" data-e-type=\"column\">\n\t\t\t<div class=\"elementor-widget-wrap elementor-element-populated\">\n\t\t\t\t\t\t<div class=\"elementor-element elementor-element-81dd961 elementor-widget elementor-widget-image\" data-id=\"81dd961\" data-element_type=\"widget\" data-e-type=\"widget\" data-widget_type=\"image.default\">\n\t\t\t\t\t\t\t\t\t\t\t\t\t\t\t<img fetchpriority=\"high\" decoding=\"async\" width=\"724\" height=\"1024\" src=\"https:\/\/www.alongavecanna.com\/wp-content\/uploads\/2023\/08\/Ebook_cover-724x1024.jpeg\" class=\"attachment-large size-large wp-image-59884\" alt=\"\" srcset=\"https:\/\/www.alongavecanna.com\/wp-content\/uploads\/2023\/08\/Ebook_cover-724x1024.jpeg 724w, https:\/\/www.alongavecanna.com\/wp-content\/uploads\/2023\/08\/Ebook_cover-212x300.jpeg 212w, https:\/\/www.alongavecanna.com\/wp-content\/uploads\/2023\/08\/Ebook_cover-768x1086.jpeg 768w, https:\/\/www.alongavecanna.com\/wp-content\/uploads\/2023\/08\/Ebook_cover-1087x1536.jpeg 1087w, https:\/\/www.alongavecanna.com\/wp-content\/uploads\/2023\/08\/Ebook_cover-600x848.jpeg 600w, https:\/\/www.alongavecanna.com\/wp-content\/uploads\/2023\/08\/Ebook_cover.jpeg 1132w\" sizes=\"(max-width: 724px) 100vw, 724px\" \/>\t\t\t\t\t\t\t\t\t\t\t\t\t\t\t<\/div>\n\t\t\t\t\t<\/div>\n\t\t<\/div>\n\t\t\t\t<div class=\"elementor-column elementor-col-50 elementor-inner-column elementor-element elementor-element-43f4165\" data-id=\"43f4165\" data-element_type=\"column\" data-e-type=\"column\">\n\t\t\t<div class=\"elementor-widget-wrap elementor-element-populated\">\n\t\t\t\t\t\t<div class=\"elementor-element elementor-element-7245938 elementor-widget elementor-widget-text-editor\" data-id=\"7245938\" data-element_type=\"widget\" data-e-type=\"widget\" data-widget_type=\"text-editor.default\">\n\t\t\t\t\t\t\t\t\t<p><b>Keep Calm and Get Knitting ! Un guide simple et accessible<\/b><\/p>\n<p style=\"text-align: justify;\">Chez Along avec Anna, nous voulons rendre cet incroyable m\u00e9tier aussi accessible que possible, c&rsquo;est pourquoi nous avons cr\u00e9\u00e9 <b>ce guide gratuit pour d\u00e9butants afin de vous pr\u00e9senter le monde du tricot<\/b>. Nous avons distill\u00e9 nos ann\u00e9es d&rsquo;exp\u00e9rience jusqu&rsquo;\u00e0 l&rsquo;essentiel dans cette ressource amusante et informative qui comprend tout ce que vous devez savoir pour commencer !   <\/p>\n<p style=\"text-align: justify;\">L&rsquo;ebook couvre les mat\u00e9riaux, les points et les techniques de base, comment faire des \u00e9chantillons, comment lire un patron, et m\u00eame un patron gratuit pour un joli bandeau super simple. Nous avons \u00e9galement cr\u00e9\u00e9 une s\u00e9rie de vid\u00e9os YouTube gratuites qui compl\u00e8tent parfaitement l&rsquo;ebook.   <\/p>\n\t\t\t\t\t\t\t\t<\/div>\n\t\t\t\t\t<\/div>\n\t\t<\/div>\n\t\t\t\t\t<\/div>\n\t\t<\/section>\n\t\t\t\t\t<\/div>\n\t\t<\/div>\n\t\t\t\t<div class=\"elementor-column elementor-col-50 elementor-top-column elementor-element elementor-element-0833635\" data-id=\"0833635\" data-element_type=\"column\" data-e-type=\"column\">\n\t\t\t<div class=\"elementor-widget-wrap elementor-element-populated\">\n\t\t\t\t\t\t<div class=\"elementor-element elementor-element-ceb6603 elementor-widget elementor-widget-html\" data-id=\"ceb6603\" data-element_type=\"widget\" data-e-type=\"widget\" data-widget_type=\"html.default\">\n\t\t\t\t\t<!-- MailerLite Universal -->\n<script>\n    (function(w,d,e,u,f,l,n){w[f]=w[f]||function(){(w[f].q=w[f].q||[])\n    .push(arguments);},l=d.createElement(e),l.async=1,l.src=u,\n    n=d.getElementsByTagName(e)[0],n.parentNode.insertBefore(l,n);})\n    (window,document,'script','https:\/\/assets.mailerlite.com\/js\/universal.js','ml');\n    ml('account', '320934');\n<\/script>\n<!-- End MailerLite Universal -->\n\n<div class=\"ml-embedded\" data-form=\"TyKSxo\"><\/div>\t\t\t\t<\/div>\n\t\t\t\t\t<\/div>\n\t\t<\/div>\n\t\t\t\t\t<\/div>\n\t\t<\/section>\n\t\t\t\t<\/div>\n\t\t","protected":false},"excerpt":{"rendered":"<p>Home Keep Calm and Get Knitting ! Un guide simple et accessible Chez Along avec Anna, nous voulons rendre cet incroyable m\u00e9tier aussi accessible que possible, c&rsquo;est pourquoi nous avons cr\u00e9\u00e9 ce guide gratuit pour d\u00e9butants afin de vous pr\u00e9senter le monde du tricot. Nous avons distill\u00e9 nos ann\u00e9es d&rsquo;exp\u00e9rience jusqu&rsquo;\u00e0 l&rsquo;essentiel dans cette ressource [&hellip;]<\/p>\n","protected":false},"author":1,"featured_media":0,"parent":0,"menu_order":0,"comment_status":"closed","ping_status":"closed","template":"elementor_header_footer","meta":{"footnotes":""},"class_list":["post-59908","page","type-page","status-publish","hentry"],"yoast_head":"<!-- This site is optimized with the Yoast SEO plugin v27.4 - https:\/\/yoast.com\/product\/yoast-seo-wordpress\/ -->\n<title>Guide GRATUIT du tricot - Along Avec Anna<\/title>\n<meta name=\"description\" content=\"Un guide gratuit exclusif sur le tricot de Along avec Anna, &quot;Keep calm and get knitting !&quot;, que vous soyez d\u00e9butante ou plus exp\u00e9riment\u00e9e.\" \/>\n<meta name=\"robots\" content=\"index, follow, max-snippet:-1, max-image-preview:large, max-video-preview:-1\" \/>\n<link rel=\"canonical\" href=\"https:\/\/www.alongavecanna.com\/fr\/e-book-gratuit\/\" \/>\n<meta property=\"og:locale\" content=\"fr_FR\" \/>\n<meta property=\"og:type\" content=\"article\" \/>\n<meta property=\"og:title\" content=\"Guide GRATUIT du tricot - Along Avec Anna\" \/>\n<meta property=\"og:description\" content=\"Un guide gratuit exclusif sur le tricot de Along avec Anna, &quot;Keep calm and get knitting !&quot;, que vous soyez d\u00e9butante ou plus exp\u00e9riment\u00e9e.\" \/>\n<meta property=\"og:url\" content=\"https:\/\/www.alongavecanna.com\/fr\/e-book-gratuit\/\" \/>\n<meta property=\"og:site_name\" content=\"Along Avec Anna\" \/>\n<meta property=\"article:publisher\" content=\"https:\/\/facebook.com\/alongavecanna\" \/>\n<meta property=\"article:modified_time\" content=\"2024-12-23T11:50:23+00:00\" \/>\n<meta property=\"og:image\" content=\"https:\/\/www.alongavecanna.com\/wp-content\/uploads\/2023\/08\/Ebook_cover-724x1024.jpeg\" \/>\n<meta name=\"twitter:card\" content=\"summary_large_image\" \/>\n<meta name=\"twitter:label1\" content=\"Dur\u00e9e de lecture estim\u00e9e\" \/>\n\t<meta name=\"twitter:data1\" content=\"1 minute\" \/>\n<script type=\"application\/ld+json\" class=\"yoast-schema-graph\">{\"@context\":\"https:\\\/\\\/schema.org\",\"@graph\":[{\"@type\":\"WebPage\",\"@id\":\"https:\\\/\\\/www.alongavecanna.com\\\/fr\\\/e-book-gratuit\\\/\",\"url\":\"https:\\\/\\\/www.alongavecanna.com\\\/fr\\\/e-book-gratuit\\\/\",\"name\":\"Guide GRATUIT du tricot - Along Avec Anna\",\"isPartOf\":{\"@id\":\"https:\\\/\\\/www.alongavecanna.com\\\/fr\\\/#website\"},\"primaryImageOfPage\":{\"@id\":\"https:\\\/\\\/www.alongavecanna.com\\\/fr\\\/e-book-gratuit\\\/#primaryimage\"},\"image\":{\"@id\":\"https:\\\/\\\/www.alongavecanna.com\\\/fr\\\/e-book-gratuit\\\/#primaryimage\"},\"thumbnailUrl\":\"https:\\\/\\\/www.alongavecanna.com\\\/wp-content\\\/uploads\\\/2023\\\/08\\\/Ebook_cover-724x1024.jpeg\",\"datePublished\":\"2023-08-31T14:41:56+00:00\",\"dateModified\":\"2024-12-23T11:50:23+00:00\",\"description\":\"Un guide gratuit exclusif sur le tricot de Along avec Anna, \\\"Keep calm and get knitting !\\\", que vous soyez d\u00e9butante ou plus exp\u00e9riment\u00e9e.\",\"breadcrumb\":{\"@id\":\"https:\\\/\\\/www.alongavecanna.com\\\/fr\\\/e-book-gratuit\\\/#breadcrumb\"},\"inLanguage\":\"fr-FR\",\"potentialAction\":[{\"@type\":\"ReadAction\",\"target\":[\"https:\\\/\\\/www.alongavecanna.com\\\/fr\\\/e-book-gratuit\\\/\"]}]},{\"@type\":\"ImageObject\",\"inLanguage\":\"fr-FR\",\"@id\":\"https:\\\/\\\/www.alongavecanna.com\\\/fr\\\/e-book-gratuit\\\/#primaryimage\",\"url\":\"https:\\\/\\\/www.alongavecanna.com\\\/wp-content\\\/uploads\\\/2023\\\/08\\\/Ebook_cover-724x1024.jpeg\",\"contentUrl\":\"https:\\\/\\\/www.alongavecanna.com\\\/wp-content\\\/uploads\\\/2023\\\/08\\\/Ebook_cover-724x1024.jpeg\"},{\"@type\":\"BreadcrumbList\",\"@id\":\"https:\\\/\\\/www.alongavecanna.com\\\/fr\\\/e-book-gratuit\\\/#breadcrumb\",\"itemListElement\":[{\"@type\":\"ListItem\",\"position\":1,\"name\":\"Home\",\"item\":\"https:\\\/\\\/www.alongavecanna.com\\\/fr\\\/\"},{\"@type\":\"ListItem\",\"position\":2,\"name\":\"E-book\"}]},{\"@type\":\"WebSite\",\"@id\":\"https:\\\/\\\/www.alongavecanna.com\\\/fr\\\/#website\",\"url\":\"https:\\\/\\\/www.alongavecanna.com\\\/fr\\\/\",\"name\":\"Along Avec Anna\",\"description\":\"Ethical yarn &amp; timeless knitting patterns\",\"publisher\":{\"@id\":\"https:\\\/\\\/www.alongavecanna.com\\\/fr\\\/#organization\"},\"potentialAction\":[{\"@type\":\"SearchAction\",\"target\":{\"@type\":\"EntryPoint\",\"urlTemplate\":\"https:\\\/\\\/www.alongavecanna.com\\\/fr\\\/?s={search_term_string}\"},\"query-input\":{\"@type\":\"PropertyValueSpecification\",\"valueRequired\":true,\"valueName\":\"search_term_string\"}}],\"inLanguage\":\"fr-FR\"},{\"@type\":\"Organization\",\"@id\":\"https:\\\/\\\/www.alongavecanna.com\\\/fr\\\/#organization\",\"name\":\"Along Avec Anna\",\"url\":\"https:\\\/\\\/www.alongavecanna.com\\\/fr\\\/\",\"logo\":{\"@type\":\"ImageObject\",\"inLanguage\":\"fr-FR\",\"@id\":\"https:\\\/\\\/www.alongavecanna.com\\\/fr\\\/#\\\/schema\\\/logo\\\/image\\\/\",\"url\":\"https:\\\/\\\/www.alongavecanna.com\\\/wp-content\\\/uploads\\\/2023\\\/01\\\/logo-along-avec-anna.png\",\"contentUrl\":\"https:\\\/\\\/www.alongavecanna.com\\\/wp-content\\\/uploads\\\/2023\\\/01\\\/logo-along-avec-anna.png\",\"width\":1728,\"height\":627,\"caption\":\"Along Avec Anna\"},\"image\":{\"@id\":\"https:\\\/\\\/www.alongavecanna.com\\\/fr\\\/#\\\/schema\\\/logo\\\/image\\\/\"},\"sameAs\":[\"https:\\\/\\\/facebook.com\\\/alongavecanna\",\"https:\\\/\\\/www.instagram.com\\\/along.avec.anna\\\/\"]}]}<\/script>\n<!-- \/ Yoast SEO plugin. -->","yoast_head_json":{"title":"Guide GRATUIT du tricot - Along Avec Anna","description":"Un guide gratuit exclusif sur le tricot de Along avec Anna, \"Keep calm and get knitting !\", que vous soyez d\u00e9butante ou plus exp\u00e9riment\u00e9e.","robots":{"index":"index","follow":"follow","max-snippet":"max-snippet:-1","max-image-preview":"max-image-preview:large","max-video-preview":"max-video-preview:-1"},"canonical":"https:\/\/www.alongavecanna.com\/fr\/e-book-gratuit\/","og_locale":"fr_FR","og_type":"article","og_title":"Guide GRATUIT du tricot - Along Avec Anna","og_description":"Un guide gratuit exclusif sur le tricot de Along avec Anna, \"Keep calm and get knitting !\", que vous soyez d\u00e9butante ou plus exp\u00e9riment\u00e9e.","og_url":"https:\/\/www.alongavecanna.com\/fr\/e-book-gratuit\/","og_site_name":"Along Avec Anna","article_publisher":"https:\/\/facebook.com\/alongavecanna","article_modified_time":"2024-12-23T11:50:23+00:00","og_image":[{"url":"https:\/\/www.alongavecanna.com\/wp-content\/uploads\/2023\/08\/Ebook_cover-724x1024.jpeg","type":"","width":"","height":""}],"twitter_card":"summary_large_image","twitter_misc":{"Dur\u00e9e de lecture estim\u00e9e":"1 minute"},"schema":{"@context":"https:\/\/schema.org","@graph":[{"@type":"WebPage","@id":"https:\/\/www.alongavecanna.com\/fr\/e-book-gratuit\/","url":"https:\/\/www.alongavecanna.com\/fr\/e-book-gratuit\/","name":"Guide GRATUIT du tricot - Along Avec Anna","isPartOf":{"@id":"https:\/\/www.alongavecanna.com\/fr\/#website"},"primaryImageOfPage":{"@id":"https:\/\/www.alongavecanna.com\/fr\/e-book-gratuit\/#primaryimage"},"image":{"@id":"https:\/\/www.alongavecanna.com\/fr\/e-book-gratuit\/#primaryimage"},"thumbnailUrl":"https:\/\/www.alongavecanna.com\/wp-content\/uploads\/2023\/08\/Ebook_cover-724x1024.jpeg","datePublished":"2023-08-31T14:41:56+00:00","dateModified":"2024-12-23T11:50:23+00:00","description":"Un guide gratuit exclusif sur le tricot de Along avec Anna, \"Keep calm and get knitting !\", que vous soyez d\u00e9butante ou plus exp\u00e9riment\u00e9e.","breadcrumb":{"@id":"https:\/\/www.alongavecanna.com\/fr\/e-book-gratuit\/#breadcrumb"},"inLanguage":"fr-FR","potentialAction":[{"@type":"ReadAction","target":["https:\/\/www.alongavecanna.com\/fr\/e-book-gratuit\/"]}]},{"@type":"ImageObject","inLanguage":"fr-FR","@id":"https:\/\/www.alongavecanna.com\/fr\/e-book-gratuit\/#primaryimage","url":"https:\/\/www.alongavecanna.com\/wp-content\/uploads\/2023\/08\/Ebook_cover-724x1024.jpeg","contentUrl":"https:\/\/www.alongavecanna.com\/wp-content\/uploads\/2023\/08\/Ebook_cover-724x1024.jpeg"},{"@type":"BreadcrumbList","@id":"https:\/\/www.alongavecanna.com\/fr\/e-book-gratuit\/#breadcrumb","itemListElement":[{"@type":"ListItem","position":1,"name":"Home","item":"https:\/\/www.alongavecanna.com\/fr\/"},{"@type":"ListItem","position":2,"name":"E-book"}]},{"@type":"WebSite","@id":"https:\/\/www.alongavecanna.com\/fr\/#website","url":"https:\/\/www.alongavecanna.com\/fr\/","name":"Along Avec Anna","description":"Ethical yarn &amp; timeless knitting patterns","publisher":{"@id":"https:\/\/www.alongavecanna.com\/fr\/#organization"},"potentialAction":[{"@type":"SearchAction","target":{"@type":"EntryPoint","urlTemplate":"https:\/\/www.alongavecanna.com\/fr\/?s={search_term_string}"},"query-input":{"@type":"PropertyValueSpecification","valueRequired":true,"valueName":"search_term_string"}}],"inLanguage":"fr-FR"},{"@type":"Organization","@id":"https:\/\/www.alongavecanna.com\/fr\/#organization","name":"Along Avec Anna","url":"https:\/\/www.alongavecanna.com\/fr\/","logo":{"@type":"ImageObject","inLanguage":"fr-FR","@id":"https:\/\/www.alongavecanna.com\/fr\/#\/schema\/logo\/image\/","url":"https:\/\/www.alongavecanna.com\/wp-content\/uploads\/2023\/01\/logo-along-avec-anna.png","contentUrl":"https:\/\/www.alongavecanna.com\/wp-content\/uploads\/2023\/01\/logo-along-avec-anna.png","width":1728,"height":627,"caption":"Along Avec Anna"},"image":{"@id":"https:\/\/www.alongavecanna.com\/fr\/#\/schema\/logo\/image\/"},"sameAs":["https:\/\/facebook.com\/alongavecanna","https:\/\/www.instagram.com\/along.avec.anna\/"]}]}},"_links":{"self":[{"href":"https:\/\/www.alongavecanna.com\/fr\/wp-json\/wp\/v2\/pages\/59908","targetHints":{"allow":["GET"]}}],"collection":[{"href":"https:\/\/www.alongavecanna.com\/fr\/wp-json\/wp\/v2\/pages"}],"about":[{"href":"https:\/\/www.alongavecanna.com\/fr\/wp-json\/wp\/v2\/types\/page"}],"author":[{"embeddable":true,"href":"https:\/\/www.alongavecanna.com\/fr\/wp-json\/wp\/v2\/users\/1"}],"replies":[{"embeddable":true,"href":"https:\/\/www.alongavecanna.com\/fr\/wp-json\/wp\/v2\/comments?post=59908"}],"version-history":[{"count":0,"href":"https:\/\/www.alongavecanna.com\/fr\/wp-json\/wp\/v2\/pages\/59908\/revisions"}],"wp:attachment":[{"href":"https:\/\/www.alongavecanna.com\/fr\/wp-json\/wp\/v2\/media?parent=59908"}],"curies":[{"name":"wp","href":"https:\/\/api.w.org\/{rel}","templated":true}]}}