{"id":54806,"date":"2023-02-03T23:30:45","date_gmt":"2023-02-03T23:30:45","guid":{"rendered":"https:\/\/preprod.alongavecanna.com\/ou-nous-trouver\/"},"modified":"2024-12-17T22:50:13","modified_gmt":"2024-12-17T22:50:13","slug":"ou-nous-trouver","status":"publish","type":"page","link":"https:\/\/www.alongavecanna.com\/fr\/ou-nous-trouver\/","title":{"rendered":"O\u00f9 nous trouver"},"content":{"rendered":"\t\t<div data-elementor-type=\"wp-page\" data-elementor-id=\"54806\" class=\"elementor elementor-54806 elementor-54714\" data-elementor-post-type=\"page\">\n\t\t\t\t\t\t<section class=\"elementor-section elementor-top-section elementor-element elementor-element-204f0f0 elementor-section-boxed elementor-section-height-default elementor-section-height-default\" data-id=\"204f0f0\" data-element_type=\"section\" data-e-type=\"section\" data-settings=\"{&quot;background_background&quot;:&quot;classic&quot;,&quot;shape_divider_bottom&quot;:&quot;mountains&quot;}\">\n\t\t\t\t\t\t\t<div class=\"elementor-background-overlay\"><\/div>\n\t\t\t\t\t\t<div class=\"elementor-shape elementor-shape-bottom\" aria-hidden=\"true\" data-negative=\"false\">\n\t\t\t<svg xmlns=\"http:\/\/www.w3.org\/2000\/svg\" viewBox=\"0 0 1000 100\" preserveAspectRatio=\"none\">\n\t<path class=\"elementor-shape-fill\" opacity=\"0.33\" d=\"M473,67.3c-203.9,88.3-263.1-34-320.3,0C66,119.1,0,59.7,0,59.7V0h1000v59.7 c0,0-62.1,26.1-94.9,29.3c-32.8,3.3-62.8-12.3-75.8-22.1C806,49.6,745.3,8.7,694.9,4.7S492.4,59,473,67.3z\"\/>\n\t<path class=\"elementor-shape-fill\" opacity=\"0.66\" d=\"M734,67.3c-45.5,0-77.2-23.2-129.1-39.1c-28.6-8.7-150.3-10.1-254,39.1 s-91.7-34.4-149.2,0C115.7,118.3,0,39.8,0,39.8V0h1000v36.5c0,0-28.2-18.5-92.1-18.5C810.2,18.1,775.7,67.3,734,67.3z\"\/>\n\t<path class=\"elementor-shape-fill\" d=\"M766.1,28.9c-200-57.5-266,65.5-395.1,19.5C242,1.8,242,5.4,184.8,20.6C128,35.8,132.3,44.9,89.9,52.5C28.6,63.7,0,0,0,0 h1000c0,0-9.9,40.9-83.6,48.1S829.6,47,766.1,28.9z\"\/>\n<\/svg>\t\t<\/div>\n\t\t\t\t\t<div class=\"elementor-container elementor-column-gap-default\">\n\t\t\t\t\t<div class=\"elementor-column elementor-col-100 elementor-top-column elementor-element elementor-element-3fa25ae\" data-id=\"3fa25ae\" data-element_type=\"column\" data-e-type=\"column\">\n\t\t\t<div class=\"elementor-widget-wrap elementor-element-populated\">\n\t\t\t\t\t\t<div class=\"elementor-element elementor-element-a07b1e4 elementor-widget elementor-widget-heading\" data-id=\"a07b1e4\" data-element_type=\"widget\" data-e-type=\"widget\" data-widget_type=\"heading.default\">\n\t\t\t\t\t<h1 class=\"elementor-heading-title elementor-size-default\">O\u00f9 nous trouver<\/h1>\t\t\t\t<\/div>\n\t\t\t\t\t<\/div>\n\t\t<\/div>\n\t\t\t\t\t<\/div>\n\t\t<\/section>\n\t\t\t\t<section class=\"elementor-section elementor-top-section elementor-element elementor-element-db7a151 elementor-section-boxed elementor-section-height-default elementor-section-height-default\" data-id=\"db7a151\" data-element_type=\"section\" data-e-type=\"section\">\n\t\t\t\t\t\t<div class=\"elementor-container elementor-column-gap-default\">\n\t\t\t\t\t<div class=\"elementor-column elementor-col-50 elementor-top-column elementor-element elementor-element-0b7a8ec\" data-id=\"0b7a8ec\" data-element_type=\"column\" data-e-type=\"column\">\n\t\t\t<div class=\"elementor-widget-wrap elementor-element-populated\">\n\t\t\t\t<div class=\"elementor-element elementor-element-c829e0e e-flex e-con-boxed e-con e-parent\" data-id=\"c829e0e\" data-element_type=\"container\" data-e-type=\"container\">\n\t\t\t\t\t<div class=\"e-con-inner\">\n\t\t\t\t<div class=\"elementor-element elementor-element-256e2e5 elementor-widget elementor-widget-heading\" data-id=\"256e2e5\" data-element_type=\"widget\" data-e-type=\"widget\" data-widget_type=\"heading.default\">\n\t\t\t\t\t<h2 class=\"elementor-heading-title elementor-size-default\">Venez nous voir dans la boutique !<\/h2>\t\t\t\t<\/div>\n\t\t\t\t\t<\/div>\n\t\t\t\t<\/div>\n\t\t\t\t<div class=\"elementor-element elementor-element-9d7fefb elementor-widget elementor-widget-spacer\" data-id=\"9d7fefb\" data-element_type=\"widget\" data-e-type=\"widget\" data-widget_type=\"spacer.default\">\n\t\t\t\t\t\t\t<div class=\"elementor-spacer\">\n\t\t\t<div class=\"elementor-spacer-inner\"><\/div>\n\t\t<\/div>\n\t\t\t\t\t\t<\/div>\n\t\t\t\t<div class=\"elementor-element elementor-element-5bd9884 elementor-widget__width-initial elementor-widget elementor-widget-text-editor\" data-id=\"5bd9884\" data-element_type=\"widget\" data-e-type=\"widget\" data-widget_type=\"text-editor.default\">\n\t\t\t\t\t\t\t\t\t<p style=\"text-align: left;\">Visitez notre boutique <strong>dans la belle ville historique d&rsquo;Exeter<\/strong>, dans le Devon, pour une exp\u00e9rience de tricot et d&rsquo;achat vraiment inspirante et personnelle.<\/p>\n<p style=\"text-align: left;\">1 New Bridge Street, EX4 3JW Exeter, Devon<\/p>\n<p style=\"text-align: left;\"><a href=\"https:\/\/www.google.com\/maps\/dir\/\/Along+avec+Anna+Ltd,+New+Bridge+Street,+Exeter\/@50.7200094,-3.6180364,12z\/data=!3m2!4b1!5s0x486da43005d7aa73:0xbba01119b181c360!4m9!4m8!1m0!1m5!1m1!1s0x486da55d74777fd1:0x1a9e528620596186!2m2!1d-3.5356676!2d50.7200491!3e2?entry=ttu\">\u21d2 Obtenir des indications<\/a> <\/p>\n<p dir=\"ltr\"><span style=\"text-decoration: underline;\"><strong>En bus<\/strong><\/span> &#8211; Il y a un arr\u00eat de bus juste devant notre magasin ! Les bus A, E1, E2 et P d&rsquo;Exeter s&rsquo;arr\u00eatent tous ici. <\/p>\n<p dir=\"ltr\"><span style=\"text-decoration: underline;\"><strong>En train<\/strong><\/span> &#8211; La gare la plus proche est Exeter St Thomas, mais vous pouvez \u00e9galement venir \u00e0 pied depuis Exeter St David&rsquo;s et Exeter Central.<\/p>\n<p dir=\"ltr\"><span style=\"text-decoration: underline;\"><strong>En voiture<\/strong><\/span> &#8211; Il y a un nombre limit\u00e9 de places de stationnement dans la rue pr\u00e8s de notre magasin et un petit parking payant dans la rue Bartholomew, \u00e0 quelques minutes de marche.<\/p>\n<p style=\"text-align: left;\"><span style=\"font-family: Arial, sans-serif; font-size: 11pt; caret-color: #222222;\"><span style=\"text-decoration: underline;\"><strong>Heures d&rsquo;ouverture<\/strong><\/span>:<\/span><\/p>\n<p style=\"text-align: left;\"><span style=\"font-family: Arial, sans-serif; font-size: 11pt; caret-color: #222222;\">Lundi : Ferm\u00e9<\/span><\/p>\n<p style=\"text-align: left;\"><span style=\"font-family: Arial, sans-serif; font-size: 11pt; caret-color: #222222;\">Mardi : 11h00 &#8211; 16h00<\/span><\/p>\n<p>Mercredi : <span style=\"font-family: Arial, sans-serif; font-size: 11pt; caret-color: #222222;\">10h30 &#8211; 15h<\/span><\/p>\n<p>Jeudi : <span style=\"font-family: Arial, sans-serif; font-size: 11pt; caret-color: #222222;\">11h00 &#8211; 16h00<\/span><\/p>\n<p>Vendredi : <span style=\"font-family: Arial, sans-serif; font-size: 11pt; caret-color: #222222;\">10h30 &#8211; 15h<\/span><\/p>\n<p style=\"text-align: left;\"><span style=\"font-family: Arial, sans-serif; font-size: 11pt; caret-color: #222222;\">Samedi : 11h00 &#8211; 16h00<\/span><\/p>\n<p style=\"text-align: left;\"><strong><span style=\"font-family: var( --e-global-typography-text-font-family ), Sans-serif; font-size: 1rem;\">O<\/span><\/strong><span style=\"font-family: var( --e-global-typography-text-font-family ), Sans-serif; font-size: 1rem;\"><strong>site web en ligne<\/strong>: <\/span><a style=\"font-family: var( --e-global-typography-text-font-family ), Sans-serif; font-size: 1rem;\" href=\"https:\/\/www.alongavecanna.com\/fr\/\">www.alongavecanna.com<\/a><\/p>\n<p>Nous livrons au Royaume-Uni et dans le monde entier.  <strong><a href=\"https:\/\/www.alongavecanna.com\/38462-2\/\">Nous exp\u00e9dions vers l&rsquo;UE TVA comprise, sans frais li\u00e9s au Brexit pour les commandes inf\u00e9rieures \u00e0 \u00a3135.<\/a><\/strong><\/p>\n\t\t\t\t\t\t\t\t<\/div>\n\t\t\t\t\t<\/div>\n\t\t<\/div>\n\t\t\t\t<div class=\"elementor-column elementor-col-50 elementor-top-column elementor-element elementor-element-2c53065\" data-id=\"2c53065\" data-element_type=\"column\" data-e-type=\"column\">\n\t\t\t<div class=\"elementor-widget-wrap elementor-element-populated\">\n\t\t\t\t\t\t<div class=\"elementor-element elementor-element-2a2be3d elementor-widget elementor-widget-image\" data-id=\"2a2be3d\" data-element_type=\"widget\" data-e-type=\"widget\" data-widget_type=\"image.default\">\n\t\t\t\t\t\t\t\t\t\t\t\t\t\t\t<img fetchpriority=\"high\" decoding=\"async\" width=\"800\" height=\"518\" src=\"https:\/\/www.alongavecanna.com\/wp-content\/uploads\/2023\/02\/brickandmortar-shop-back3-1024x663.jpg\" class=\"attachment-large size-large wp-image-54962\" alt=\"\" srcset=\"https:\/\/www.alongavecanna.com\/wp-content\/uploads\/2023\/02\/brickandmortar-shop-back3-1024x663.jpg 1024w, https:\/\/www.alongavecanna.com\/wp-content\/uploads\/2023\/02\/brickandmortar-shop-back3-300x194.jpg 300w, https:\/\/www.alongavecanna.com\/wp-content\/uploads\/2023\/02\/brickandmortar-shop-back3-768x497.jpg 768w, https:\/\/www.alongavecanna.com\/wp-content\/uploads\/2023\/02\/brickandmortar-shop-back3-1536x995.jpg 1536w, https:\/\/www.alongavecanna.com\/wp-content\/uploads\/2023\/02\/brickandmortar-shop-back3-600x388.jpg 600w, https:\/\/www.alongavecanna.com\/wp-content\/uploads\/2023\/02\/brickandmortar-shop-back3.jpg 2048w\" sizes=\"(max-width: 800px) 100vw, 800px\" \/>\t\t\t\t\t\t\t\t\t\t\t\t\t\t\t<\/div>\n\t\t\t\t<section class=\"elementor-section elementor-inner-section elementor-element elementor-element-418c712 elementor-section-boxed elementor-section-height-default elementor-section-height-default\" data-id=\"418c712\" data-element_type=\"section\" data-e-type=\"section\">\n\t\t\t\t\t\t<div class=\"elementor-container elementor-column-gap-default\">\n\t\t\t\t\t<div class=\"elementor-column elementor-col-100 elementor-inner-column elementor-element elementor-element-753a8f3\" data-id=\"753a8f3\" data-element_type=\"column\" data-e-type=\"column\">\n\t\t\t<div class=\"elementor-widget-wrap elementor-element-populated\">\n\t\t\t\t\t\t<div class=\"elementor-element elementor-element-7413fd4 elementor-widget elementor-widget-image\" data-id=\"7413fd4\" data-element_type=\"widget\" data-e-type=\"widget\" data-widget_type=\"image.default\">\n\t\t\t\t\t\t\t\t\t\t\t\t\t\t\t<img decoding=\"async\" width=\"800\" height=\"534\" src=\"https:\/\/www.alongavecanna.com\/wp-content\/uploads\/2024\/05\/Alongavecbrandshoot-134-1024x683.jpg\" class=\"attachment-large size-large wp-image-66873\" alt=\"\" srcset=\"https:\/\/www.alongavecanna.com\/wp-content\/uploads\/2024\/05\/Alongavecbrandshoot-134-1024x683.jpg 1024w, https:\/\/www.alongavecanna.com\/wp-content\/uploads\/2024\/05\/Alongavecbrandshoot-134-300x200.jpg 300w, https:\/\/www.alongavecanna.com\/wp-content\/uploads\/2024\/05\/Alongavecbrandshoot-134-768x512.jpg 768w, https:\/\/www.alongavecanna.com\/wp-content\/uploads\/2024\/05\/Alongavecbrandshoot-134-1536x1024.jpg 1536w, https:\/\/www.alongavecanna.com\/wp-content\/uploads\/2024\/05\/Alongavecbrandshoot-134-2048x1365.jpg 2048w, https:\/\/www.alongavecanna.com\/wp-content\/uploads\/2024\/05\/Alongavecbrandshoot-134-600x400.jpg 600w\" sizes=\"(max-width: 800px) 100vw, 800px\" \/>\t\t\t\t\t\t\t\t\t\t\t\t\t\t\t<\/div>\n\t\t\t\t<div class=\"elementor-element elementor-element-fd9455e elementor-widget elementor-widget-image\" data-id=\"fd9455e\" data-element_type=\"widget\" data-e-type=\"widget\" data-widget_type=\"image.default\">\n\t\t\t\t\t\t\t\t\t\t\t\t\t\t\t<img decoding=\"async\" width=\"800\" height=\"534\" src=\"https:\/\/www.alongavecanna.com\/wp-content\/uploads\/2024\/05\/Alongavecbrandshoot-62-1024x683.jpg\" class=\"attachment-large size-large wp-image-66878\" alt=\"\" srcset=\"https:\/\/www.alongavecanna.com\/wp-content\/uploads\/2024\/05\/Alongavecbrandshoot-62-1024x683.jpg 1024w, https:\/\/www.alongavecanna.com\/wp-content\/uploads\/2024\/05\/Alongavecbrandshoot-62-300x200.jpg 300w, https:\/\/www.alongavecanna.com\/wp-content\/uploads\/2024\/05\/Alongavecbrandshoot-62-768x512.jpg 768w, https:\/\/www.alongavecanna.com\/wp-content\/uploads\/2024\/05\/Alongavecbrandshoot-62-1536x1024.jpg 1536w, https:\/\/www.alongavecanna.com\/wp-content\/uploads\/2024\/05\/Alongavecbrandshoot-62-2048x1365.jpg 2048w, https:\/\/www.alongavecanna.com\/wp-content\/uploads\/2024\/05\/Alongavecbrandshoot-62-600x400.jpg 600w\" sizes=\"(max-width: 800px) 100vw, 800px\" \/>\t\t\t\t\t\t\t\t\t\t\t\t\t\t\t<\/div>\n\t\t\t\t\t<\/div>\n\t\t<\/div>\n\t\t\t\t\t<\/div>\n\t\t<\/section>\n\t\t\t\t\t<\/div>\n\t\t<\/div>\n\t\t\t\t\t<\/div>\n\t\t<\/section>\n\t\t\t\t<section class=\"elementor-section elementor-top-section elementor-element elementor-element-a2a91f9 elementor-section-boxed elementor-section-height-default elementor-section-height-default\" data-id=\"a2a91f9\" data-element_type=\"section\" data-e-type=\"section\">\n\t\t\t\t\t\t<div class=\"elementor-container elementor-column-gap-default\">\n\t\t\t\t\t<div class=\"elementor-column elementor-col-100 elementor-top-column elementor-element elementor-element-86c5ee6\" data-id=\"86c5ee6\" data-element_type=\"column\" data-e-type=\"column\">\n\t\t\t<div class=\"elementor-widget-wrap elementor-element-populated\">\n\t\t\t\t\t\t<div class=\"elementor-element elementor-element-8d26687 elementor-widget-divider--separator-type-pattern elementor-widget-divider--view-line elementor-widget elementor-widget-divider\" data-id=\"8d26687\" data-element_type=\"widget\" data-e-type=\"widget\" data-widget_type=\"divider.default\">\n\t\t\t\t\t\t\t<div class=\"elementor-divider\" style=\"--divider-pattern-url: url(&quot;data:image\/svg+xml,%3Csvg xmlns=&#039;http:\/\/www.w3.org\/2000\/svg&#039; preserveAspectRatio=&#039;none&#039; overflow=&#039;visible&#039; height=&#039;100%&#039; viewBox=&#039;0 0 24 24&#039; fill=&#039;none&#039; stroke=&#039;black&#039; stroke-width=&#039;1&#039; stroke-linecap=&#039;square&#039; stroke-miterlimit=&#039;10&#039;%3E%3Cpath d=&#039;M0,21c3.3,0,8.3-0.9,15.7-7.1c6.6-5.4,4.4-9.3,2.4-10.3c-3.4-1.8-7.7,1.3-7.3,8.8C11.2,20,17.1,21,24,21&#039;\/%3E%3C\/svg%3E&quot;);\">\n\t\t\t<span class=\"elementor-divider-separator\">\n\t\t\t\t\t\t<\/span>\n\t\t<\/div>\n\t\t\t\t\t\t<\/div>\n\t\t\t\t\t<\/div>\n\t\t<\/div>\n\t\t\t\t\t<\/div>\n\t\t<\/section>\n\t\t\t\t<section class=\"elementor-section elementor-top-section elementor-element elementor-element-0da155e elementor-section-full_width elementor-section-height-default elementor-section-height-default\" data-id=\"0da155e\" data-element_type=\"section\" data-e-type=\"section\">\n\t\t\t\t\t\t<div class=\"elementor-container elementor-column-gap-no\">\n\t\t\t\t\t<div class=\"elementor-column elementor-col-100 elementor-top-column elementor-element elementor-element-a0bf4ab\" data-id=\"a0bf4ab\" data-element_type=\"column\" data-e-type=\"column\">\n\t\t\t<div class=\"elementor-widget-wrap elementor-element-populated\">\n\t\t\t\t\t\t<div class=\"elementor-element elementor-element-cf1200a elementor-widget elementor-widget-heading\" data-id=\"cf1200a\" data-element_type=\"widget\" data-e-type=\"widget\" data-widget_type=\"heading.default\">\n\t\t\t\t\t<h2 class=\"elementor-heading-title elementor-size-default\">Revendeurs<\/h2>\t\t\t\t<\/div>\n\t\t\t\t<section class=\"elementor-section elementor-inner-section elementor-element elementor-element-c1149da elementor-section-boxed elementor-section-height-default elementor-section-height-default\" data-id=\"c1149da\" data-element_type=\"section\" data-e-type=\"section\">\n\t\t\t\t\t\t<div class=\"elementor-container elementor-column-gap-default\">\n\t\t\t\t\t<div class=\"elementor-column elementor-col-100 elementor-inner-column elementor-element elementor-element-a290735\" data-id=\"a290735\" data-element_type=\"column\" data-e-type=\"column\">\n\t\t\t<div class=\"elementor-widget-wrap elementor-element-populated\">\n\t\t\t\t\t\t<div class=\"elementor-element elementor-element-b4ecad7 elementor-widget elementor-widget-text-editor\" data-id=\"b4ecad7\" data-element_type=\"widget\" data-e-type=\"widget\" data-widget_type=\"text-editor.default\">\n\t\t\t\t\t\t\t\t\t<p>En plus de pouvoir acheter nos produits de tricot et de crochet en ligne et directement dans notre magasin d&rsquo;Exeter, vous pouvez \u00e9galement <strong>trouver notre collection exclusive de fils Along avec Anna chez l&rsquo;un de nos nombreux et fabuleux revendeurs dans le monde entier<\/strong>!<\/p>\n<p>Int\u00e9ress\u00e9 par le stockage de nos fils dans votre boutique ? Contactez notre \u00e9quipe : wholesale@alongavecanna.com ! <\/p>\n\t\t\t\t\t\t\t\t<\/div>\n\t\t\t\t\t<\/div>\n\t\t<\/div>\n\t\t\t\t\t<\/div>\n\t\t<\/section>\n\t\t\t\t\t<\/div>\n\t\t<\/div>\n\t\t\t\t\t<\/div>\n\t\t<\/section>\n\t\t\t\t<\/div>\n\t\t","protected":false},"excerpt":{"rendered":"<p>Home Venez nous voir dans la boutique ! Visitez notre boutique dans la belle ville historique d&rsquo;Exeter, dans le Devon, pour une exp\u00e9rience de tricot et d&rsquo;achat vraiment inspirante et personnelle. 1 New Bridge Street, EX4 3JW Exeter, Devon \u21d2 Obtenir des indications En bus &#8211; Il y a un arr\u00eat de bus juste devant [&hellip;]<\/p>\n","protected":false},"author":1,"featured_media":0,"parent":0,"menu_order":0,"comment_status":"closed","ping_status":"closed","template":"elementor_header_footer","meta":{"footnotes":""},"class_list":["post-54806","page","type-page","status-publish","hentry"],"yoast_head":"<!-- This site is optimized with the Yoast SEO plugin v27.4 - https:\/\/yoast.com\/product\/yoast-seo-wordpress\/ -->\n<title>O\u00f9 nous trouver - Along Avec Anna<\/title>\n<meta name=\"description\" content=\"Visitez notre magasin \u00e0 Exeter, Devon, pour une exp\u00e9rience de tricotage et d&#039;achat vraiment inspirante et personnelle. Nous aimons rencontrer tous nos clients !\" \/>\n<meta name=\"robots\" content=\"index, follow, max-snippet:-1, max-image-preview:large, max-video-preview:-1\" \/>\n<link rel=\"canonical\" href=\"https:\/\/www.alongavecanna.com\/fr\/ou-nous-trouver\/\" \/>\n<meta property=\"og:locale\" content=\"fr_FR\" \/>\n<meta property=\"og:type\" content=\"article\" \/>\n<meta property=\"og:title\" content=\"O\u00f9 nous trouver - Along Avec Anna\" \/>\n<meta property=\"og:description\" content=\"Visitez notre magasin \u00e0 Exeter, Devon, pour une exp\u00e9rience de tricotage et d&#039;achat vraiment inspirante et personnelle. Nous aimons rencontrer tous nos clients !\" \/>\n<meta property=\"og:url\" content=\"https:\/\/www.alongavecanna.com\/fr\/ou-nous-trouver\/\" \/>\n<meta property=\"og:site_name\" content=\"Along Avec Anna\" \/>\n<meta property=\"article:publisher\" content=\"https:\/\/facebook.com\/alongavecanna\" \/>\n<meta property=\"article:modified_time\" content=\"2024-12-17T22:50:13+00:00\" \/>\n<meta property=\"og:image\" content=\"https:\/\/www.alongavecanna.com\/wp-content\/uploads\/2023\/02\/brickandmortar-shop-back3-1024x663.jpg\" \/>\n<meta name=\"twitter:card\" content=\"summary_large_image\" \/>\n<meta name=\"twitter:label1\" content=\"Dur\u00e9e de lecture estim\u00e9e\" \/>\n\t<meta name=\"twitter:data1\" content=\"1 minute\" \/>\n<script type=\"application\/ld+json\" class=\"yoast-schema-graph\">{\"@context\":\"https:\\\/\\\/schema.org\",\"@graph\":[{\"@type\":\"WebPage\",\"@id\":\"https:\\\/\\\/www.alongavecanna.com\\\/fr\\\/ou-nous-trouver\\\/\",\"url\":\"https:\\\/\\\/www.alongavecanna.com\\\/fr\\\/ou-nous-trouver\\\/\",\"name\":\"O\u00f9 nous trouver - Along Avec Anna\",\"isPartOf\":{\"@id\":\"https:\\\/\\\/www.alongavecanna.com\\\/fr\\\/#website\"},\"primaryImageOfPage\":{\"@id\":\"https:\\\/\\\/www.alongavecanna.com\\\/fr\\\/ou-nous-trouver\\\/#primaryimage\"},\"image\":{\"@id\":\"https:\\\/\\\/www.alongavecanna.com\\\/fr\\\/ou-nous-trouver\\\/#primaryimage\"},\"thumbnailUrl\":\"https:\\\/\\\/www.alongavecanna.com\\\/wp-content\\\/uploads\\\/2023\\\/02\\\/brickandmortar-shop-back3-1024x663.jpg\",\"datePublished\":\"2023-02-03T23:30:45+00:00\",\"dateModified\":\"2024-12-17T22:50:13+00:00\",\"description\":\"Visitez notre magasin \u00e0 Exeter, Devon, pour une exp\u00e9rience de tricotage et d'achat vraiment inspirante et personnelle. Nous aimons rencontrer tous nos clients !\",\"breadcrumb\":{\"@id\":\"https:\\\/\\\/www.alongavecanna.com\\\/fr\\\/ou-nous-trouver\\\/#breadcrumb\"},\"inLanguage\":\"fr-FR\",\"potentialAction\":[{\"@type\":\"ReadAction\",\"target\":[\"https:\\\/\\\/www.alongavecanna.com\\\/fr\\\/ou-nous-trouver\\\/\"]}]},{\"@type\":\"ImageObject\",\"inLanguage\":\"fr-FR\",\"@id\":\"https:\\\/\\\/www.alongavecanna.com\\\/fr\\\/ou-nous-trouver\\\/#primaryimage\",\"url\":\"https:\\\/\\\/www.alongavecanna.com\\\/wp-content\\\/uploads\\\/2023\\\/02\\\/brickandmortar-shop-back3-1024x663.jpg\",\"contentUrl\":\"https:\\\/\\\/www.alongavecanna.com\\\/wp-content\\\/uploads\\\/2023\\\/02\\\/brickandmortar-shop-back3-1024x663.jpg\"},{\"@type\":\"BreadcrumbList\",\"@id\":\"https:\\\/\\\/www.alongavecanna.com\\\/fr\\\/ou-nous-trouver\\\/#breadcrumb\",\"itemListElement\":[{\"@type\":\"ListItem\",\"position\":1,\"name\":\"Home\",\"item\":\"https:\\\/\\\/www.alongavecanna.com\\\/fr\\\/\"},{\"@type\":\"ListItem\",\"position\":2,\"name\":\"O\u00f9 nous trouver\"}]},{\"@type\":\"WebSite\",\"@id\":\"https:\\\/\\\/www.alongavecanna.com\\\/fr\\\/#website\",\"url\":\"https:\\\/\\\/www.alongavecanna.com\\\/fr\\\/\",\"name\":\"Along Avec Anna\",\"description\":\"Ethical yarn &amp; timeless knitting patterns\",\"publisher\":{\"@id\":\"https:\\\/\\\/www.alongavecanna.com\\\/fr\\\/#organization\"},\"potentialAction\":[{\"@type\":\"SearchAction\",\"target\":{\"@type\":\"EntryPoint\",\"urlTemplate\":\"https:\\\/\\\/www.alongavecanna.com\\\/fr\\\/?s={search_term_string}\"},\"query-input\":{\"@type\":\"PropertyValueSpecification\",\"valueRequired\":true,\"valueName\":\"search_term_string\"}}],\"inLanguage\":\"fr-FR\"},{\"@type\":\"Organization\",\"@id\":\"https:\\\/\\\/www.alongavecanna.com\\\/fr\\\/#organization\",\"name\":\"Along Avec Anna\",\"url\":\"https:\\\/\\\/www.alongavecanna.com\\\/fr\\\/\",\"logo\":{\"@type\":\"ImageObject\",\"inLanguage\":\"fr-FR\",\"@id\":\"https:\\\/\\\/www.alongavecanna.com\\\/fr\\\/#\\\/schema\\\/logo\\\/image\\\/\",\"url\":\"https:\\\/\\\/www.alongavecanna.com\\\/wp-content\\\/uploads\\\/2023\\\/01\\\/logo-along-avec-anna.png\",\"contentUrl\":\"https:\\\/\\\/www.alongavecanna.com\\\/wp-content\\\/uploads\\\/2023\\\/01\\\/logo-along-avec-anna.png\",\"width\":1728,\"height\":627,\"caption\":\"Along Avec Anna\"},\"image\":{\"@id\":\"https:\\\/\\\/www.alongavecanna.com\\\/fr\\\/#\\\/schema\\\/logo\\\/image\\\/\"},\"sameAs\":[\"https:\\\/\\\/facebook.com\\\/alongavecanna\",\"https:\\\/\\\/www.instagram.com\\\/along.avec.anna\\\/\"]}]}<\/script>\n<!-- \/ Yoast SEO plugin. -->","yoast_head_json":{"title":"O\u00f9 nous trouver - Along Avec Anna","description":"Visitez notre magasin \u00e0 Exeter, Devon, pour une exp\u00e9rience de tricotage et d'achat vraiment inspirante et personnelle. Nous aimons rencontrer tous nos clients !","robots":{"index":"index","follow":"follow","max-snippet":"max-snippet:-1","max-image-preview":"max-image-preview:large","max-video-preview":"max-video-preview:-1"},"canonical":"https:\/\/www.alongavecanna.com\/fr\/ou-nous-trouver\/","og_locale":"fr_FR","og_type":"article","og_title":"O\u00f9 nous trouver - Along Avec Anna","og_description":"Visitez notre magasin \u00e0 Exeter, Devon, pour une exp\u00e9rience de tricotage et d'achat vraiment inspirante et personnelle. Nous aimons rencontrer tous nos clients !","og_url":"https:\/\/www.alongavecanna.com\/fr\/ou-nous-trouver\/","og_site_name":"Along Avec Anna","article_publisher":"https:\/\/facebook.com\/alongavecanna","article_modified_time":"2024-12-17T22:50:13+00:00","og_image":[{"url":"https:\/\/www.alongavecanna.com\/wp-content\/uploads\/2023\/02\/brickandmortar-shop-back3-1024x663.jpg","type":"","width":"","height":""}],"twitter_card":"summary_large_image","twitter_misc":{"Dur\u00e9e de lecture estim\u00e9e":"1 minute"},"schema":{"@context":"https:\/\/schema.org","@graph":[{"@type":"WebPage","@id":"https:\/\/www.alongavecanna.com\/fr\/ou-nous-trouver\/","url":"https:\/\/www.alongavecanna.com\/fr\/ou-nous-trouver\/","name":"O\u00f9 nous trouver - Along Avec Anna","isPartOf":{"@id":"https:\/\/www.alongavecanna.com\/fr\/#website"},"primaryImageOfPage":{"@id":"https:\/\/www.alongavecanna.com\/fr\/ou-nous-trouver\/#primaryimage"},"image":{"@id":"https:\/\/www.alongavecanna.com\/fr\/ou-nous-trouver\/#primaryimage"},"thumbnailUrl":"https:\/\/www.alongavecanna.com\/wp-content\/uploads\/2023\/02\/brickandmortar-shop-back3-1024x663.jpg","datePublished":"2023-02-03T23:30:45+00:00","dateModified":"2024-12-17T22:50:13+00:00","description":"Visitez notre magasin \u00e0 Exeter, Devon, pour une exp\u00e9rience de tricotage et d'achat vraiment inspirante et personnelle. Nous aimons rencontrer tous nos clients !","breadcrumb":{"@id":"https:\/\/www.alongavecanna.com\/fr\/ou-nous-trouver\/#breadcrumb"},"inLanguage":"fr-FR","potentialAction":[{"@type":"ReadAction","target":["https:\/\/www.alongavecanna.com\/fr\/ou-nous-trouver\/"]}]},{"@type":"ImageObject","inLanguage":"fr-FR","@id":"https:\/\/www.alongavecanna.com\/fr\/ou-nous-trouver\/#primaryimage","url":"https:\/\/www.alongavecanna.com\/wp-content\/uploads\/2023\/02\/brickandmortar-shop-back3-1024x663.jpg","contentUrl":"https:\/\/www.alongavecanna.com\/wp-content\/uploads\/2023\/02\/brickandmortar-shop-back3-1024x663.jpg"},{"@type":"BreadcrumbList","@id":"https:\/\/www.alongavecanna.com\/fr\/ou-nous-trouver\/#breadcrumb","itemListElement":[{"@type":"ListItem","position":1,"name":"Home","item":"https:\/\/www.alongavecanna.com\/fr\/"},{"@type":"ListItem","position":2,"name":"O\u00f9 nous trouver"}]},{"@type":"WebSite","@id":"https:\/\/www.alongavecanna.com\/fr\/#website","url":"https:\/\/www.alongavecanna.com\/fr\/","name":"Along Avec Anna","description":"Ethical yarn &amp; timeless knitting patterns","publisher":{"@id":"https:\/\/www.alongavecanna.com\/fr\/#organization"},"potentialAction":[{"@type":"SearchAction","target":{"@type":"EntryPoint","urlTemplate":"https:\/\/www.alongavecanna.com\/fr\/?s={search_term_string}"},"query-input":{"@type":"PropertyValueSpecification","valueRequired":true,"valueName":"search_term_string"}}],"inLanguage":"fr-FR"},{"@type":"Organization","@id":"https:\/\/www.alongavecanna.com\/fr\/#organization","name":"Along Avec Anna","url":"https:\/\/www.alongavecanna.com\/fr\/","logo":{"@type":"ImageObject","inLanguage":"fr-FR","@id":"https:\/\/www.alongavecanna.com\/fr\/#\/schema\/logo\/image\/","url":"https:\/\/www.alongavecanna.com\/wp-content\/uploads\/2023\/01\/logo-along-avec-anna.png","contentUrl":"https:\/\/www.alongavecanna.com\/wp-content\/uploads\/2023\/01\/logo-along-avec-anna.png","width":1728,"height":627,"caption":"Along Avec Anna"},"image":{"@id":"https:\/\/www.alongavecanna.com\/fr\/#\/schema\/logo\/image\/"},"sameAs":["https:\/\/facebook.com\/alongavecanna","https:\/\/www.instagram.com\/along.avec.anna\/"]}]}},"_links":{"self":[{"href":"https:\/\/www.alongavecanna.com\/fr\/wp-json\/wp\/v2\/pages\/54806","targetHints":{"allow":["GET"]}}],"collection":[{"href":"https:\/\/www.alongavecanna.com\/fr\/wp-json\/wp\/v2\/pages"}],"about":[{"href":"https:\/\/www.alongavecanna.com\/fr\/wp-json\/wp\/v2\/types\/page"}],"author":[{"embeddable":true,"href":"https:\/\/www.alongavecanna.com\/fr\/wp-json\/wp\/v2\/users\/1"}],"replies":[{"embeddable":true,"href":"https:\/\/www.alongavecanna.com\/fr\/wp-json\/wp\/v2\/comments?post=54806"}],"version-history":[{"count":0,"href":"https:\/\/www.alongavecanna.com\/fr\/wp-json\/wp\/v2\/pages\/54806\/revisions"}],"wp:attachment":[{"href":"https:\/\/www.alongavecanna.com\/fr\/wp-json\/wp\/v2\/media?parent=54806"}],"curies":[{"name":"wp","href":"https:\/\/api.w.org\/{rel}","templated":true}]}}