{"id":54792,"date":"2023-02-03T22:29:44","date_gmt":"2023-02-03T22:29:44","guid":{"rendered":"https:\/\/preprod.alongavecanna.com\/livraisons-vers-lunion-europeenne\/"},"modified":"2023-02-05T15:11:14","modified_gmt":"2023-02-05T15:11:14","slug":"livraisons-vers-lunion-europeenne","status":"publish","type":"page","link":"https:\/\/www.alongavecanna.com\/fr\/livraisons-vers-lunion-europeenne\/","title":{"rendered":"Livraisons vers l&rsquo;Union Europ\u00e9enne"},"content":{"rendered":"\t\t<div data-elementor-type=\"wp-page\" data-elementor-id=\"54792\" class=\"elementor elementor-54792 elementor-54700\" data-elementor-post-type=\"page\">\n\t\t\t\t\t\t<section class=\"elementor-section elementor-top-section elementor-element elementor-element-634ee42 elementor-section-boxed elementor-section-height-default elementor-section-height-default\" data-id=\"634ee42\" data-element_type=\"section\" data-e-type=\"section\" data-settings=\"{&quot;background_background&quot;:&quot;classic&quot;,&quot;shape_divider_bottom&quot;:&quot;mountains&quot;}\">\n\t\t\t\t\t\t\t<div class=\"elementor-background-overlay\"><\/div>\n\t\t\t\t\t\t<div class=\"elementor-shape elementor-shape-bottom\" aria-hidden=\"true\" data-negative=\"false\">\n\t\t\t<svg xmlns=\"http:\/\/www.w3.org\/2000\/svg\" viewBox=\"0 0 1000 100\" preserveAspectRatio=\"none\">\n\t<path class=\"elementor-shape-fill\" opacity=\"0.33\" d=\"M473,67.3c-203.9,88.3-263.1-34-320.3,0C66,119.1,0,59.7,0,59.7V0h1000v59.7 c0,0-62.1,26.1-94.9,29.3c-32.8,3.3-62.8-12.3-75.8-22.1C806,49.6,745.3,8.7,694.9,4.7S492.4,59,473,67.3z\"\/>\n\t<path class=\"elementor-shape-fill\" opacity=\"0.66\" d=\"M734,67.3c-45.5,0-77.2-23.2-129.1-39.1c-28.6-8.7-150.3-10.1-254,39.1 s-91.7-34.4-149.2,0C115.7,118.3,0,39.8,0,39.8V0h1000v36.5c0,0-28.2-18.5-92.1-18.5C810.2,18.1,775.7,67.3,734,67.3z\"\/>\n\t<path class=\"elementor-shape-fill\" d=\"M766.1,28.9c-200-57.5-266,65.5-395.1,19.5C242,1.8,242,5.4,184.8,20.6C128,35.8,132.3,44.9,89.9,52.5C28.6,63.7,0,0,0,0 h1000c0,0-9.9,40.9-83.6,48.1S829.6,47,766.1,28.9z\"\/>\n<\/svg>\t\t<\/div>\n\t\t\t\t\t<div class=\"elementor-container elementor-column-gap-default\">\n\t\t\t\t\t<div class=\"elementor-column elementor-col-100 elementor-top-column elementor-element elementor-element-88fcbb8\" data-id=\"88fcbb8\" data-element_type=\"column\" data-e-type=\"column\">\n\t\t\t<div class=\"elementor-widget-wrap elementor-element-populated\">\n\t\t\t\t\t\t<div class=\"elementor-element elementor-element-0f926b3 elementor-widget elementor-widget-heading\" data-id=\"0f926b3\" data-element_type=\"widget\" data-e-type=\"widget\" data-widget_type=\"heading.default\">\n\t\t\t\t\t<h1 class=\"elementor-heading-title elementor-size-default\">Livraisons vers l&rsquo;Union Europ\u00e9enne<\/h1>\t\t\t\t<\/div>\n\t\t\t\t\t<\/div>\n\t\t<\/div>\n\t\t\t\t\t<\/div>\n\t\t<\/section>\n\t\t\t\t<section class=\"elementor-section elementor-top-section elementor-element elementor-element-d48667f elementor-section-boxed elementor-section-height-default elementor-section-height-default\" data-id=\"d48667f\" data-element_type=\"section\" data-e-type=\"section\">\n\t\t\t\t\t\t<div class=\"elementor-container elementor-column-gap-default\">\n\t\t\t\t\t<div class=\"elementor-column elementor-col-100 elementor-top-column elementor-element elementor-element-5eb64b6\" data-id=\"5eb64b6\" data-element_type=\"column\" data-e-type=\"column\">\n\t\t\t<div class=\"elementor-widget-wrap elementor-element-populated\">\n\t\t\t\t\t\t<div class=\"elementor-element elementor-element-571e11d elementor-widget elementor-widget-heading\" data-id=\"571e11d\" data-element_type=\"widget\" data-e-type=\"widget\" data-widget_type=\"heading.default\">\n\t\t\t\t\t<p class=\"elementor-heading-title elementor-size-default\">Cette r\u00e8gle ne s'applique pas aux patrons pdf dont les conditions de vente restent inchang\u00e9es.<\/p>\t\t\t\t<\/div>\n\t\t\t\t\t<\/div>\n\t\t<\/div>\n\t\t\t\t\t<\/div>\n\t\t<\/section>\n\t\t\t\t<section class=\"elementor-section elementor-top-section elementor-element elementor-element-6ec8bc1 elementor-section-boxed elementor-section-height-default elementor-section-height-default\" data-id=\"6ec8bc1\" data-element_type=\"section\" data-e-type=\"section\">\n\t\t\t\t\t\t<div class=\"elementor-container elementor-column-gap-default\">\n\t\t\t\t\t<div class=\"elementor-column elementor-col-50 elementor-top-column elementor-element elementor-element-77842b8\" data-id=\"77842b8\" data-element_type=\"column\" data-e-type=\"column\">\n\t\t\t<div class=\"elementor-widget-wrap elementor-element-populated\">\n\t\t\t\t\t\t<div class=\"elementor-element elementor-element-fa86caa elementor-view-default elementor-widget elementor-widget-icon\" data-id=\"fa86caa\" data-element_type=\"widget\" data-e-type=\"widget\" data-widget_type=\"icon.default\">\n\t\t\t\t\t\t\t<div class=\"elementor-icon-wrapper\">\n\t\t\t<div class=\"elementor-icon\">\n\t\t\t<svg xmlns=\"http:\/\/www.w3.org\/2000\/svg\" id=\"Calque_2\" viewBox=\"0 0 532 368.48\"><g id=\"Calque_1-2\"><path d=\"M0,0V368.48H532V0H0ZM360.08,105.28c0-.56,.56-1.12,1.12-1.12s1.12,0,1.68,.56l7.84,11.2,14-1.68c.56,0,1.12,0,1.68,.56s0,1.12,0,1.68l-8.4,11.2,6.16,12.32v1.68c-.56,.56-1.12,.56-1.68,.56l-12.88-4.48-10.08,9.52c-.56,0-.56,.56-1.12,.56h-.56c-.56,0-1.12-.56-1.12-1.12l.56-14-12.32-6.72c-.56-.56-.56-1.12-.56-1.68s.56-1.12,1.12-1.12l13.44-3.92,1.11-13.99Zm-56.56-13.44l9.52-10.08-4.48-12.88c0-.56,0-1.12,.56-1.68,.56-.56,1.12-.56,1.68,0l12.32,6.16,11.2-8.4c.56-.56,1.12-.56,1.68,0s.56,1.12,.56,1.68l-1.68,14,11.2,7.84c.56,.56,.56,1.12,.56,1.68s-.56,1.12-1.12,1.12l-13.44,2.8-4.47,11.75c0,.56-.56,1.12-1.12,1.12s-1.12-.56-1.12-.56l-6.72-12.32-14,.55c-.56,0-1.12-.56-1.12-1.12-.56-.56-.56-1.12,0-1.68h0Zm-155.68,22.4l14,1.68,7.84-11.2c.56-.56,1.12-.56,1.68-.56s1.12,.56,1.12,1.12l2.8,13.44,12.32,3.91c.56,0,1.12,.56,1.12,1.12s0,1.12-.56,1.68l-12.32,6.72,.56,14c0,.56-.56,1.12-1.12,1.12h-.56q-.56,0-1.12-.56l-10.08-9.52-12.88,4.48c-.56,0-1.12,0-1.68-.56-.56-.56-.56-1.12,0-1.68l6.16-12.32-8.4-11.2c-.56-.56-.56-1.12,0-1.68-.57,0,0-.56,1.11,0h0Zm-3.92,91.84q-.56,0,0,0c-1.12,0-1.68-.56-1.68-1.12l-1.12-14-12.88-5.6c-.56,0-1.12-.56-1.12-1.12s.56-1.12,1.12-1.12l12.88-5.6,1.12-14c0-.56,.56-1.12,1.12-1.12s1.12,0,1.68,.56l8.96,10.09,13.44-3.36c.56,0,1.12,0,1.68,.56s.56,1.12,0,1.68l-7.28,12.32,7.28,11.76c.56,.56,.56,1.12,0,1.68s-1.12,.56-1.68,.56l-13.44-3.36-8.96,10.64c-.56,0-.56,.56-1.12,.56h0Zm28,57.12c0,.56-.56,1.12-1.12,1.12h-.56c-.56,0-1.12,0-1.12-.56l-7.84-11.2-14,1.68c-.56,0-1.12,0-1.68-.56-.56-.56,0-1.12,0-1.68l8.4-11.2-5.6-12.89v-1.68c.56-.56,1.12-.56,1.68-.56l12.88,4.48,10.08-9.52c.56-.56,1.12-.56,1.68-.56s1.12,.56,1.12,1.12l-.56,14,12.32,6.72c.56,0,.56,.56,.56,1.68,0,.56-.56,1.12-1.12,1.12l-13.44,3.92-1.67,14.55Zm56.56,13.44l-9.52,10.08,4.48,12.88c0,.56,0,1.12-.56,1.68s-1.12,.56-1.68,0l-12.32-6.16-11.2,8.4s-.56,.56-1.12,.56h-.56c-.56-.56-.56-1.12-.56-1.68l1.68-14-11.2-7.84c-.56-.56-.56-1.12-.56-1.68s.56-1.12,1.12-1.12l13.44-2.8,4.47-12.31c0-.56,.56-1.12,1.12-1.12s1.12,0,1.68,.56l6.72,12.32,14-.56c.56,0,1.12,.56,1.12,1.12s0,1.12-.56,1.68h0Zm-.56-182.56l-14-.56-6.72,12.32c0,.56-.56,.56-1.12,.56s-1.12-.56-1.12-1.12l-3.92-13.44-13.44-2.8c-.56,0-1.12-.56-1.12-1.12s0-1.12,.56-1.68l11.2-7.84-1.68-14c0-.56,0-1.12,.56-1.68,.56-.56,1.12,0,1.68,0l11.2,8.4,12.32-6.16h1.68c.56,0,.56,1.12,.56,1.68l-4.48,12.88,9.52,10.08c.56,.56,.56,1.12,.56,1.68-1.11,2.81-1.67,2.81-2.23,2.81h0Zm58.24,213.92l-14,1.12-5.6,12.88c0,.56-.56,1.12-1.12,1.12s-1.12-.56-1.12-1.12l-5.6-12.88-14-1.12c-.56,0-1.12-.56-1.12-1.12s0-1.12,.56-1.68l10.65-8.96-3.36-13.44c0-.56,0-1.12,.56-1.68s1.12-.56,1.68,0l11.76,7.28,11.76-7.28c.56-.56,1.12-.56,1.68,0s.56,1.12,.56,1.68l-2.8,13.44,10.64,8.96c.56,.56,.56,1.12,.56,1.68-.56,.56-1.12,1.12-1.68,1.12h0Zm1.68-244.72l-10.64,8.96,3.36,13.44c0,.56,0,1.12-.56,1.68s-1.12,.56-1.68,0l-12.32-7.28-11.76,7.28h-.56q-.56,0-1.12-.56c-.56-.56-.56-1.12-.56-1.68l3.36-13.44-10.64-8.96c-.56-.56-.56-1.12-.56-1.68s.56-1.12,1.12-1.12l14-1.12,5.6-12.88c0-.56,.56-1.12,1.12-1.12s1.12,.56,1.12,1.12l5.6,12.88,14,1.12c.56,0,1.12,.56,1.12,1.12,.55,1.12,0,1.68,0,2.24h0Zm57.68,217.84l-11.2,7.84,1.68,14c0,.56,0,1.12-.56,1.68h-.56q-.56,0-1.12-.56l-11.2-8.4-12.88,6.16h-1.68c-.56-.56-.56-1.12-.56-1.68l4.48-12.88-9.52-10.08c-.56-.56-.56-1.12-.56-1.68s.56-1.12,1.12-1.12l14,.56,6.72-12.32c.56-.56,1.12-1.12,1.68-.56,.56,0,1.12,.56,1.12,1.12l3.92,13.44,13.44,2.8c.56,0,1.12,.56,1.12,1.12,1.11-.57,1.11,0,.55,.55Zm38.64-26.88l-14-1.68-7.84,11.2c0,.56-.56,.56-1.12,.56h-.56c-.56,0-1.12-.56-1.12-1.12l-2.8-13.44-12.32-3.91c-.56,0-1.12-.56-1.12-1.12s0-1.12,.56-1.68l12.32-6.72-.55-14c0-.56,.56-1.12,1.12-1.12h1.68l10.08,9.52,12.88-4.48c.56,0,1.12,0,1.68,.56s.56,1.12,0,1.68l-6.16,12.32,8.4,11.2c.56,.56,.56,1.12,0,1.68,.56,.57-.56,1.12-1.12,.57h0Zm19.6-68.32l-12.88,5.6-1.12,14c0,.56-.56,1.12-1.12,1.12h-.56q-.56,0-1.12-.56l-8.96-10.64-13.44,3.36c-.56,0-1.12,0-1.68-.56s-.56-1.12,0-1.68l7.28-11.76-7.28-11.76c-.56-.56-.56-1.12,0-1.68s1.12-.56,1.68-.56l13.44,3.36,8.96-10.64c.56-.56,1.12-.56,1.68-.56s1.12,.56,1.12,1.12l1.12,14,12.88,5.6c.56,0,1.12,.56,1.12,1.12-.56,0-.56,.56-1.12,1.12h0Z\"><\/path><\/g><\/svg>\t\t\t<\/div>\n\t\t<\/div>\n\t\t\t\t\t\t<\/div>\n\t\t\t\t\t<\/div>\n\t\t<\/div>\n\t\t\t\t<div class=\"elementor-column elementor-col-50 elementor-top-column elementor-element elementor-element-ddb24c1\" data-id=\"ddb24c1\" data-element_type=\"column\" data-e-type=\"column\">\n\t\t\t<div class=\"elementor-widget-wrap elementor-element-populated\">\n\t\t\t\t\t\t<div class=\"elementor-element elementor-element-9a1f863 elementor-widget elementor-widget-text-editor\" data-id=\"9a1f863\" data-element_type=\"widget\" data-e-type=\"widget\" data-widget_type=\"text-editor.default\">\n\t\t\t\t\t\t\t\t\t<p>\ud83c\uddea\ud83c\uddfa Clients de l&rsquo;Union europ\u00e9enne,<\/p>\n<p>Toutes les commandes de produits physiques <b>inf\u00e9rieures \u00e0 150 \u20ac \/ \u00a3135 seront d\u00e9sormais vendues TTC et exp\u00e9di\u00e9es sans frais de douane suppl\u00e9mentaires*<\/b>. <\/p>\n<p>Les commandes sup\u00e9rieures \u00e0 \u20ac 150 \/ \u00a3 135 seront vendues hors taxes, et la taxe de votre pays devra \u00eatre pay\u00e9e \u00e0 la livraison avec d&rsquo;\u00e9ventuels frais de douane \u00e0 votre bureau de poste.<\/p>\n<p><i>*Si votre bureau de poste vous demande de payer des frais suppl\u00e9mentaires de TVA \u00e0 la livraison alors que vous les avez d\u00e9j\u00e0 pay\u00e9s sur notre site web (pour les commandes inf\u00e9rieures \u00e0 150 \u20ac \/ 135 \u00a3 uniquement), veuillez nous contacter par e-mail avec votre re\u00e7u afin que nous puissions vous rembourser cet exc\u00e9dent. Certains syst\u00e8mes europ\u00e9ens ne sont peut-\u00eatre pas \u00e0 jour, mais vous n&rsquo;\u00eates pas cens\u00e9 payer la TVA deux fois.<\/i><\/p>\n\t\t\t\t\t\t\t\t<\/div>\n\t\t\t\t\t<\/div>\n\t\t<\/div>\n\t\t\t\t\t<\/div>\n\t\t<\/section>\n\t\t\t\t<\/div>\n\t\t","protected":false},"excerpt":{"rendered":"<p>Home Cette r\u00e8gle ne s&rsquo;applique pas aux patrons pdf dont les conditions de vente restent inchang\u00e9es. \ud83c\uddea\ud83c\uddfa Clients de l&rsquo;Union europ\u00e9enne, Toutes les commandes de produits physiques inf\u00e9rieures \u00e0 150 \u20ac \/ \u00a3135 seront d\u00e9sormais vendues TTC et exp\u00e9di\u00e9es sans frais de douane suppl\u00e9mentaires*. Les commandes sup\u00e9rieures \u00e0 \u20ac 150 \/ \u00a3 135 seront vendues [&hellip;]<\/p>\n","protected":false},"author":1,"featured_media":0,"parent":0,"menu_order":0,"comment_status":"closed","ping_status":"closed","template":"elementor_header_footer","meta":{"footnotes":""},"class_list":["post-54792","page","type-page","status-publish","hentry"],"yoast_head":"<!-- This site is optimized with the Yoast SEO plugin v27.4 - https:\/\/yoast.com\/product\/yoast-seo-wordpress\/ -->\n<title>Livraisons vers l&#039;Union Europ\u00e9enne - Along Avec Anna<\/title>\n<meta name=\"robots\" content=\"index, follow, max-snippet:-1, max-image-preview:large, max-video-preview:-1\" \/>\n<link rel=\"canonical\" href=\"https:\/\/www.alongavecanna.com\/fr\/livraisons-vers-lunion-europeenne\/\" \/>\n<meta property=\"og:locale\" content=\"fr_FR\" \/>\n<meta property=\"og:type\" content=\"article\" \/>\n<meta property=\"og:title\" content=\"Livraisons vers l&#039;Union Europ\u00e9enne - Along Avec Anna\" \/>\n<meta property=\"og:description\" content=\"Home Cette r\u00e8gle ne s&rsquo;applique pas aux patrons pdf dont les conditions de vente restent inchang\u00e9es. \ud83c\uddea\ud83c\uddfa Clients de l&rsquo;Union europ\u00e9enne, Toutes les commandes de produits physiques inf\u00e9rieures \u00e0 150 \u20ac \/ \u00a3135 seront d\u00e9sormais vendues TTC et exp\u00e9di\u00e9es sans frais de douane suppl\u00e9mentaires*. Les commandes sup\u00e9rieures \u00e0 \u20ac 150 \/ \u00a3 135 seront vendues [&hellip;]\" \/>\n<meta property=\"og:url\" content=\"https:\/\/www.alongavecanna.com\/fr\/livraisons-vers-lunion-europeenne\/\" \/>\n<meta property=\"og:site_name\" content=\"Along Avec Anna\" \/>\n<meta property=\"article:publisher\" content=\"https:\/\/facebook.com\/alongavecanna\" \/>\n<meta property=\"article:modified_time\" content=\"2023-02-05T15:11:14+00:00\" \/>\n<meta name=\"twitter:card\" content=\"summary_large_image\" \/>\n<meta name=\"twitter:label1\" content=\"Dur\u00e9e de lecture estim\u00e9e\" \/>\n\t<meta name=\"twitter:data1\" content=\"1 minute\" \/>\n<script type=\"application\/ld+json\" class=\"yoast-schema-graph\">{\"@context\":\"https:\\\/\\\/schema.org\",\"@graph\":[{\"@type\":\"WebPage\",\"@id\":\"https:\\\/\\\/www.alongavecanna.com\\\/fr\\\/livraisons-vers-lunion-europeenne\\\/\",\"url\":\"https:\\\/\\\/www.alongavecanna.com\\\/fr\\\/livraisons-vers-lunion-europeenne\\\/\",\"name\":\"Livraisons vers l'Union Europ\u00e9enne - Along Avec Anna\",\"isPartOf\":{\"@id\":\"https:\\\/\\\/www.alongavecanna.com\\\/fr\\\/#website\"},\"datePublished\":\"2023-02-03T22:29:44+00:00\",\"dateModified\":\"2023-02-05T15:11:14+00:00\",\"breadcrumb\":{\"@id\":\"https:\\\/\\\/www.alongavecanna.com\\\/fr\\\/livraisons-vers-lunion-europeenne\\\/#breadcrumb\"},\"inLanguage\":\"fr-FR\",\"potentialAction\":[{\"@type\":\"ReadAction\",\"target\":[\"https:\\\/\\\/www.alongavecanna.com\\\/fr\\\/livraisons-vers-lunion-europeenne\\\/\"]}]},{\"@type\":\"BreadcrumbList\",\"@id\":\"https:\\\/\\\/www.alongavecanna.com\\\/fr\\\/livraisons-vers-lunion-europeenne\\\/#breadcrumb\",\"itemListElement\":[{\"@type\":\"ListItem\",\"position\":1,\"name\":\"Home\",\"item\":\"https:\\\/\\\/www.alongavecanna.com\\\/fr\\\/\"},{\"@type\":\"ListItem\",\"position\":2,\"name\":\"Livraisons vers l&rsquo;Union Europ\u00e9enne\"}]},{\"@type\":\"WebSite\",\"@id\":\"https:\\\/\\\/www.alongavecanna.com\\\/fr\\\/#website\",\"url\":\"https:\\\/\\\/www.alongavecanna.com\\\/fr\\\/\",\"name\":\"Along Avec Anna\",\"description\":\"Ethical yarn &amp; timeless knitting patterns\",\"publisher\":{\"@id\":\"https:\\\/\\\/www.alongavecanna.com\\\/fr\\\/#organization\"},\"potentialAction\":[{\"@type\":\"SearchAction\",\"target\":{\"@type\":\"EntryPoint\",\"urlTemplate\":\"https:\\\/\\\/www.alongavecanna.com\\\/fr\\\/?s={search_term_string}\"},\"query-input\":{\"@type\":\"PropertyValueSpecification\",\"valueRequired\":true,\"valueName\":\"search_term_string\"}}],\"inLanguage\":\"fr-FR\"},{\"@type\":\"Organization\",\"@id\":\"https:\\\/\\\/www.alongavecanna.com\\\/fr\\\/#organization\",\"name\":\"Along Avec Anna\",\"url\":\"https:\\\/\\\/www.alongavecanna.com\\\/fr\\\/\",\"logo\":{\"@type\":\"ImageObject\",\"inLanguage\":\"fr-FR\",\"@id\":\"https:\\\/\\\/www.alongavecanna.com\\\/fr\\\/#\\\/schema\\\/logo\\\/image\\\/\",\"url\":\"https:\\\/\\\/www.alongavecanna.com\\\/wp-content\\\/uploads\\\/2023\\\/01\\\/logo-along-avec-anna.png\",\"contentUrl\":\"https:\\\/\\\/www.alongavecanna.com\\\/wp-content\\\/uploads\\\/2023\\\/01\\\/logo-along-avec-anna.png\",\"width\":1728,\"height\":627,\"caption\":\"Along Avec Anna\"},\"image\":{\"@id\":\"https:\\\/\\\/www.alongavecanna.com\\\/fr\\\/#\\\/schema\\\/logo\\\/image\\\/\"},\"sameAs\":[\"https:\\\/\\\/facebook.com\\\/alongavecanna\",\"https:\\\/\\\/www.instagram.com\\\/along.avec.anna\\\/\"]}]}<\/script>\n<!-- \/ Yoast SEO plugin. -->","yoast_head_json":{"title":"Livraisons vers l'Union Europ\u00e9enne - Along Avec Anna","robots":{"index":"index","follow":"follow","max-snippet":"max-snippet:-1","max-image-preview":"max-image-preview:large","max-video-preview":"max-video-preview:-1"},"canonical":"https:\/\/www.alongavecanna.com\/fr\/livraisons-vers-lunion-europeenne\/","og_locale":"fr_FR","og_type":"article","og_title":"Livraisons vers l'Union Europ\u00e9enne - Along Avec Anna","og_description":"Home Cette r\u00e8gle ne s&rsquo;applique pas aux patrons pdf dont les conditions de vente restent inchang\u00e9es. \ud83c\uddea\ud83c\uddfa Clients de l&rsquo;Union europ\u00e9enne, Toutes les commandes de produits physiques inf\u00e9rieures \u00e0 150 \u20ac \/ \u00a3135 seront d\u00e9sormais vendues TTC et exp\u00e9di\u00e9es sans frais de douane suppl\u00e9mentaires*. Les commandes sup\u00e9rieures \u00e0 \u20ac 150 \/ \u00a3 135 seront vendues [&hellip;]","og_url":"https:\/\/www.alongavecanna.com\/fr\/livraisons-vers-lunion-europeenne\/","og_site_name":"Along Avec Anna","article_publisher":"https:\/\/facebook.com\/alongavecanna","article_modified_time":"2023-02-05T15:11:14+00:00","twitter_card":"summary_large_image","twitter_misc":{"Dur\u00e9e de lecture estim\u00e9e":"1 minute"},"schema":{"@context":"https:\/\/schema.org","@graph":[{"@type":"WebPage","@id":"https:\/\/www.alongavecanna.com\/fr\/livraisons-vers-lunion-europeenne\/","url":"https:\/\/www.alongavecanna.com\/fr\/livraisons-vers-lunion-europeenne\/","name":"Livraisons vers l'Union Europ\u00e9enne - Along Avec Anna","isPartOf":{"@id":"https:\/\/www.alongavecanna.com\/fr\/#website"},"datePublished":"2023-02-03T22:29:44+00:00","dateModified":"2023-02-05T15:11:14+00:00","breadcrumb":{"@id":"https:\/\/www.alongavecanna.com\/fr\/livraisons-vers-lunion-europeenne\/#breadcrumb"},"inLanguage":"fr-FR","potentialAction":[{"@type":"ReadAction","target":["https:\/\/www.alongavecanna.com\/fr\/livraisons-vers-lunion-europeenne\/"]}]},{"@type":"BreadcrumbList","@id":"https:\/\/www.alongavecanna.com\/fr\/livraisons-vers-lunion-europeenne\/#breadcrumb","itemListElement":[{"@type":"ListItem","position":1,"name":"Home","item":"https:\/\/www.alongavecanna.com\/fr\/"},{"@type":"ListItem","position":2,"name":"Livraisons vers l&rsquo;Union Europ\u00e9enne"}]},{"@type":"WebSite","@id":"https:\/\/www.alongavecanna.com\/fr\/#website","url":"https:\/\/www.alongavecanna.com\/fr\/","name":"Along Avec Anna","description":"Ethical yarn &amp; timeless knitting patterns","publisher":{"@id":"https:\/\/www.alongavecanna.com\/fr\/#organization"},"potentialAction":[{"@type":"SearchAction","target":{"@type":"EntryPoint","urlTemplate":"https:\/\/www.alongavecanna.com\/fr\/?s={search_term_string}"},"query-input":{"@type":"PropertyValueSpecification","valueRequired":true,"valueName":"search_term_string"}}],"inLanguage":"fr-FR"},{"@type":"Organization","@id":"https:\/\/www.alongavecanna.com\/fr\/#organization","name":"Along Avec Anna","url":"https:\/\/www.alongavecanna.com\/fr\/","logo":{"@type":"ImageObject","inLanguage":"fr-FR","@id":"https:\/\/www.alongavecanna.com\/fr\/#\/schema\/logo\/image\/","url":"https:\/\/www.alongavecanna.com\/wp-content\/uploads\/2023\/01\/logo-along-avec-anna.png","contentUrl":"https:\/\/www.alongavecanna.com\/wp-content\/uploads\/2023\/01\/logo-along-avec-anna.png","width":1728,"height":627,"caption":"Along Avec Anna"},"image":{"@id":"https:\/\/www.alongavecanna.com\/fr\/#\/schema\/logo\/image\/"},"sameAs":["https:\/\/facebook.com\/alongavecanna","https:\/\/www.instagram.com\/along.avec.anna\/"]}]}},"_links":{"self":[{"href":"https:\/\/www.alongavecanna.com\/fr\/wp-json\/wp\/v2\/pages\/54792","targetHints":{"allow":["GET"]}}],"collection":[{"href":"https:\/\/www.alongavecanna.com\/fr\/wp-json\/wp\/v2\/pages"}],"about":[{"href":"https:\/\/www.alongavecanna.com\/fr\/wp-json\/wp\/v2\/types\/page"}],"author":[{"embeddable":true,"href":"https:\/\/www.alongavecanna.com\/fr\/wp-json\/wp\/v2\/users\/1"}],"replies":[{"embeddable":true,"href":"https:\/\/www.alongavecanna.com\/fr\/wp-json\/wp\/v2\/comments?post=54792"}],"version-history":[{"count":0,"href":"https:\/\/www.alongavecanna.com\/fr\/wp-json\/wp\/v2\/pages\/54792\/revisions"}],"wp:attachment":[{"href":"https:\/\/www.alongavecanna.com\/fr\/wp-json\/wp\/v2\/media?parent=54792"}],"curies":[{"name":"wp","href":"https:\/\/api.w.org\/{rel}","templated":true}]}}